{"id":359487,"date":"2025-06-21T07:49:04","date_gmt":"2025-06-21T07:49:04","guid":{"rendered":"https:\/\/occasions-teile.ch\/product\/ford-ranger-sicherheitsgurte-vorne\/"},"modified":"2026-03-18T08:02:51","modified_gmt":"2026-03-18T08:02:51","slug":"ford-ranger-sicherheitsgurte-vorne","status":"publish","type":"product","link":"https:\/\/occasions-teile.ch\/fr\/produkt\/ford-ranger-sicherheitsgurte-vorne\/","title":{"rendered":"Ford Ranger Sicherungskasten Relaistr\u00e4ger"},"content":{"rendered":"<p><b>Technische Daten<\/b><\/p>\n<p>Fahrzeug: Ford Ranger TDCI<br \/>\nChassis Nr.: 6FPPXXMJ2PLE24628<br \/>\nBaujahr: 2021<br \/>\nKilometer: 72066 KM<br \/>\nLeistung: 212 KW<br \/>\nHubraum: 1996 ccm<br \/>\nTyp: 3FJ627<br \/>\nFarbcode: Schwarz<br \/>\nHinweise: &#8211;<\/p>\n<p>Versand: Versand nur in der Schweiz m\u00f6glich.Im Ausland ist der Transport k\u00e4uferseits.<br \/>\nGarantie: 3 Monate Garantie. Bitte beachten Sie, dass die Gew\u00e4hrleistung nur g\u00fcltig ist, wenn der Ersatzteileinbau durch eine Fachwerkstatt\/Meisterwerkstatt erfolgt. Das Ein- und Ausbau des Ersatzteiles kann nicht an uns verrechnet werden.<\/p>\n<p>Ersatzteil: f\u00fcr andere Fahrzeugen (Marken) verf\u00fcgbar auf anfrage. Tel.041 980 27 47. Mobil. 076 589 27 47<\/p>\n<p>Kontakt<br \/>\nAdresse: Autoverwertung Brun AG<br \/>\nM\u00f6\u00f6slimatten 13<br \/>\n6218 Ettiswil<br \/>\nTelefon: 0041 (041) 980 27 47<br \/>\nTelefax: 0041 (041) 980 03 47<\/p>\n<p>Wir bieten Ihnen weitere gebrauchte Autoteile zum Kauf an.<br \/>\nTags: Sicherheitsgurte vorne, Seat belts front , Ceintures de se\u00b4curite\u00b4 a` l&rsquo;avant<\/p>\n","protected":false},"excerpt":{"rendered":"<p>Technische Daten Fahrzeug: Ford Ranger TDCI Chassis Nr.: 6FPPXXMJ2PLE24628 Baujahr: 2021 Kilometer: 72066 KM Leistung: 212 KW Hubraum: 1996 ccm Typ: 3FJ627 Farbcode: Schwarz Hinweise: &#8211; Versand: Versand nur in der Schweiz m\u00f6glich.Im Ausland ist der Transport k\u00e4uferseits. Garantie: 3 Monate Garantie. Bitte beachten Sie, dass die Gew\u00e4hrleistung nur g\u00fcltig ist, wenn der Ersatzteileinbau durch&hellip; <a class=\"more-link\" href=\"https:\/\/occasions-teile.ch\/fr\/produkt\/ford-ranger-sicherheitsgurte-vorne\/\">Poursuivre la lecture <span class=\"screen-reader-text\">Ford Ranger Sicherungskasten Relaistr\u00e4ger<\/span><\/a><\/p>\n","protected":false},"featured_media":359484,"template":"","meta":[],"product_brand":[],"product_cat":[24536,1586,1827,804,2065,1828],"product_tag":[],"class_list":{"0":"post-359487","1":"product","2":"type-product","3":"status-publish","4":"has-post-thumbnail","6":"product_cat-de-6fppxxmj2ple24628-200000479","7":"product_cat-de_ford","8":"product_cat-de-gurtegurtschloesser","9":"product_cat-de-innenraum","10":"product_cat-de_ranger","11":"product_cat-de-sicherheitsgurte-vorne","12":"product_shipping_class-tarif-1","13":"entry","15":"first","16":"instock","17":"taxable","18":"shipping-taxable","19":"purchasable","20":"product-type-simple"},"jetpack_sharing_enabled":true,"_links":{"self":[{"href":"https:\/\/occasions-teile.ch\/fr\/wp-json\/wp\/v2\/product\/359487","targetHints":{"allow":["GET"]}}],"collection":[{"href":"https:\/\/occasions-teile.ch\/fr\/wp-json\/wp\/v2\/product"}],"about":[{"href":"https:\/\/occasions-teile.ch\/fr\/wp-json\/wp\/v2\/types\/product"}],"wp:featuredmedia":[{"embeddable":true,"href":"https:\/\/occasions-teile.ch\/fr\/wp-json\/wp\/v2\/media\/359484"}],"wp:attachment":[{"href":"https:\/\/occasions-teile.ch\/fr\/wp-json\/wp\/v2\/media?parent=359487"}],"wp:term":[{"taxonomy":"product_brand","embeddable":true,"href":"https:\/\/occasions-teile.ch\/fr\/wp-json\/wp\/v2\/product_brand?post=359487"},{"taxonomy":"product_cat","embeddable":true,"href":"https:\/\/occasions-teile.ch\/fr\/wp-json\/wp\/v2\/product_cat?post=359487"},{"taxonomy":"product_tag","embeddable":true,"href":"https:\/\/occasions-teile.ch\/fr\/wp-json\/wp\/v2\/product_tag?post=359487"}],"curies":[{"name":"wp","href":"https:\/\/api.w.org\/{rel}","templated":true}]}}