{"id":358797,"date":"2025-06-16T07:53:11","date_gmt":"2025-06-16T07:53:11","guid":{"rendered":"https:\/\/occasions-teile.ch\/product\/porsche-panamera-schaltbetaetigung-schaltkulisse-2\/"},"modified":"2025-06-16T07:53:21","modified_gmt":"2025-06-16T07:53:21","slug":"porsche-panamera-schaltbetaetigung-schaltkulisse-2","status":"publish","type":"product","link":"https:\/\/occasions-teile.ch\/fr\/produkt\/porsche-panamera-schaltbetaetigung-schaltkulisse-2\/","title":{"rendered":"Porsche Panamera  Schaltbet\u00e4tigung Schaltkulisse"},"content":{"rendered":"<p><span><b>Technische Daten<\/b><\/p>\n<p> Fahrzeug: Porsche Panamera<br \/>\n Chassis Nr.: WP0ZZZ97ZEL040657<br \/>\n Baujahr: 2014<br \/>\n Kilometer: 228246 KM<br \/>\n Leistung: 416 KW<br \/>\n Hubraum: 2995 ccm<br \/>\n Typ: 1PF554<br \/>\n Farbcode: silber<br \/>\n Hinweise: &#8211;<\/p>\n<p> Versand: Versand nur in der Schweiz m\u00f6glich.Im Ausland ist der Transport k\u00e4uferseits.<br \/>\n Garantie: 3 Monate Garantie. Bitte beachten Sie, dass die Gew\u00e4hrleistung nur g\u00fcltig ist, wenn der Ersatzteileinbau durch eine Fachwerkstatt\/Meisterwerkstatt erfolgt. Das Ein- und Ausbau des Ersatzteiles kann nicht an uns verrechnet werden. <\/p>\n<p> Ersatzteil: f\u00fcr andere Fahrzeugen (Marken) verf\u00fcgbar auf anfrage. Tel.041 980 27 47. Mobil. 076 589 27 47<\/p>\n<p> Kontakt<br \/>\n  Adresse: Autoverwertung Brun AG<br \/>\n           M\u00f6\u00f6slimatten 13<br \/>\n           6218 Ettiswil<br \/>\n  Telefon: 0041 (041) 980 27 47<br \/>\n  Telefax: 0041 (041) 980 03 47<\/p>\n<p> Wir bieten Ihnen weitere gebrauchte Autoteile zum Kauf an.<br \/>\n Tags: Schaltbet\u00e4tigung Schaltkulisse , Shift operation, Commande de changement de vitesse<br \/>\n<\/span><\/p>\n","protected":false},"excerpt":{"rendered":"<p>Technische Daten Fahrzeug: Porsche Panamera Chassis Nr.: WP0ZZZ97ZEL040657 Baujahr: 2014 Kilometer: 228246 KM Leistung: 416 KW Hubraum: 2995 ccm Typ: 1PF554 Farbcode: silber Hinweise: &#8211; Versand: Versand nur in der Schweiz m\u00f6glich.Im Ausland ist der Transport k\u00e4uferseits. Garantie: 3 Monate Garantie. Bitte beachten Sie, dass die Gew\u00e4hrleistung nur g\u00fcltig ist, wenn der Ersatzteileinbau durch eine&hellip; <a class=\"more-link\" href=\"https:\/\/occasions-teile.ch\/fr\/produkt\/porsche-panamera-schaltbetaetigung-schaltkulisse-2\/\">Poursuivre la lecture <span class=\"screen-reader-text\">Porsche Panamera  Schaltbet\u00e4tigung Schaltkulisse<\/span><\/a><\/p>\n","protected":false},"featured_media":358794,"template":"","meta":[],"product_brand":[],"product_cat":[913,914,651,648,4711,4709,4710,2981,2982,2983,909,910,911,912,654,24533,24534,24535],"product_tag":[],"class_list":{"0":"post-358797","1":"product","2":"type-product","3":"status-publish","4":"has-post-thumbnail","6":"product_cat-fr-commande-de-changement-de-vitesse","7":"product_cat-fr-commande-de-changement-de-vitesse-fr-commande-de-changement-de-vitesse","8":"product_cat-en-gearbox-drive","9":"product_cat-de-getriebe-antrieb","10":"product_cat-fr_slug_porsche_panamera_719","11":"product_cat-de_slug_porsche_panamera_702","12":"product_cat-en_slug_porsche_panamera_884","13":"product_cat-de_porsche","14":"product_cat-en_porsche","15":"product_cat-fr_porsche","16":"product_cat-de-schaltbetaetigung","17":"product_cat-de-schaltbetaetigung-de-schaltbetaetigung","18":"product_cat-en-shift-operation","19":"product_cat-en-shift-operation-en-shift-operation","20":"product_cat-fr-transmission-entrainement","21":"product_cat-de-wp0zzz97zel040657-200000477","22":"product_cat-en-wp0zzz97zel040657-200000477","23":"product_cat-fr-wp0zzz97zel040657-200000477","24":"product_shipping_class-tarif-1","25":"entry","27":"first","28":"instock","29":"taxable","30":"shipping-taxable","31":"purchasable","32":"product-type-simple"},"jetpack_sharing_enabled":true,"_links":{"self":[{"href":"https:\/\/occasions-teile.ch\/fr\/wp-json\/wp\/v2\/product\/358797","targetHints":{"allow":["GET"]}}],"collection":[{"href":"https:\/\/occasions-teile.ch\/fr\/wp-json\/wp\/v2\/product"}],"about":[{"href":"https:\/\/occasions-teile.ch\/fr\/wp-json\/wp\/v2\/types\/product"}],"wp:featuredmedia":[{"embeddable":true,"href":"https:\/\/occasions-teile.ch\/fr\/wp-json\/wp\/v2\/media\/358794"}],"wp:attachment":[{"href":"https:\/\/occasions-teile.ch\/fr\/wp-json\/wp\/v2\/media?parent=358797"}],"wp:term":[{"taxonomy":"product_brand","embeddable":true,"href":"https:\/\/occasions-teile.ch\/fr\/wp-json\/wp\/v2\/product_brand?post=358797"},{"taxonomy":"product_cat","embeddable":true,"href":"https:\/\/occasions-teile.ch\/fr\/wp-json\/wp\/v2\/product_cat?post=358797"},{"taxonomy":"product_tag","embeddable":true,"href":"https:\/\/occasions-teile.ch\/fr\/wp-json\/wp\/v2\/product_tag?post=358797"}],"curies":[{"name":"wp","href":"https:\/\/api.w.org\/{rel}","templated":true}]}}