{"id":357788,"date":"2025-06-04T13:05:52","date_gmt":"2025-06-04T13:05:52","guid":{"rendered":"https:\/\/occasions-teile.ch\/product\/vw-golf-achsschenkel-vorne-links-5\/"},"modified":"2025-06-04T13:06:03","modified_gmt":"2025-06-04T13:06:03","slug":"vw-golf-achsschenkel-vorne-links-5","status":"publish","type":"product","link":"https:\/\/occasions-teile.ch\/fr\/produkt\/vw-golf-achsschenkel-vorne-links-5\/","title":{"rendered":"VW Golf  Achsschenkel vorne links"},"content":{"rendered":"<p><span><b>Technische Daten<\/b><\/p>\n<p> Fahrzeug: VW Golf<br \/>\n Chassis Nr.: WVWZZZ1KZAM696503<br \/>\n Baujahr: 2010<br \/>\n Kilometer: 164939 KM<br \/>\n Leistung: 122 KW<br \/>\n Hubraum: 1390 ccm<br \/>\n Typ: 1VD649<br \/>\n Farbcode: silber<br \/>\n Hinweise: &#8211;<\/p>\n<p> Versand: Versand nur in der Schweiz m\u00f6glich.Im Ausland ist der Transport k\u00e4uferseits.<br \/>\n Garantie: 3 Monate Garantie. Bitte beachten Sie, dass die Gew\u00e4hrleistung nur g\u00fcltig ist, wenn der Ersatzteileinbau durch eine Fachwerkstatt\/Meisterwerkstatt erfolgt. Das Ein- und Ausbau des Ersatzteiles kann nicht an uns verrechnet werden. <\/p>\n<p> Ersatzteil: f\u00fcr andere Fahrzeugen (Marken) verf\u00fcgbar auf anfrage. Tel.041 980 27 47. Mobil. 076 589 27 47<\/p>\n<p> Kontakt<br \/>\n  Adresse: Autoverwertung Brun AG<br \/>\n           M\u00f6\u00f6slimatten 13<br \/>\n           6218 Ettiswil<br \/>\n  Telefon: 0041 (041) 980 27 47<br \/>\n  Telefax: 0041 (041) 980 03 47<\/p>\n<p> Wir bieten Ihnen weitere gebrauchte Autoteile zum Kauf an.<br \/>\n Tags: Achsschenkel vorne links, Knuckle front left , Fuse\u00b4e d&rsquo;essieu avant gauche<br \/>\n<\/span><\/p>\n","protected":false},"excerpt":{"rendered":"<p>Technische Daten Fahrzeug: VW Golf Chassis Nr.: WVWZZZ1KZAM696503 Baujahr: 2010 Kilometer: 164939 KM Leistung: 122 KW Hubraum: 1390 ccm Typ: 1VD649 Farbcode: silber Hinweise: &#8211; Versand: Versand nur in der Schweiz m\u00f6glich.Im Ausland ist der Transport k\u00e4uferseits. Garantie: 3 Monate Garantie. Bitte beachten Sie, dass die Gew\u00e4hrleistung nur g\u00fcltig ist, wenn der Ersatzteileinbau durch eine&hellip; <a class=\"more-link\" href=\"https:\/\/occasions-teile.ch\/fr\/produkt\/vw-golf-achsschenkel-vorne-links-5\/\">Poursuivre la lecture <span class=\"screen-reader-text\">VW Golf  Achsschenkel vorne links<\/span><\/a><\/p>\n","protected":false},"featured_media":357785,"template":"","meta":[],"product_brand":[],"product_cat":[542,543,544,541,549,548,1287,1281,1284,546,545,547,1286,1280,1283,24523,24521,24522],"product_tag":[],"class_list":{"0":"post-357788","1":"product","2":"type-product","3":"status-publish","4":"has-post-thumbnail","6":"product_cat-de-achsschenkel-radnaben","7":"product_cat-de-achsschenkelvornlinks","8":"product_cat-en-chassis-steering","9":"product_cat-de-fahrwerk-lenkung","10":"product_cat-fr-fusee-dessieu-avant-gauche","11":"product_cat-fr-fusees-de-roue-moyeux-de-roue","12":"product_cat-fr_golf","13":"product_cat-de_golf","14":"product_cat-en_golf","15":"product_cat-en-knuckle-front-left","16":"product_cat-en-steering-knuckle-wheel-hubs","17":"product_cat-fr-train-de-roulement-direction","18":"product_cat-fr_volkswagen","19":"product_cat-de_volkswagen","20":"product_cat-en_volkswagen","21":"product_cat-fr-wvwzzz1kzam696503-200000475","22":"product_cat-de-wvwzzz1kzam696503-200000475","23":"product_cat-en-wvwzzz1kzam696503-200000475","24":"product_shipping_class-tarif-2","25":"entry","27":"first","28":"instock","29":"taxable","30":"shipping-taxable","31":"purchasable","32":"product-type-simple"},"jetpack_sharing_enabled":true,"_links":{"self":[{"href":"https:\/\/occasions-teile.ch\/fr\/wp-json\/wp\/v2\/product\/357788","targetHints":{"allow":["GET"]}}],"collection":[{"href":"https:\/\/occasions-teile.ch\/fr\/wp-json\/wp\/v2\/product"}],"about":[{"href":"https:\/\/occasions-teile.ch\/fr\/wp-json\/wp\/v2\/types\/product"}],"wp:featuredmedia":[{"embeddable":true,"href":"https:\/\/occasions-teile.ch\/fr\/wp-json\/wp\/v2\/media\/357785"}],"wp:attachment":[{"href":"https:\/\/occasions-teile.ch\/fr\/wp-json\/wp\/v2\/media?parent=357788"}],"wp:term":[{"taxonomy":"product_brand","embeddable":true,"href":"https:\/\/occasions-teile.ch\/fr\/wp-json\/wp\/v2\/product_brand?post=357788"},{"taxonomy":"product_cat","embeddable":true,"href":"https:\/\/occasions-teile.ch\/fr\/wp-json\/wp\/v2\/product_cat?post=357788"},{"taxonomy":"product_tag","embeddable":true,"href":"https:\/\/occasions-teile.ch\/fr\/wp-json\/wp\/v2\/product_tag?post=357788"}],"curies":[{"name":"wp","href":"https:\/\/api.w.org\/{rel}","templated":true}]}}