{"id":357767,"date":"2025-06-04T12:43:19","date_gmt":"2025-06-04T12:43:19","guid":{"rendered":"https:\/\/occasions-teile.ch\/product\/vw-golf-fahrersitz-4\/"},"modified":"2025-06-04T12:43:30","modified_gmt":"2025-06-04T12:43:30","slug":"vw-golf-fahrersitz-4","status":"publish","type":"product","link":"https:\/\/occasions-teile.ch\/fr\/produkt\/vw-golf-fahrersitz-4\/","title":{"rendered":"VW Golf  Fahrersitz"},"content":{"rendered":"<p><span><b>Technische Daten<\/b><\/p>\n<p> Fahrzeug: VW Golf<br \/>\n Chassis Nr.: WVWZZZ1KZAM696503<br \/>\n Baujahr: 2010<br \/>\n Kilometer: 164939 KM<br \/>\n Leistung: 122 KW<br \/>\n Hubraum: 1390 ccm<br \/>\n Typ: 1VD649<br \/>\n Farbcode: silber<br \/>\n Hinweise: &#8211;<\/p>\n<p> Versand: Versand nur in der Schweiz m\u00f6glich.Im Ausland ist der Transport k\u00e4uferseits.<br \/>\n Garantie: 3 Monate Garantie. Bitte beachten Sie, dass die Gew\u00e4hrleistung nur g\u00fcltig ist, wenn der Ersatzteileinbau durch eine Fachwerkstatt\/Meisterwerkstatt erfolgt. Das Ein- und Ausbau des Ersatzteiles kann nicht an uns verrechnet werden. <\/p>\n<p> Ersatzteil: f\u00fcr andere Fahrzeugen (Marken) verf\u00fcgbar auf anfrage. Tel.041 980 27 47. Mobil. 076 589 27 47<\/p>\n<p> Kontakt<br \/>\n  Adresse: Autoverwertung Brun AG<br \/>\n           M\u00f6\u00f6slimatten 13<br \/>\n           6218 Ettiswil<br \/>\n  Telefon: 0041 (041) 980 27 47<br \/>\n  Telefax: 0041 (041) 980 03 47<\/p>\n<p> Wir bieten Ihnen weitere gebrauchte Autoteile zum Kauf an.<br \/>\n Tags: Fahrersitz, driver&rsquo;s seat, si\u00e8ge du conducteur<br \/>\n<\/span><\/p>\n","protected":false},"excerpt":{"rendered":"<p>Technische Daten Fahrzeug: VW Golf Chassis Nr.: WVWZZZ1KZAM696503 Baujahr: 2010 Kilometer: 164939 KM Leistung: 122 KW Hubraum: 1390 ccm Typ: 1VD649 Farbcode: silber Hinweise: &#8211; Versand: Versand nur in der Schweiz m\u00f6glich.Im Ausland ist der Transport k\u00e4uferseits. Garantie: 3 Monate Garantie. Bitte beachten Sie, dass die Gew\u00e4hrleistung nur g\u00fcltig ist, wenn der Ersatzteileinbau durch eine&hellip; <a class=\"more-link\" href=\"https:\/\/occasions-teile.ch\/fr\/produkt\/vw-golf-fahrersitz-4\/\">Poursuivre la lecture <span class=\"screen-reader-text\">VW Golf  Fahrersitz<\/span><\/a><\/p>\n","protected":false},"featured_media":357764,"template":"","meta":[],"product_brand":[],"product_cat":[1538,1819,1818,1284,1287,1281,804,810,807,1536,1820,1534,1283,1286,1280,24521,24522,24523],"product_tag":[],"class_list":{"0":"post-357767","1":"product","2":"type-product","3":"status-publish","4":"has-post-thumbnail","6":"product_cat-fr-autres","7":"product_cat-en-drivers-seat","8":"product_cat-de-fahrersitz","9":"product_cat-en_golf","10":"product_cat-fr_golf","11":"product_cat-de_golf","12":"product_cat-de-innenraum","13":"product_cat-fr-interieur","14":"product_cat-en-interior","15":"product_cat-en-other-en-interior","16":"product_cat-fr-siege-du-conducteur","17":"product_cat-de-sonstiges-de-innenraum","18":"product_cat-en_volkswagen","19":"product_cat-fr_volkswagen","20":"product_cat-de_volkswagen","21":"product_cat-de-wvwzzz1kzam696503-200000475","22":"product_cat-en-wvwzzz1kzam696503-200000475","23":"product_cat-fr-wvwzzz1kzam696503-200000475","24":"product_shipping_class-tarif-4","25":"entry","27":"first","28":"instock","29":"taxable","30":"shipping-taxable","31":"purchasable","32":"product-type-simple"},"jetpack_sharing_enabled":true,"_links":{"self":[{"href":"https:\/\/occasions-teile.ch\/fr\/wp-json\/wp\/v2\/product\/357767","targetHints":{"allow":["GET"]}}],"collection":[{"href":"https:\/\/occasions-teile.ch\/fr\/wp-json\/wp\/v2\/product"}],"about":[{"href":"https:\/\/occasions-teile.ch\/fr\/wp-json\/wp\/v2\/types\/product"}],"wp:featuredmedia":[{"embeddable":true,"href":"https:\/\/occasions-teile.ch\/fr\/wp-json\/wp\/v2\/media\/357764"}],"wp:attachment":[{"href":"https:\/\/occasions-teile.ch\/fr\/wp-json\/wp\/v2\/media?parent=357767"}],"wp:term":[{"taxonomy":"product_brand","embeddable":true,"href":"https:\/\/occasions-teile.ch\/fr\/wp-json\/wp\/v2\/product_brand?post=357767"},{"taxonomy":"product_cat","embeddable":true,"href":"https:\/\/occasions-teile.ch\/fr\/wp-json\/wp\/v2\/product_cat?post=357767"},{"taxonomy":"product_tag","embeddable":true,"href":"https:\/\/occasions-teile.ch\/fr\/wp-json\/wp\/v2\/product_tag?post=357767"}],"curies":[{"name":"wp","href":"https:\/\/api.w.org\/{rel}","templated":true}]}}