{"id":357558,"date":"2025-06-02T15:14:33","date_gmt":"2025-06-02T15:14:33","guid":{"rendered":"https:\/\/occasions-teile.ch\/product\/vw-t5-achsschenkel-vorne-links-2\/"},"modified":"2025-06-02T15:14:45","modified_gmt":"2025-06-02T15:14:45","slug":"vw-t5-achsschenkel-vorne-links-2","status":"publish","type":"product","link":"https:\/\/occasions-teile.ch\/fr\/produkt\/vw-t5-achsschenkel-vorne-links-2\/","title":{"rendered":"VW T5  Achsschenkel vorne links"},"content":{"rendered":"<p><span><b>Technische Daten<\/b><\/p>\n<p> Fahrzeug: VW T5<br \/>\n Chassis Nr.: WV1ZZZ7HZBH055981<br \/>\n Baujahr: 2011<br \/>\n Kilometer: 203600 KM<br \/>\n Leistung: 102 KW<br \/>\n Hubraum: 1968 ccm<br \/>\n Typ: 3VD640<br \/>\n Farbcode: rot<br \/>\n Hinweise: &#8211;<\/p>\n<p> Versand: Versand nur in der Schweiz m\u00f6glich.Im Ausland ist der Transport k\u00e4uferseits.<br \/>\n Garantie: 3 Monate Garantie. Bitte beachten Sie, dass die Gew\u00e4hrleistung nur g\u00fcltig ist, wenn der Ersatzteileinbau durch eine Fachwerkstatt\/Meisterwerkstatt erfolgt. Das Ein- und Ausbau des Ersatzteiles kann nicht an uns verrechnet werden. <\/p>\n<p> Ersatzteil: f\u00fcr andere Fahrzeugen (Marken) verf\u00fcgbar auf anfrage. Tel.041 980 27 47. Mobil. 076 589 27 47<\/p>\n<p> Kontakt<br \/>\n  Adresse: Autoverwertung Brun AG<br \/>\n           M\u00f6\u00f6slimatten 13<br \/>\n           6218 Ettiswil<br \/>\n  Telefon: 0041 (041) 980 27 47<br \/>\n  Telefax: 0041 (041) 980 03 47<\/p>\n<p> Wir bieten Ihnen weitere gebrauchte Autoteile zum Kauf an.<br \/>\n Tags: Achsschenkel vorne links, Knuckle front left , Fuse\u00b4e d&rsquo;essieu avant gauche<br \/>\n<\/span><\/p>\n","protected":false},"excerpt":{"rendered":"<p>Technische Daten Fahrzeug: VW T5 Chassis Nr.: WV1ZZZ7HZBH055981 Baujahr: 2011 Kilometer: 203600 KM Leistung: 102 KW Hubraum: 1968 ccm Typ: 3VD640 Farbcode: rot Hinweise: &#8211; Versand: Versand nur in der Schweiz m\u00f6glich.Im Ausland ist der Transport k\u00e4uferseits. Garantie: 3 Monate Garantie. Bitte beachten Sie, dass die Gew\u00e4hrleistung nur g\u00fcltig ist, wenn der Ersatzteileinbau durch eine&hellip; <a class=\"more-link\" href=\"https:\/\/occasions-teile.ch\/fr\/produkt\/vw-t5-achsschenkel-vorne-links-2\/\">Poursuivre la lecture <span class=\"screen-reader-text\">VW T5  Achsschenkel vorne links<\/span><\/a><\/p>\n","protected":false},"featured_media":357555,"template":"","meta":[],"product_brand":[],"product_cat":[542,543,544,541,549,548,546,545,1547,1549,1551,547,1286,1280,1283,24518,24519,24520],"product_tag":[],"class_list":{"0":"post-357558","1":"product","2":"type-product","3":"status-publish","4":"has-post-thumbnail","6":"product_cat-de-achsschenkel-radnaben","7":"product_cat-de-achsschenkelvornlinks","8":"product_cat-en-chassis-steering","9":"product_cat-de-fahrwerk-lenkung","10":"product_cat-fr-fusee-dessieu-avant-gauche","11":"product_cat-fr-fusees-de-roue-moyeux-de-roue","12":"product_cat-en-knuckle-front-left","13":"product_cat-en-steering-knuckle-wheel-hubs","14":"product_cat-de_t5","15":"product_cat-en_t5","16":"product_cat-fr_t5","17":"product_cat-fr-train-de-roulement-direction","18":"product_cat-fr_volkswagen","19":"product_cat-de_volkswagen","20":"product_cat-en_volkswagen","21":"product_cat-de-wv1zzz7hzbh055981-200000472","22":"product_cat-en-wv1zzz7hzbh055981-200000472","23":"product_cat-fr-wv1zzz7hzbh055981-200000472","24":"product_shipping_class-tarif-2","25":"entry","27":"first","28":"instock","29":"taxable","30":"shipping-taxable","31":"purchasable","32":"product-type-simple"},"jetpack_sharing_enabled":true,"_links":{"self":[{"href":"https:\/\/occasions-teile.ch\/fr\/wp-json\/wp\/v2\/product\/357558","targetHints":{"allow":["GET"]}}],"collection":[{"href":"https:\/\/occasions-teile.ch\/fr\/wp-json\/wp\/v2\/product"}],"about":[{"href":"https:\/\/occasions-teile.ch\/fr\/wp-json\/wp\/v2\/types\/product"}],"wp:featuredmedia":[{"embeddable":true,"href":"https:\/\/occasions-teile.ch\/fr\/wp-json\/wp\/v2\/media\/357555"}],"wp:attachment":[{"href":"https:\/\/occasions-teile.ch\/fr\/wp-json\/wp\/v2\/media?parent=357558"}],"wp:term":[{"taxonomy":"product_brand","embeddable":true,"href":"https:\/\/occasions-teile.ch\/fr\/wp-json\/wp\/v2\/product_brand?post=357558"},{"taxonomy":"product_cat","embeddable":true,"href":"https:\/\/occasions-teile.ch\/fr\/wp-json\/wp\/v2\/product_cat?post=357558"},{"taxonomy":"product_tag","embeddable":true,"href":"https:\/\/occasions-teile.ch\/fr\/wp-json\/wp\/v2\/product_tag?post=357558"}],"curies":[{"name":"wp","href":"https:\/\/api.w.org\/{rel}","templated":true}]}}