{"id":356795,"date":"2025-05-28T09:57:30","date_gmt":"2025-05-28T09:57:30","guid":{"rendered":"https:\/\/occasions-teile.ch\/product\/bmw-2-serien-220-navigation\/"},"modified":"2025-05-28T09:57:40","modified_gmt":"2025-05-28T09:57:40","slug":"bmw-2-serien-220-navigation","status":"publish","type":"product","link":"https:\/\/occasions-teile.ch\/fr\/produkt\/bmw-2-serien-220-navigation\/","title":{"rendered":"BMW 2-Serien 220 Navigation"},"content":{"rendered":"<p><span><b>Technische Daten<\/b><\/p>\n<p> Fahrzeug: BMW 2-Serien 220<br \/>\n Chassis Nr.: WBA1J110X0V251825<br \/>\n Baujahr: 2014<br \/>\n Kilometer: 114271 KM<br \/>\n Leistung: 184 KW<br \/>\n Hubraum: 1997 ccm<br \/>\n Typ: 1BE827<br \/>\n Farbcode: Schwarz<br \/>\n Hinweise: &#8211;<\/p>\n<p> Versand: Versand nur in der Schweiz m\u00f6glich.Im Ausland ist der Transport k\u00e4uferseits.<br \/>\n Garantie: 3 Monate Garantie. Bitte beachten Sie, dass die Gew\u00e4hrleistung nur g\u00fcltig ist, wenn der Ersatzteileinbau durch eine Fachwerkstatt\/Meisterwerkstatt erfolgt. Das Ein- und Ausbau des Ersatzteiles kann nicht an uns verrechnet werden. <\/p>\n<p> Ersatzteil: f\u00fcr andere Fahrzeugen (Marken) verf\u00fcgbar auf anfrage. Tel.041 980 27 47. Mobil. 076 589 27 47<\/p>\n<p> Kontakt<br \/>\n  Adresse: Autoverwertung Brun AG<br \/>\n           M\u00f6\u00f6slimatten 13<br \/>\n           6218 Ettiswil<br \/>\n  Telefon: 0041 (041) 980 27 47<br \/>\n  Telefax: 0041 (041) 980 03 47<\/p>\n<p> Wir bieten Ihnen weitere gebrauchte Autoteile zum Kauf an.<br \/>\n Tags: Navigation, Navigation systems , Syste`mes de navigation<br \/>\n<\/span><\/p>\n","protected":false},"excerpt":{"rendered":"<p>Technische Daten Fahrzeug: BMW 2-Serien 220 Chassis Nr.: WBA1J110X0V251825 Baujahr: 2014 Kilometer: 114271 KM Leistung: 184 KW Hubraum: 1997 ccm Typ: 1BE827 Farbcode: Schwarz Hinweise: &#8211; Versand: Versand nur in der Schweiz m\u00f6glich.Im Ausland ist der Transport k\u00e4uferseits. Garantie: 3 Monate Garantie. Bitte beachten Sie, dass die Gew\u00e4hrleistung nur g\u00fcltig ist, wenn der Ersatzteileinbau durch&hellip; <a class=\"more-link\" href=\"https:\/\/occasions-teile.ch\/fr\/produkt\/bmw-2-serien-220-navigation\/\">Poursuivre la lecture <span class=\"screen-reader-text\">BMW 2-Serien 220 Navigation<\/span><\/a><\/p>\n","protected":false},"featured_media":356792,"template":"","meta":[],"product_brand":[],"product_cat":[24166,24168,24170,1515,1509,1512,627,624,621,867,865,866,868,864,869,24516,24517,24515],"product_tag":[],"class_list":{"0":"post-356795","1":"product","2":"type-product","3":"status-publish","4":"has-post-thumbnail","6":"product_cat-de_slug_bmw_2-serien-220_537","7":"product_cat-en_slug_bmw_2-serien-220_541","8":"product_cat-fr_slug_bmw_2-serien-220_868","9":"product_cat-fr_bmw","10":"product_cat-de_bmw","11":"product_cat-en_bmw","12":"product_cat-fr-electricite-dispositifs-de-commande","13":"product_cat-en-electrics-control-units","14":"product_cat-de-elektrik-steuergeraete","15":"product_cat-en-navigation-systems","16":"product_cat-de-navigationssysteme","17":"product_cat-en-radio-navigation-phone","18":"product_cat-fr-radio-navigation-telephone","19":"product_cat-de-radio-navigation-telefon","20":"product_cat-fr-systemes-de-navigation","21":"product_cat-en-wba1j110x0v251825-200000473","22":"product_cat-fr-wba1j110x0v251825-200000473","23":"product_cat-de-wba1j110x0v251825-200000473","24":"product_shipping_class-tarif-1","25":"entry","27":"first","28":"instock","29":"taxable","30":"shipping-taxable","31":"purchasable","32":"product-type-simple"},"jetpack_sharing_enabled":true,"_links":{"self":[{"href":"https:\/\/occasions-teile.ch\/fr\/wp-json\/wp\/v2\/product\/356795","targetHints":{"allow":["GET"]}}],"collection":[{"href":"https:\/\/occasions-teile.ch\/fr\/wp-json\/wp\/v2\/product"}],"about":[{"href":"https:\/\/occasions-teile.ch\/fr\/wp-json\/wp\/v2\/types\/product"}],"wp:featuredmedia":[{"embeddable":true,"href":"https:\/\/occasions-teile.ch\/fr\/wp-json\/wp\/v2\/media\/356792"}],"wp:attachment":[{"href":"https:\/\/occasions-teile.ch\/fr\/wp-json\/wp\/v2\/media?parent=356795"}],"wp:term":[{"taxonomy":"product_brand","embeddable":true,"href":"https:\/\/occasions-teile.ch\/fr\/wp-json\/wp\/v2\/product_brand?post=356795"},{"taxonomy":"product_cat","embeddable":true,"href":"https:\/\/occasions-teile.ch\/fr\/wp-json\/wp\/v2\/product_cat?post=356795"},{"taxonomy":"product_tag","embeddable":true,"href":"https:\/\/occasions-teile.ch\/fr\/wp-json\/wp\/v2\/product_tag?post=356795"}],"curies":[{"name":"wp","href":"https:\/\/api.w.org\/{rel}","templated":true}]}}