{"id":356724,"date":"2025-05-27T15:39:39","date_gmt":"2025-05-27T15:39:39","guid":{"rendered":"https:\/\/occasions-teile.ch\/product\/opel-zafira-querlenker-vorn-rechts-3\/"},"modified":"2025-05-27T15:39:49","modified_gmt":"2025-05-27T15:39:49","slug":"opel-zafira-querlenker-vorn-rechts-3","status":"publish","type":"product","link":"https:\/\/occasions-teile.ch\/fr\/produkt\/opel-zafira-querlenker-vorn-rechts-3\/","title":{"rendered":"Opel Zafira  Querlenker vorn rechts"},"content":{"rendered":"<p><span><b>Technische Daten<\/b><\/p>\n<p> Fahrzeug: Opel Zafira<br \/>\n Chassis Nr.: W0LPC9E30F2017115<br \/>\n Baujahr: 2014<br \/>\n Kilometer: 243717 KM<br \/>\n Leistung: 136 KW<br \/>\n Hubraum: 1598 ccm<br \/>\n Typ: 1OB845<br \/>\n Farbcode: White\/Weiss<br \/>\n Hinweise: &#8211;<\/p>\n<p> Versand: Versand nur in der Schweiz m\u00f6glich.Im Ausland ist der Transport k\u00e4uferseits.<br \/>\n Garantie: 3 Monate Garantie. Bitte beachten Sie, dass die Gew\u00e4hrleistung nur g\u00fcltig ist, wenn der Ersatzteileinbau durch eine Fachwerkstatt\/Meisterwerkstatt erfolgt. Das Ein- und Ausbau des Ersatzteiles kann nicht an uns verrechnet werden. <\/p>\n<p> Ersatzteil: f\u00fcr andere Fahrzeugen (Marken) verf\u00fcgbar auf anfrage. Tel.041 980 27 47. Mobil. 076 589 27 47<\/p>\n<p> Kontakt<br \/>\n  Adresse: Autoverwertung Brun AG<br \/>\n           M\u00f6\u00f6slimatten 13<br \/>\n           6218 Ettiswil<br \/>\n  Telefon: 0041 (041) 980 27 47<br \/>\n  Telefax: 0041 (041) 980 03 47<\/p>\n<p> Wir bieten Ihnen weitere gebrauchte Autoteile zum Kauf an.<br \/>\n Tags: Querlenker vorn rechts, Wishbone front right , Bras de suspension avant droit<br \/>\n<\/span><\/p>\n","protected":false},"excerpt":{"rendered":"<p>Technische Daten Fahrzeug: Opel Zafira Chassis Nr.: W0LPC9E30F2017115 Baujahr: 2014 Kilometer: 243717 KM Leistung: 136 KW Hubraum: 1598 ccm Typ: 1OB845 Farbcode: White\/Weiss Hinweise: &#8211; Versand: Versand nur in der Schweiz m\u00f6glich.Im Ausland ist der Transport k\u00e4uferseits. Garantie: 3 Monate Garantie. Bitte beachten Sie, dass die Gew\u00e4hrleistung nur g\u00fcltig ist, wenn der Ersatzteileinbau durch eine&hellip; <a class=\"more-link\" href=\"https:\/\/occasions-teile.ch\/fr\/produkt\/opel-zafira-querlenker-vorn-rechts-3\/\">Poursuivre la lecture <span class=\"screen-reader-text\">Opel Zafira  Querlenker vorn rechts<\/span><\/a><\/p>\n","protected":false},"featured_media":356721,"template":"","meta":[],"product_brand":[],"product_cat":[793,803,544,541,613,616,619,789,801,547,24514,24512,24513,791,802,1415,1417,1419],"product_tag":[],"class_list":{"0":"post-356724","1":"product","2":"type-product","3":"status-publish","4":"has-post-thumbnail","6":"product_cat-fr-bras-de-suspension","7":"product_cat-fr-bras-de-suspension-avant-droit","8":"product_cat-en-chassis-steering","9":"product_cat-de-fahrwerk-lenkung","10":"product_cat-de_opel","11":"product_cat-en_opel","12":"product_cat-fr_opel","13":"product_cat-de-querlenker","14":"product_cat-de-querlenkervornrechts","15":"product_cat-fr-train-de-roulement-direction","16":"product_cat-fr-w0lpc9e30f2017115-200000470","17":"product_cat-de-w0lpc9e30f2017115-200000470","18":"product_cat-en-w0lpc9e30f2017115-200000470","19":"product_cat-en-wishbone","20":"product_cat-en-wishbone-front-right","21":"product_cat-de_zafira","22":"product_cat-en_zafira","23":"product_cat-fr_zafira","24":"product_shipping_class-tarif-1","25":"entry","27":"first","28":"instock","29":"taxable","30":"shipping-taxable","31":"purchasable","32":"product-type-simple"},"jetpack_sharing_enabled":true,"_links":{"self":[{"href":"https:\/\/occasions-teile.ch\/fr\/wp-json\/wp\/v2\/product\/356724","targetHints":{"allow":["GET"]}}],"collection":[{"href":"https:\/\/occasions-teile.ch\/fr\/wp-json\/wp\/v2\/product"}],"about":[{"href":"https:\/\/occasions-teile.ch\/fr\/wp-json\/wp\/v2\/types\/product"}],"wp:featuredmedia":[{"embeddable":true,"href":"https:\/\/occasions-teile.ch\/fr\/wp-json\/wp\/v2\/media\/356721"}],"wp:attachment":[{"href":"https:\/\/occasions-teile.ch\/fr\/wp-json\/wp\/v2\/media?parent=356724"}],"wp:term":[{"taxonomy":"product_brand","embeddable":true,"href":"https:\/\/occasions-teile.ch\/fr\/wp-json\/wp\/v2\/product_brand?post=356724"},{"taxonomy":"product_cat","embeddable":true,"href":"https:\/\/occasions-teile.ch\/fr\/wp-json\/wp\/v2\/product_cat?post=356724"},{"taxonomy":"product_tag","embeddable":true,"href":"https:\/\/occasions-teile.ch\/fr\/wp-json\/wp\/v2\/product_tag?post=356724"}],"curies":[{"name":"wp","href":"https:\/\/api.w.org\/{rel}","templated":true}]}}