{"id":356413,"date":"2025-05-26T07:31:11","date_gmt":"2025-05-26T07:31:11","guid":{"rendered":"https:\/\/occasions-teile.ch\/product\/vw-golf-wischermotor-vorne-14\/"},"modified":"2025-05-26T07:31:21","modified_gmt":"2025-05-26T07:31:21","slug":"vw-golf-wischermotor-vorne-14","status":"publish","type":"product","link":"https:\/\/occasions-teile.ch\/fr\/produkt\/vw-golf-wischermotor-vorne-14\/","title":{"rendered":"VW Golf  Wischermotor vorne"},"content":{"rendered":"<p><span><b>Technische Daten<\/b><\/p>\n<p> Fahrzeug: VW Golf<br \/>\n Chassis Nr.: WVWZZZAUZFW307074<br \/>\n Baujahr: 2015<br \/>\n Kilometer: 171977 KM<br \/>\n Leistung: 105 KW<br \/>\n Hubraum: 1598 ccm<br \/>\n Typ: 1VF108<br \/>\n Farbcode: Schwarz<br \/>\n Hinweise: &#8211;<\/p>\n<p> Versand: Versand nur in der Schweiz m\u00f6glich.Im Ausland ist der Transport k\u00e4uferseits.<br \/>\n Garantie: 3 Monate Garantie. Bitte beachten Sie, dass die Gew\u00e4hrleistung nur g\u00fcltig ist, wenn der Ersatzteileinbau durch eine Fachwerkstatt\/Meisterwerkstatt erfolgt. Das Ein- und Ausbau des Ersatzteiles kann nicht an uns verrechnet werden. <\/p>\n<p> Ersatzteil: f\u00fcr andere Fahrzeugen (Marken) verf\u00fcgbar auf anfrage. Tel.041 980 27 47. Mobil. 076 589 27 47<\/p>\n<p> Kontakt<br \/>\n  Adresse: Autoverwertung Brun AG<br \/>\n           M\u00f6\u00f6slimatten 13<br \/>\n           6218 Ettiswil<br \/>\n  Telefon: 0041 (041) 980 27 47<br \/>\n  Telefax: 0041 (041) 980 03 47<\/p>\n<p> Wir bieten Ihnen weitere gebrauchte Autoteile zum Kauf an.<br \/>\n Tags: Wischermotor vorne, Wiper motor front, Moteur d&rsquo;essuie-glace avant<br \/>\n<\/span><\/p>\n","protected":false},"excerpt":{"rendered":"<p>Technische Daten Fahrzeug: VW Golf Chassis Nr.: WVWZZZAUZFW307074 Baujahr: 2015 Kilometer: 171977 KM Leistung: 105 KW Hubraum: 1598 ccm Typ: 1VF108 Farbcode: Schwarz Hinweise: &#8211; Versand: Versand nur in der Schweiz m\u00f6glich.Im Ausland ist der Transport k\u00e4uferseits. Garantie: 3 Monate Garantie. Bitte beachten Sie, dass die Gew\u00e4hrleistung nur g\u00fcltig ist, wenn der Ersatzteileinbau durch eine&hellip; <a class=\"more-link\" href=\"https:\/\/occasions-teile.ch\/fr\/produkt\/vw-golf-wischermotor-vorne-14\/\">Poursuivre la lecture <span class=\"screen-reader-text\">VW Golf  Wischermotor vorne<\/span><\/a><\/p>\n","protected":false},"featured_media":356410,"template":"","meta":[],"product_brand":[],"product_cat":[1281,1284,1287,676,677,675,669,1283,1286,1280,672,673,674,670,671,24506,24507,24508],"product_tag":[],"class_list":{"0":"post-356413","1":"product","2":"type-product","3":"status-publish","4":"has-post-thumbnail","6":"product_cat-de_golf","7":"product_cat-en_golf","8":"product_cat-fr_golf","9":"product_cat-fr-moteur-dessuie-glace-avant","10":"product_cat-fr-moteur-dessuie-glace-avant-fr-moteur-dessuie-glace-avant","11":"product_cat-fr-nettoyage-des-vitres","12":"product_cat-de-scheibenreinigung","13":"product_cat-en_volkswagen","14":"product_cat-fr_volkswagen","15":"product_cat-de_volkswagen","16":"product_cat-en-window-cleaning","17":"product_cat-en-wiper-motor-front","18":"product_cat-en-wiper-motor-front-en-wiper-motor-front","19":"product_cat-de-wischermotorvorn","20":"product_cat-de-wischermotorvorn-de-wischermotorvorn","21":"product_cat-de-wvwzzzauzfw307074-200000468","22":"product_cat-en-wvwzzzauzfw307074-200000468","23":"product_cat-fr-wvwzzzauzfw307074-200000468","24":"product_shipping_class-tarif-1","25":"entry","27":"first","28":"instock","29":"taxable","30":"shipping-taxable","31":"purchasable","32":"product-type-simple"},"jetpack_sharing_enabled":true,"_links":{"self":[{"href":"https:\/\/occasions-teile.ch\/fr\/wp-json\/wp\/v2\/product\/356413","targetHints":{"allow":["GET"]}}],"collection":[{"href":"https:\/\/occasions-teile.ch\/fr\/wp-json\/wp\/v2\/product"}],"about":[{"href":"https:\/\/occasions-teile.ch\/fr\/wp-json\/wp\/v2\/types\/product"}],"wp:featuredmedia":[{"embeddable":true,"href":"https:\/\/occasions-teile.ch\/fr\/wp-json\/wp\/v2\/media\/356410"}],"wp:attachment":[{"href":"https:\/\/occasions-teile.ch\/fr\/wp-json\/wp\/v2\/media?parent=356413"}],"wp:term":[{"taxonomy":"product_brand","embeddable":true,"href":"https:\/\/occasions-teile.ch\/fr\/wp-json\/wp\/v2\/product_brand?post=356413"},{"taxonomy":"product_cat","embeddable":true,"href":"https:\/\/occasions-teile.ch\/fr\/wp-json\/wp\/v2\/product_cat?post=356413"},{"taxonomy":"product_tag","embeddable":true,"href":"https:\/\/occasions-teile.ch\/fr\/wp-json\/wp\/v2\/product_tag?post=356413"}],"curies":[{"name":"wp","href":"https:\/\/api.w.org\/{rel}","templated":true}]}}