{"id":356312,"date":"2025-05-25T00:19:15","date_gmt":"2025-05-25T00:19:15","guid":{"rendered":"https:\/\/occasions-teile.ch\/product\/vw-golf-heckklappendaempfer\/"},"modified":"2025-05-25T00:19:24","modified_gmt":"2025-05-25T00:19:24","slug":"vw-golf-heckklappendaempfer","status":"publish","type":"product","link":"https:\/\/occasions-teile.ch\/fr\/produkt\/vw-golf-heckklappendaempfer\/","title":{"rendered":"VW Golf  Heckklappend\u00e4mpfer"},"content":{"rendered":"<p><span><b>Technische Daten<\/b><\/p>\n<p> Fahrzeug: VW Golf<br \/>\n Chassis Nr.: WVWZZZAUZFW307074<br \/>\n Baujahr: 2015<br \/>\n Kilometer: 171977 KM<br \/>\n Leistung: 105 KW<br \/>\n Hubraum: 1598 ccm<br \/>\n Typ: 1VF108<br \/>\n Farbcode: Schwarz<br \/>\n Hinweise: &#8211;<\/p>\n<p> Versand: Versand nur in der Schweiz m\u00f6glich.Im Ausland ist der Transport k\u00e4uferseits.<br \/>\n Garantie: 3 Monate Garantie. Bitte beachten Sie, dass die Gew\u00e4hrleistung nur g\u00fcltig ist, wenn der Ersatzteileinbau durch eine Fachwerkstatt\/Meisterwerkstatt erfolgt. Das Ein- und Ausbau des Ersatzteiles kann nicht an uns verrechnet werden. <\/p>\n<p> Ersatzteil: f\u00fcr andere Fahrzeugen (Marken) verf\u00fcgbar auf anfrage. Tel.041 980 27 47. Mobil. 076 589 27 47<\/p>\n<p> Kontakt<br \/>\n  Adresse: Autoverwertung Brun AG<br \/>\n           M\u00f6\u00f6slimatten 13<br \/>\n           6218 Ettiswil<br \/>\n  Telefon: 0041 (041) 980 27 47<br \/>\n  Telefax: 0041 (041) 980 03 47<\/p>\n<p> Wir bieten Ihnen weitere gebrauchte Autoteile zum Kauf an.<br \/>\n Tags: Heckklappend\u00e4mpfer, Tailgate damper, Amortisseur de hayon<br \/>\n<\/span><\/p>\n","protected":false},"excerpt":{"rendered":"<p>Technische Daten Fahrzeug: VW Golf Chassis Nr.: WVWZZZAUZFW307074 Baujahr: 2015 Kilometer: 171977 KM Leistung: 105 KW Hubraum: 1598 ccm Typ: 1VF108 Farbcode: Schwarz Hinweise: &#8211; Versand: Versand nur in der Schweiz m\u00f6glich.Im Ausland ist der Transport k\u00e4uferseits. Garantie: 3 Monate Garantie. Bitte beachten Sie, dass die Gew\u00e4hrleistung nur g\u00fcltig ist, wenn der Ersatzteileinbau durch eine&hellip; <a class=\"more-link\" href=\"https:\/\/occasions-teile.ch\/fr\/produkt\/vw-golf-heckklappendaempfer\/\">Poursuivre la lecture <span class=\"screen-reader-text\">VW Golf  Heckklappend\u00e4mpfer<\/span><\/a><\/p>\n","protected":false},"featured_media":356309,"template":"","meta":[],"product_brand":[],"product_cat":[524,527,1212,1287,1281,1284,691,687,1211,521,1210,689,1286,1280,1283,24506,24507,24508],"product_tag":[],"class_list":{"0":"post-356312","1":"product","2":"type-product","3":"status-publish","4":"has-post-thumbnail","6":"product_cat-en-body-rear","7":"product_cat-fr-carrosserie-arriere","8":"product_cat-fr-charniere-amortisseur-trappe-arriere","9":"product_cat-fr_golf","10":"product_cat-de_golf","11":"product_cat-en_golf","12":"product_cat-fr-hayon-pieces","13":"product_cat-de-heckklappeteile","14":"product_cat-en-hinge-damper-tailgate","15":"product_cat-de-karosserie-heck","16":"product_cat-de-scharnierdaempfer-hecklappe","17":"product_cat-en-tailgateparts","18":"product_cat-fr_volkswagen","19":"product_cat-de_volkswagen","20":"product_cat-en_volkswagen","21":"product_cat-de-wvwzzzauzfw307074-200000468","22":"product_cat-en-wvwzzzauzfw307074-200000468","23":"product_cat-fr-wvwzzzauzfw307074-200000468","24":"product_shipping_class-tarif-1","25":"entry","27":"first","28":"instock","29":"taxable","30":"shipping-taxable","31":"purchasable","32":"product-type-simple"},"jetpack_sharing_enabled":true,"_links":{"self":[{"href":"https:\/\/occasions-teile.ch\/fr\/wp-json\/wp\/v2\/product\/356312","targetHints":{"allow":["GET"]}}],"collection":[{"href":"https:\/\/occasions-teile.ch\/fr\/wp-json\/wp\/v2\/product"}],"about":[{"href":"https:\/\/occasions-teile.ch\/fr\/wp-json\/wp\/v2\/types\/product"}],"wp:featuredmedia":[{"embeddable":true,"href":"https:\/\/occasions-teile.ch\/fr\/wp-json\/wp\/v2\/media\/356309"}],"wp:attachment":[{"href":"https:\/\/occasions-teile.ch\/fr\/wp-json\/wp\/v2\/media?parent=356312"}],"wp:term":[{"taxonomy":"product_brand","embeddable":true,"href":"https:\/\/occasions-teile.ch\/fr\/wp-json\/wp\/v2\/product_brand?post=356312"},{"taxonomy":"product_cat","embeddable":true,"href":"https:\/\/occasions-teile.ch\/fr\/wp-json\/wp\/v2\/product_cat?post=356312"},{"taxonomy":"product_tag","embeddable":true,"href":"https:\/\/occasions-teile.ch\/fr\/wp-json\/wp\/v2\/product_tag?post=356312"}],"curies":[{"name":"wp","href":"https:\/\/api.w.org\/{rel}","templated":true}]}}