{"id":356207,"date":"2025-05-24T22:19:05","date_gmt":"2025-05-24T22:19:05","guid":{"rendered":"https:\/\/occasions-teile.ch\/product\/vw-golf-achsschenkel-hinten-rechts-3\/"},"modified":"2025-05-24T22:19:17","modified_gmt":"2025-05-24T22:19:17","slug":"vw-golf-achsschenkel-hinten-rechts-3","status":"publish","type":"product","link":"https:\/\/occasions-teile.ch\/fr\/produkt\/vw-golf-achsschenkel-hinten-rechts-3\/","title":{"rendered":"VW Golf  Achsschenkel hinten rechts"},"content":{"rendered":"<p><span><b>Technische Daten<\/b><\/p>\n<p> Fahrzeug: VW Golf<br \/>\n Chassis Nr.: WVWZZZAUZFW307074<br \/>\n Baujahr: 2015<br \/>\n Kilometer: 171977 KM<br \/>\n Leistung: 105 KW<br \/>\n Hubraum: 1598 ccm<br \/>\n Typ: 1VF108<br \/>\n Farbcode: Schwarz<br \/>\n Hinweise: &#8211;<\/p>\n<p> Versand: Versand nur in der Schweiz m\u00f6glich.Im Ausland ist der Transport k\u00e4uferseits.<br \/>\n Garantie: 3 Monate Garantie. Bitte beachten Sie, dass die Gew\u00e4hrleistung nur g\u00fcltig ist, wenn der Ersatzteileinbau durch eine Fachwerkstatt\/Meisterwerkstatt erfolgt. Das Ein- und Ausbau des Ersatzteiles kann nicht an uns verrechnet werden. <\/p>\n<p> Ersatzteil: f\u00fcr andere Fahrzeugen (Marken) verf\u00fcgbar auf anfrage. Tel.041 980 27 47. Mobil. 076 589 27 47<\/p>\n<p> Kontakt<br \/>\n  Adresse: Autoverwertung Brun AG<br \/>\n           M\u00f6\u00f6slimatten 13<br \/>\n           6218 Ettiswil<br \/>\n  Telefon: 0041 (041) 980 27 47<br \/>\n  Telefax: 0041 (041) 980 03 47<\/p>\n<p> Wir bieten Ihnen weitere gebrauchte Autoteile zum Kauf an.<br \/>\n Tags: Achsschenkel hinten rechts, Knuckle rear right , Fuse\u00b4e arrie`re droite<br \/>\n<\/span><\/p>\n","protected":false},"excerpt":{"rendered":"<p>Technische Daten Fahrzeug: VW Golf Chassis Nr.: WVWZZZAUZFW307074 Baujahr: 2015 Kilometer: 171977 KM Leistung: 105 KW Hubraum: 1598 ccm Typ: 1VF108 Farbcode: Schwarz Hinweise: &#8211; Versand: Versand nur in der Schweiz m\u00f6glich.Im Ausland ist der Transport k\u00e4uferseits. Garantie: 3 Monate Garantie. Bitte beachten Sie, dass die Gew\u00e4hrleistung nur g\u00fcltig ist, wenn der Ersatzteileinbau durch eine&hellip; <a class=\"more-link\" href=\"https:\/\/occasions-teile.ch\/fr\/produkt\/vw-golf-achsschenkel-hinten-rechts-3\/\">Poursuivre la lecture <span class=\"screen-reader-text\">VW Golf  Achsschenkel hinten rechts<\/span><\/a><\/p>\n","protected":false},"featured_media":356204,"template":"","meta":[],"product_brand":[],"product_cat":[1093,542,544,541,1095,548,1284,1287,1281,1094,545,547,1286,1280,1283,24508,24506,24507],"product_tag":[],"class_list":{"0":"post-356207","1":"product","2":"type-product","3":"status-publish","4":"has-post-thumbnail","6":"product_cat-de-achsschenkel-hinten-rechts","7":"product_cat-de-achsschenkel-radnaben","8":"product_cat-en-chassis-steering","9":"product_cat-de-fahrwerk-lenkung","10":"product_cat-fr-fusee-arriere-droite","11":"product_cat-fr-fusees-de-roue-moyeux-de-roue","12":"product_cat-en_golf","13":"product_cat-fr_golf","14":"product_cat-de_golf","15":"product_cat-en-knuckle-rear-right","16":"product_cat-en-steering-knuckle-wheel-hubs","17":"product_cat-fr-train-de-roulement-direction","18":"product_cat-fr_volkswagen","19":"product_cat-de_volkswagen","20":"product_cat-en_volkswagen","21":"product_cat-fr-wvwzzzauzfw307074-200000468","22":"product_cat-de-wvwzzzauzfw307074-200000468","23":"product_cat-en-wvwzzzauzfw307074-200000468","24":"product_shipping_class-tarif-2","25":"entry","27":"first","28":"instock","29":"taxable","30":"shipping-taxable","31":"purchasable","32":"product-type-simple"},"jetpack_sharing_enabled":true,"_links":{"self":[{"href":"https:\/\/occasions-teile.ch\/fr\/wp-json\/wp\/v2\/product\/356207","targetHints":{"allow":["GET"]}}],"collection":[{"href":"https:\/\/occasions-teile.ch\/fr\/wp-json\/wp\/v2\/product"}],"about":[{"href":"https:\/\/occasions-teile.ch\/fr\/wp-json\/wp\/v2\/types\/product"}],"wp:featuredmedia":[{"embeddable":true,"href":"https:\/\/occasions-teile.ch\/fr\/wp-json\/wp\/v2\/media\/356204"}],"wp:attachment":[{"href":"https:\/\/occasions-teile.ch\/fr\/wp-json\/wp\/v2\/media?parent=356207"}],"wp:term":[{"taxonomy":"product_brand","embeddable":true,"href":"https:\/\/occasions-teile.ch\/fr\/wp-json\/wp\/v2\/product_brand?post=356207"},{"taxonomy":"product_cat","embeddable":true,"href":"https:\/\/occasions-teile.ch\/fr\/wp-json\/wp\/v2\/product_cat?post=356207"},{"taxonomy":"product_tag","embeddable":true,"href":"https:\/\/occasions-teile.ch\/fr\/wp-json\/wp\/v2\/product_tag?post=356207"}],"curies":[{"name":"wp","href":"https:\/\/api.w.org\/{rel}","templated":true}]}}