{"id":354961,"date":"2025-05-17T00:05:57","date_gmt":"2025-05-17T00:05:57","guid":{"rendered":"https:\/\/occasions-teile.ch\/product\/audi-a7-steuergeraet-parkbremse-2\/"},"modified":"2025-05-17T00:06:21","modified_gmt":"2025-05-17T00:06:21","slug":"audi-a7-steuergeraet-parkbremse-2","status":"publish","type":"product","link":"https:\/\/occasions-teile.ch\/fr\/produkt\/audi-a7-steuergeraet-parkbremse-2\/","title":{"rendered":"Audi A7  Steuerger\u00e4t Parkbremse"},"content":{"rendered":"<p><span><b>Technische Daten<\/b><\/p>\n<p> Fahrzeug: Audi A7<br \/>\n Chassis Nr.: WAUZZZ4G5BN011166<br \/>\n Baujahr: 2011<br \/>\n Kilometer: 147916 KM<br \/>\n Leistung: 204 KW<br \/>\n Hubraum: 2773 ccm<br \/>\n Typ: 1AC725<br \/>\n Farbcode: grau<br \/>\n Hinweise: &#8211;<\/p>\n<p> Versand: Versand nur in der Schweiz m\u00f6glich.Im Ausland ist der Transport k\u00e4uferseits.<br \/>\n Garantie: 3 Monate Garantie. Bitte beachten Sie, dass die Gew\u00e4hrleistung nur g\u00fcltig ist, wenn der Ersatzteileinbau durch eine Fachwerkstatt\/Meisterwerkstatt erfolgt. Das Ein- und Ausbau des Ersatzteiles kann nicht an uns verrechnet werden. <\/p>\n<p> Ersatzteil: f\u00fcr andere Fahrzeugen (Marken) verf\u00fcgbar auf anfrage. Tel.041 980 27 47. Mobil. 076 589 27 47<\/p>\n<p> Kontakt<br \/>\n  Adresse: Autoverwertung Brun AG<br \/>\n           M\u00f6\u00f6slimatten 13<br \/>\n           6218 Ettiswil<br \/>\n  Telefon: 0041 (041) 980 27 47<br \/>\n  Telefax: 0041 (041) 980 03 47<\/p>\n<p> Wir bieten Ihnen weitere gebrauchte Autoteile zum Kauf an.<br \/>\n Tags: Steuerger\u00e4t Parkbremse , Parking brake control unit, Unit\u00e9 de commande de frein de stationnement<br \/>\n<\/span><\/p>\n","protected":false},"excerpt":{"rendered":"<p>Technische Daten Fahrzeug: Audi A7 Chassis Nr.: WAUZZZ4G5BN011166 Baujahr: 2011 Kilometer: 147916 KM Leistung: 204 KW Hubraum: 2773 ccm Typ: 1AC725 Farbcode: grau Hinweise: &#8211; Versand: Versand nur in der Schweiz m\u00f6glich.Im Ausland ist der Transport k\u00e4uferseits. Garantie: 3 Monate Garantie. Bitte beachten Sie, dass die Gew\u00e4hrleistung nur g\u00fcltig ist, wenn der Ersatzteileinbau durch eine&hellip; <a class=\"more-link\" href=\"https:\/\/occasions-teile.ch\/fr\/produkt\/audi-a7-steuergeraet-parkbremse-2\/\">Poursuivre la lecture <span class=\"screen-reader-text\">Audi A7  Steuerger\u00e4t Parkbremse<\/span><\/a><\/p>\n","protected":false},"featured_media":354958,"template":"","meta":[],"product_brand":[],"product_cat":[2035,2037,2039,458,461,464,1167,533,530,536,1165,1166,1163,1164,1168,24499,24497,24498],"product_tag":[],"class_list":{"0":"post-354961","1":"product","2":"type-product","3":"status-publish","4":"has-post-thumbnail","6":"product_cat-de_a7","7":"product_cat-en_a7","8":"product_cat-fr_a7","9":"product_cat-de_audi","10":"product_cat-en_audi","11":"product_cat-fr_audi","12":"product_cat-fr-autre","13":"product_cat-en-brake-brake-system","14":"product_cat-de-bremse-bremsanlage","15":"product_cat-fr-frein-systeme-de-freinage","16":"product_cat-en-other","17":"product_cat-en-parking-brake-control-unit","18":"product_cat-de-sonstiges","19":"product_cat-de-steuergeraet-parkbremse","20":"product_cat-fr-unite-de-commande-de-frein-de-stationnement","21":"product_cat-fr-wauzzz4g5bn011166-200000466","22":"product_cat-de-wauzzz4g5bn011166-200000466","23":"product_cat-en-wauzzz4g5bn011166-200000466","24":"product_shipping_class-tarif-1","25":"entry","27":"first","28":"instock","29":"taxable","30":"shipping-taxable","31":"purchasable","32":"product-type-simple"},"jetpack_sharing_enabled":true,"_links":{"self":[{"href":"https:\/\/occasions-teile.ch\/fr\/wp-json\/wp\/v2\/product\/354961","targetHints":{"allow":["GET"]}}],"collection":[{"href":"https:\/\/occasions-teile.ch\/fr\/wp-json\/wp\/v2\/product"}],"about":[{"href":"https:\/\/occasions-teile.ch\/fr\/wp-json\/wp\/v2\/types\/product"}],"wp:featuredmedia":[{"embeddable":true,"href":"https:\/\/occasions-teile.ch\/fr\/wp-json\/wp\/v2\/media\/354958"}],"wp:attachment":[{"href":"https:\/\/occasions-teile.ch\/fr\/wp-json\/wp\/v2\/media?parent=354961"}],"wp:term":[{"taxonomy":"product_brand","embeddable":true,"href":"https:\/\/occasions-teile.ch\/fr\/wp-json\/wp\/v2\/product_brand?post=354961"},{"taxonomy":"product_cat","embeddable":true,"href":"https:\/\/occasions-teile.ch\/fr\/wp-json\/wp\/v2\/product_cat?post=354961"},{"taxonomy":"product_tag","embeddable":true,"href":"https:\/\/occasions-teile.ch\/fr\/wp-json\/wp\/v2\/product_tag?post=354961"}],"curies":[{"name":"wp","href":"https:\/\/api.w.org\/{rel}","templated":true}]}}