{"id":35437,"date":"2023-05-16T15:57:56","date_gmt":"2023-05-16T15:57:56","guid":{"rendered":"https:\/\/occasions-teile.ch\/product\/skoda-octavia-achsschenkel-vorn-rechts-3\/"},"modified":"2023-05-16T15:58:00","modified_gmt":"2023-05-16T15:58:00","slug":"skoda-octavia-achsschenkel-vorn-rechts-3","status":"publish","type":"product","link":"https:\/\/occasions-teile.ch\/fr\/produkt\/skoda-octavia-achsschenkel-vorn-rechts-3\/","title":{"rendered":"Skoda Octavia  Achsschenkel vorn rechts"},"content":{"rendered":"<p><span><b>Donn\u00e9es techniques<\/b><\/p>\n<p> V\u00e9hicule: Skoda Octavia<br \/>\n N\u00b0 de ch\u00e2ssis: TMBGT61Z1D2039681<br \/>\n Ann\u00e9e de production: 2012<br \/>\n Kilom\u00e9trage: 106093 KM<br \/>\n Puissance: 105 KW<br \/>\n Cylindr\u00e9e du moteur: 1598 ccm<br \/>\n Typ: 1SF701<br \/>\n Code couleur: Black<br \/>\n Remarques: &#8211;<\/p>\n<p> Exp\u00e9dition : L&rsquo;exp\u00e9dition n&rsquo;est disponible qu&rsquo;en Suisse. Dans d&rsquo;autres pays, l&rsquo;acheteur est responsable du transport.<br \/>\n Garantie : 3 mois de garantie. Veuillez noter que la garantie n&rsquo;est valable que si les pi\u00e8ces de rechange sont install\u00e9es par un atelier sp\u00e9cialis\u00e9\/ma\u00eetre. Le montage et le d\u00e9montage de la pi\u00e8ce de rechange ne peuvent pas nous \u00eatre factur\u00e9s.<\/p>\n<p> Pi\u00e8ce de rechange : pour d&rsquo;autres v\u00e9hicules (marques) disponible sur demande. T\u00e9l. 041 980 27 47. Portable. 076 589 27 47<\/p>\n<p>  Contact<br \/>\n   Adresse : Autoverwertung Brun AG<br \/>\n              M\u00f6\u00f6slimatten 13<br \/>\n              6218 Ettiswil<br \/>\n   T\u00e9l\u00e9phone : 0041 (041) 980 27 47<br \/>\n   T\u00e9l\u00e9fax : 0041 (041) 980 03 47<\/p>\n<p>  Nous proposons \u00e9galement d&rsquo;autres pi\u00e8ces automobiles d&rsquo;occasion \u00e0 vendre.<br \/>\n<\/span><\/p>\n","protected":false},"excerpt":{"rendered":"<p>Donn\u00e9es techniques V\u00e9hicule: Skoda Octavia N\u00b0 de ch\u00e2ssis: TMBGT61Z1D2039681 Ann\u00e9e de production: 2012 Kilom\u00e9trage: 106093 KM Puissance: 105 KW Cylindr\u00e9e du moteur: 1598 ccm Typ: 1SF701 Code couleur: Black Remarques: &#8211; Exp\u00e9dition : L&rsquo;exp\u00e9dition n&rsquo;est disponible qu&rsquo;en Suisse. Dans d&rsquo;autres pays, l&rsquo;acheteur est responsable du transport. Garantie : 3 mois de garantie. Veuillez noter que&hellip; <a class=\"more-link\" href=\"https:\/\/occasions-teile.ch\/fr\/produkt\/skoda-octavia-achsschenkel-vorn-rechts-3\/\">Poursuivre la lecture <span class=\"screen-reader-text\">Skoda Octavia  Achsschenkel vorn rechts<\/span><\/a><\/p>\n","protected":false},"featured_media":35434,"template":"","meta":[],"product_brand":[],"product_cat":[795,542,544,541,797,548,796,1477,1464,1472,1463,1471,1476,545,2003,2004,2005,547],"product_tag":[],"class_list":{"0":"post-35437","1":"product","2":"type-product","3":"status-publish","4":"has-post-thumbnail","6":"product_cat-de-achsschenkel-vorn-rechts","7":"product_cat-de-achsschenkel-radnaben","8":"product_cat-en-chassis-steering","9":"product_cat-de-fahrwerk-lenkung","10":"product_cat-fr-fusee-de-roue-avant-droite","11":"product_cat-fr-fusees-de-roue-moyeux-de-roue","12":"product_cat-en-knuckle-front-right","13":"product_cat-fr_octavia-fr_skoda-fabricant-2","14":"product_cat-de_octavia","15":"product_cat-en_octavia-en_skoda-manufacturer-en","16":"product_cat-de_skoda","17":"product_cat-en_skoda-manufacturer-en","18":"product_cat-fr_skoda-fabricant-2","19":"product_cat-en-steering-knuckle-wheel-hubs","20":"product_cat-de-tmbgt61z1d2039681","21":"product_cat-en-tmbgt61z1d2039681","22":"product_cat-fr-tmbgt61z1d2039681","23":"product_cat-fr-train-de-roulement-direction","24":"product_shipping_class-tarif-1-fr","25":"entry","27":"first","28":"outofstock","29":"taxable","30":"shipping-taxable","31":"purchasable","32":"product-type-simple"},"jetpack_sharing_enabled":true,"_links":{"self":[{"href":"https:\/\/occasions-teile.ch\/fr\/wp-json\/wp\/v2\/product\/35437","targetHints":{"allow":["GET"]}}],"collection":[{"href":"https:\/\/occasions-teile.ch\/fr\/wp-json\/wp\/v2\/product"}],"about":[{"href":"https:\/\/occasions-teile.ch\/fr\/wp-json\/wp\/v2\/types\/product"}],"wp:featuredmedia":[{"embeddable":true,"href":"https:\/\/occasions-teile.ch\/fr\/wp-json\/wp\/v2\/media\/35434"}],"wp:attachment":[{"href":"https:\/\/occasions-teile.ch\/fr\/wp-json\/wp\/v2\/media?parent=35437"}],"wp:term":[{"taxonomy":"product_brand","embeddable":true,"href":"https:\/\/occasions-teile.ch\/fr\/wp-json\/wp\/v2\/product_brand?post=35437"},{"taxonomy":"product_cat","embeddable":true,"href":"https:\/\/occasions-teile.ch\/fr\/wp-json\/wp\/v2\/product_cat?post=35437"},{"taxonomy":"product_tag","embeddable":true,"href":"https:\/\/occasions-teile.ch\/fr\/wp-json\/wp\/v2\/product_tag?post=35437"}],"curies":[{"name":"wp","href":"https:\/\/api.w.org\/{rel}","templated":true}]}}