{"id":35393,"date":"2023-05-16T15:52:08","date_gmt":"2023-05-16T15:52:08","guid":{"rendered":"https:\/\/occasions-teile.ch\/product\/skoda-octavia-federbeine-stossdaempfer-vorne-6\/"},"modified":"2024-05-24T20:31:14","modified_gmt":"2024-05-24T20:31:14","slug":"skoda-octavia-federbeine-stossdaempfer-vorne-6","status":"publish","type":"product","link":"https:\/\/occasions-teile.ch\/fr\/produkt\/skoda-octavia-federbeine-stossdaempfer-vorne-6\/","title":{"rendered":"Skoda Octavia  Federbeine\/Sto\u00dfd\u00e4mpfer vorne"},"content":{"rendered":"<p><span><b>Technische Daten<\/b><\/p>\n<p> Fahrzeug: Skoda Octavia<br \/>\n Chassis Nr.: TMBGT61Z1D2039681<br \/>\n Baujahr: 2012<br \/>\n Kilometer: 106093 KM<br \/>\n Leistung: 105 KW<br \/>\n Hubraum: 1598 ccm<br \/>\n Typ: 1SF701<br \/>\n Farbcode: Black<br \/>\n Hinweise: &#8211;<\/p>\n<p> Versand: Versand nur in der Schweiz m\u00f6glich.Im Ausland ist der Transport k\u00e4uferseits.<br \/>\n Garantie: 3 Monate Garantie. Bitte beachten Sie, dass die Gew\u00e4hrleistung nur g\u00fcltig ist, wenn der Ersatzteileinbau durch eine Fachwerkstatt\/Meisterwerkstatt erfolgt. Das Ein- und Ausbau des Ersatzteiles kann nicht an uns verrechnet werden. <\/p>\n<p> Ersatzteil: f\u00fcr andere Fahrzeugen (Marken) verf\u00fcgbar auf anfrage. Tel.041 980 27 47. Mobil. 076 589 27 47<\/p>\n<p> Kontakt<br \/>\n  Adresse: Autoverwertung Brun AG<br \/>\n           M\u00f6\u00f6slimatten 13<br \/>\n           6218 Ettiswil<br \/>\n  Telefon: 0041 (041) 980 27 47<br \/>\n  Telefax: 0041 (041) 980 03 47<\/p>\n<p> Wir bieten Ihnen weitere gebrauchte Autoteile zum Kauf an.<br \/>\n<\/span><\/p>\n","protected":false},"excerpt":{"rendered":"<p>Technische Daten Fahrzeug: Skoda Octavia Chassis Nr.: TMBGT61Z1D2039681 Baujahr: 2012 Kilometer: 106093 KM Leistung: 105 KW Hubraum: 1598 ccm Typ: 1SF701 Farbcode: Black Hinweise: &#8211; Versand: Versand nur in der Schweiz m\u00f6glich.Im Ausland ist der Transport k\u00e4uferseits. Garantie: 3 Monate Garantie. Bitte beachten Sie, dass die Gew\u00e4hrleistung nur g\u00fcltig ist, wenn der Ersatzteileinbau durch eine&hellip; <a class=\"more-link\" href=\"https:\/\/occasions-teile.ch\/fr\/produkt\/skoda-octavia-federbeine-stossdaempfer-vorne-6\/\">Poursuivre la lecture <span class=\"screen-reader-text\">Skoda Octavia  Federbeine\/Sto\u00dfd\u00e4mpfer vorne<\/span><\/a><\/p>\n","protected":false},"featured_media":35390,"template":"","meta":[],"product_brand":[],"product_cat":[544,541,762,763,23589,766,767,1472,1477,1464,1471,1476,1463,764,765,2003,2004,2005,547],"product_tag":[],"class_list":{"0":"post-35393","1":"product","2":"type-product","3":"status-publish","4":"has-post-thumbnail","6":"product_cat-en-chassis-steering","7":"product_cat-de-fahrwerk-lenkung","8":"product_cat-de-federbeine-stossdaempfer","9":"product_cat-de-federbeine-stossdaempfer-vorne","10":"product_cat-de-ii-1-6tdi-de_octavia-de_skoda-manufacturer-4","11":"product_cat-fr-jambes-de-force-amortisseurs","12":"product_cat-fr-jambes-de-force-amortisseurs-avant","13":"product_cat-en_octavia-en_skoda-manufacturer-en","14":"product_cat-fr_octavia-fr_skoda-fabricant-2","15":"product_cat-de_octavia","16":"product_cat-en_skoda-manufacturer-en","17":"product_cat-fr_skoda-fabricant-2","18":"product_cat-de_skoda","19":"product_cat-en-struts-shock-absorbers","20":"product_cat-en-suspension-struts-shock-absorber-in-front","21":"product_cat-de-tmbgt61z1d2039681","22":"product_cat-en-tmbgt61z1d2039681","23":"product_cat-fr-tmbgt61z1d2039681","24":"product_cat-fr-train-de-roulement-direction","25":"product_shipping_class-tarif-1","26":"entry","28":"first","29":"instock","30":"taxable","31":"shipping-taxable","32":"purchasable","33":"product-type-simple"},"jetpack_sharing_enabled":true,"_links":{"self":[{"href":"https:\/\/occasions-teile.ch\/fr\/wp-json\/wp\/v2\/product\/35393","targetHints":{"allow":["GET"]}}],"collection":[{"href":"https:\/\/occasions-teile.ch\/fr\/wp-json\/wp\/v2\/product"}],"about":[{"href":"https:\/\/occasions-teile.ch\/fr\/wp-json\/wp\/v2\/types\/product"}],"wp:featuredmedia":[{"embeddable":true,"href":"https:\/\/occasions-teile.ch\/fr\/wp-json\/wp\/v2\/media\/35390"}],"wp:attachment":[{"href":"https:\/\/occasions-teile.ch\/fr\/wp-json\/wp\/v2\/media?parent=35393"}],"wp:term":[{"taxonomy":"product_brand","embeddable":true,"href":"https:\/\/occasions-teile.ch\/fr\/wp-json\/wp\/v2\/product_brand?post=35393"},{"taxonomy":"product_cat","embeddable":true,"href":"https:\/\/occasions-teile.ch\/fr\/wp-json\/wp\/v2\/product_cat?post=35393"},{"taxonomy":"product_tag","embeddable":true,"href":"https:\/\/occasions-teile.ch\/fr\/wp-json\/wp\/v2\/product_tag?post=35393"}],"curies":[{"name":"wp","href":"https:\/\/api.w.org\/{rel}","templated":true}]}}