{"id":352659,"date":"2025-04-26T08:58:30","date_gmt":"2025-04-26T08:58:30","guid":{"rendered":"https:\/\/occasions-teile.ch\/product\/land-rover-range-rover-aufpralltraeger-quertraeger\/"},"modified":"2025-04-27T18:07:17","modified_gmt":"2025-04-27T18:07:17","slug":"land-rover-range-rover-aufpralltraeger-quertraeger","status":"publish","type":"product","link":"https:\/\/occasions-teile.ch\/fr\/produkt\/land-rover-range-rover-aufpralltraeger-quertraeger\/","title":{"rendered":"Land Rover Range Rover  Aufpralltr\u00e4ger Quertr\u00e4ger"},"content":{"rendered":"<p><span><b>Technische Daten<\/b><\/p>\n<p> Fahrzeug: Land Rover Range Rover<br \/>\n Chassis Nr.: SALWA2FK5EA325676<br \/>\n Baujahr: 2013<br \/>\n Kilometer: 172493 KM<br \/>\n Leistung: 258 KW<br \/>\n Hubraum: 2893 ccm<br \/>\n Typ: 1LC638<br \/>\n Farbcode: silber<br \/>\n Hinweise: &#8211;<\/p>\n<p> Versand: Versand nur in der Schweiz m\u00f6glich.Im Ausland ist der Transport k\u00e4uferseits.<br \/>\n Garantie: 3 Monate Garantie. Bitte beachten Sie, dass die Gew\u00e4hrleistung nur g\u00fcltig ist, wenn der Ersatzteileinbau durch eine Fachwerkstatt\/Meisterwerkstatt erfolgt. Das Ein- und Ausbau des Ersatzteiles kann nicht an uns verrechnet werden. <\/p>\n<p> Ersatzteil: f\u00fcr andere Fahrzeugen (Marken) verf\u00fcgbar auf anfrage. Tel.041 980 27 47. Mobil. 076 589 27 47<\/p>\n<p> Kontakt<br \/>\n  Adresse: Autoverwertung Brun AG<br \/>\n           M\u00f6\u00f6slimatten 13<br \/>\n           6218 Ettiswil<br \/>\n  Telefon: 0041 (041) 980 27 47<br \/>\n  Telefax: 0041 (041) 980 03 47<\/p>\n<p> Wir bieten Ihnen weitere gebrauchte Autoteile zum Kauf an.<br \/>\n Tags: Aufpralltr\u00e4ger Quertr\u00e4ger, Impact beam cross beam, poutre d&rsquo;impact poutre transversale<br \/>\n<\/span><\/p>\n","protected":false},"excerpt":{"rendered":"<p>Technische Daten Fahrzeug: Land Rover Range Rover Chassis Nr.: SALWA2FK5EA325676 Baujahr: 2013 Kilometer: 172493 KM Leistung: 258 KW Hubraum: 2893 ccm Typ: 1LC638 Farbcode: silber Hinweise: &#8211; Versand: Versand nur in der Schweiz m\u00f6glich.Im Ausland ist der Transport k\u00e4uferseits. Garantie: 3 Monate Garantie. Bitte beachten Sie, dass die Gew\u00e4hrleistung nur g\u00fcltig ist, wenn der Ersatzteileinbau&hellip; <a class=\"more-link\" href=\"https:\/\/occasions-teile.ch\/fr\/produkt\/land-rover-range-rover-aufpralltraeger-quertraeger\/\">Poursuivre la lecture <span class=\"screen-reader-text\">Land Rover Range Rover  Aufpralltr\u00e4ger Quertr\u00e4ger<\/span><\/a><\/p>\n","protected":false},"featured_media":352656,"template":"","meta":[],"product_brand":[],"product_cat":[1027,515,1028,518,1029,512,1700,1694,1697,1030,1031,2329,2331,2333,24465,24466,24467,1026],"product_tag":[],"class_list":{"0":"post-352659","1":"product","2":"type-product","3":"status-publish","4":"has-post-thumbnail","6":"product_cat-de-aufpralltraeger-quertraeger","7":"product_cat-en-body-front","8":"product_cat-en-bumper-frontparts","9":"product_cat-fr-carrosserie-front","10":"product_cat-en-impact-beamcross-beam","11":"product_cat-de-karosserie-front","12":"product_cat-fr_land-rover","13":"product_cat-de_land-rover","14":"product_cat-en_land-rover","15":"product_cat-fr-pare-chocs-avant-pieces","16":"product_cat-fr-poutre-dimpactpoutre-transversale","17":"product_cat-de_range-rover","18":"product_cat-en_range-rover","19":"product_cat-fr_range-rover","20":"product_cat-de-salwa2fk5ea325676-200000458","21":"product_cat-en-salwa2fk5ea325676-200000458","22":"product_cat-fr-salwa2fk5ea325676-200000458","23":"product_cat-de-stossfaengervornteile","24":"product_shipping_class-tarif-3","25":"entry","27":"first","28":"instock","29":"taxable","30":"shipping-taxable","31":"purchasable","32":"product-type-simple"},"jetpack_sharing_enabled":true,"_links":{"self":[{"href":"https:\/\/occasions-teile.ch\/fr\/wp-json\/wp\/v2\/product\/352659","targetHints":{"allow":["GET"]}}],"collection":[{"href":"https:\/\/occasions-teile.ch\/fr\/wp-json\/wp\/v2\/product"}],"about":[{"href":"https:\/\/occasions-teile.ch\/fr\/wp-json\/wp\/v2\/types\/product"}],"wp:featuredmedia":[{"embeddable":true,"href":"https:\/\/occasions-teile.ch\/fr\/wp-json\/wp\/v2\/media\/352656"}],"wp:attachment":[{"href":"https:\/\/occasions-teile.ch\/fr\/wp-json\/wp\/v2\/media?parent=352659"}],"wp:term":[{"taxonomy":"product_brand","embeddable":true,"href":"https:\/\/occasions-teile.ch\/fr\/wp-json\/wp\/v2\/product_brand?post=352659"},{"taxonomy":"product_cat","embeddable":true,"href":"https:\/\/occasions-teile.ch\/fr\/wp-json\/wp\/v2\/product_cat?post=352659"},{"taxonomy":"product_tag","embeddable":true,"href":"https:\/\/occasions-teile.ch\/fr\/wp-json\/wp\/v2\/product_tag?post=352659"}],"curies":[{"name":"wp","href":"https:\/\/api.w.org\/{rel}","templated":true}]}}