{"id":352297,"date":"2025-04-24T14:15:10","date_gmt":"2025-04-24T14:15:10","guid":{"rendered":"https:\/\/occasions-teile.ch\/product\/land-rover-range-rover-spiegel-aussenspiegel-vorne-3\/"},"modified":"2025-04-24T14:27:00","modified_gmt":"2025-04-24T14:27:00","slug":"land-rover-range-rover-spiegel-aussenspiegel-vorne-3","status":"publish","type":"product","link":"https:\/\/occasions-teile.ch\/fr\/produkt\/land-rover-range-rover-spiegel-aussenspiegel-vorne-3\/","title":{"rendered":"Land Rover Range Rover  Spiegel Au\u00dfenspiegel vorne"},"content":{"rendered":"<p><span><b>Technische Daten<\/b><\/p>\n<p> Fahrzeug: Land Rover Range Rover<br \/>\n Chassis Nr.: SALWA2FK5EA325676<br \/>\n Baujahr: 2013<br \/>\n Kilometer: 172493 KM<br \/>\n Leistung: 258 KW<br \/>\n Hubraum: 2893 ccm<br \/>\n Typ: 1LC638<br \/>\n Farbcode: silber<br \/>\n Hinweise: &#8211;<\/p>\n<p> Versand: Versand nur in der Schweiz m\u00f6glich.Im Ausland ist der Transport k\u00e4uferseits.<br \/>\n Garantie: 3 Monate Garantie. Bitte beachten Sie, dass die Gew\u00e4hrleistung nur g\u00fcltig ist, wenn der Ersatzteileinbau durch eine Fachwerkstatt\/Meisterwerkstatt erfolgt. Das Ein- und Ausbau des Ersatzteiles kann nicht an uns verrechnet werden. <\/p>\n<p> Ersatzteil: f\u00fcr andere Fahrzeugen (Marken) verf\u00fcgbar auf anfrage. Tel.041 980 27 47. Mobil. 076 589 27 47<\/p>\n<p> Kontakt<br \/>\n  Adresse: Autoverwertung Brun AG<br \/>\n           M\u00f6\u00f6slimatten 13<br \/>\n           6218 Ettiswil<br \/>\n  Telefon: 0041 (041) 980 27 47<br \/>\n  Telefax: 0041 (041) 980 03 47<\/p>\n<p> Wir bieten Ihnen weitere gebrauchte Autoteile zum Kauf an.<br \/>\n Tags: Spiegel Au\u00dfenspiegel vorne, Exterior mirrors complete , Re\u00b4troviseur exte\u00b4rieur complet<br \/>\n<\/span><\/p>\n","protected":false},"excerpt":{"rendered":"<p>Technische Daten Fahrzeug: Land Rover Range Rover Chassis Nr.: SALWA2FK5EA325676 Baujahr: 2013 Kilometer: 172493 KM Leistung: 258 KW Hubraum: 2893 ccm Typ: 1LC638 Farbcode: silber Hinweise: &#8211; Versand: Versand nur in der Schweiz m\u00f6glich.Im Ausland ist der Transport k\u00e4uferseits. Garantie: 3 Monate Garantie. Bitte beachten Sie, dass die Gew\u00e4hrleistung nur g\u00fcltig ist, wenn der Ersatzteileinbau&hellip; <a class=\"more-link\" href=\"https:\/\/occasions-teile.ch\/fr\/produkt\/land-rover-range-rover-spiegel-aussenspiegel-vorne-3\/\">Poursuivre la lecture <span class=\"screen-reader-text\">Land Rover Range Rover  Spiegel Au\u00dfenspiegel vorne<\/span><\/a><\/p>\n","protected":false},"featured_media":352294,"template":"","meta":[],"product_brand":[],"product_cat":[768,488,491,770,771,485,1694,1697,1700,2329,2331,2333,772,773,24467,24465,24466,769,24468],"product_tag":[],"class_list":{"0":"post-352297","1":"product","2":"type-product","3":"status-publish","4":"has-post-thumbnail","6":"product_cat-de-aussenspiegel","7":"product_cat-en-body-center","8":"product_cat-fr-centre-de-la-carrosserie","9":"product_cat-en-exterior-mirror","10":"product_cat-en-exterior-mirrors-complete","11":"product_cat-de-karosserie-mitte","12":"product_cat-de_land-rover","13":"product_cat-en_land-rover","14":"product_cat-fr_land-rover","15":"product_cat-de_range-rover","16":"product_cat-en_range-rover","17":"product_cat-fr_range-rover","18":"product_cat-fr-retroviseur-exterieur","19":"product_cat-fr-retroviseur-exterieur-complet","20":"product_cat-fr-salwa2fk5ea325676-200000458","21":"product_cat-de-salwa2fk5ea325676-200000458","22":"product_cat-en-salwa2fk5ea325676-200000458","23":"product_cat-de-spiegel-aussenspiegel-vorne","24":"product_cat-de-std","25":"product_shipping_class-tarif-1","26":"entry","28":"first","29":"instock","30":"taxable","31":"shipping-taxable","32":"purchasable","33":"product-type-simple"},"jetpack_sharing_enabled":true,"_links":{"self":[{"href":"https:\/\/occasions-teile.ch\/fr\/wp-json\/wp\/v2\/product\/352297","targetHints":{"allow":["GET"]}}],"collection":[{"href":"https:\/\/occasions-teile.ch\/fr\/wp-json\/wp\/v2\/product"}],"about":[{"href":"https:\/\/occasions-teile.ch\/fr\/wp-json\/wp\/v2\/types\/product"}],"wp:featuredmedia":[{"embeddable":true,"href":"https:\/\/occasions-teile.ch\/fr\/wp-json\/wp\/v2\/media\/352294"}],"wp:attachment":[{"href":"https:\/\/occasions-teile.ch\/fr\/wp-json\/wp\/v2\/media?parent=352297"}],"wp:term":[{"taxonomy":"product_brand","embeddable":true,"href":"https:\/\/occasions-teile.ch\/fr\/wp-json\/wp\/v2\/product_brand?post=352297"},{"taxonomy":"product_cat","embeddable":true,"href":"https:\/\/occasions-teile.ch\/fr\/wp-json\/wp\/v2\/product_cat?post=352297"},{"taxonomy":"product_tag","embeddable":true,"href":"https:\/\/occasions-teile.ch\/fr\/wp-json\/wp\/v2\/product_tag?post=352297"}],"curies":[{"name":"wp","href":"https:\/\/api.w.org\/{rel}","templated":true}]}}