{"id":351696,"date":"2025-04-16T15:37:26","date_gmt":"2025-04-16T15:37:26","guid":{"rendered":"https:\/\/occasions-teile.ch\/product\/toyota-c-hr-sensoren-parkhilfe-vorne\/"},"modified":"2025-04-16T16:13:09","modified_gmt":"2025-04-16T16:13:09","slug":"toyota-c-hr-sensoren-parkhilfe-vorne","status":"publish","type":"product","link":"https:\/\/occasions-teile.ch\/fr\/produkt\/toyota-c-hr-sensoren-parkhilfe-vorne\/","title":{"rendered":"Toyota C-HR  Sensoren Parkhilfe vorne"},"content":{"rendered":"<p><span><b>Technische Daten<\/b><\/p>\n<p> Fahrzeug: Toyota C-HR<br \/>\n Chassis Nr.: NMTLY3FX70R001217<br \/>\n Baujahr: 2017<br \/>\n Kilometer: 110000 KM<br \/>\n Leistung: 116 KW<br \/>\n Hubraum: 1197 ccm<br \/>\n Typ: 1TA706<br \/>\n Farbcode: silber<br \/>\n Hinweise: Achtung vorne links au\u00dfen Kabel gerissen Sensor fehlt<\/p>\n<p> Versand: Versand nur in der Schweiz m\u00f6glich.Im Ausland ist der Transport k\u00e4uferseits.<br \/>\n Garantie: 3 Monate Garantie. Bitte beachten Sie, dass die Gew\u00e4hrleistung nur g\u00fcltig ist, wenn der Ersatzteileinbau durch eine Fachwerkstatt\/Meisterwerkstatt erfolgt. Das Ein- und Ausbau des Ersatzteiles kann nicht an uns verrechnet werden. <\/p>\n<p> Ersatzteil: f\u00fcr andere Fahrzeugen (Marken) verf\u00fcgbar auf anfrage. Tel.041 980 27 47. Mobil. 076 589 27 47<\/p>\n<p> Kontakt<br \/>\n  Adresse: Autoverwertung Brun AG<br \/>\n           M\u00f6\u00f6slimatten 13<br \/>\n           6218 Ettiswil<br \/>\n  Telefon: 0041 (041) 980 27 47<br \/>\n  Telefax: 0041 (041) 980 03 47<\/p>\n<p> Wir bieten Ihnen weitere gebrauchte Autoteile zum Kauf an.<br \/>\n Tags: Sensoren Parkhilfe vorne, Sensors Parking assistancefront, Capteurs Aide au stationnement avant<br \/>\n<\/span><\/p>\n","protected":false},"excerpt":{"rendered":"<p>Technische Daten Fahrzeug: Toyota C-HR Chassis Nr.: NMTLY3FX70R001217 Baujahr: 2017 Kilometer: 110000 KM Leistung: 116 KW Hubraum: 1197 ccm Typ: 1TA706 Farbcode: silber Hinweise: Achtung vorne links au\u00dfen Kabel gerissen Sensor fehlt Versand: Versand nur in der Schweiz m\u00f6glich.Im Ausland ist der Transport k\u00e4uferseits. Garantie: 3 Monate Garantie. Bitte beachten Sie, dass die Gew\u00e4hrleistung nur&hellip; <a class=\"more-link\" href=\"https:\/\/occasions-teile.ch\/fr\/produkt\/toyota-c-hr-sensoren-parkhilfe-vorne\/\">Poursuivre la lecture <span class=\"screen-reader-text\">Toyota C-HR  Sensoren Parkhilfe vorne<\/span><\/a><\/p>\n","protected":false},"featured_media":351693,"template":"","meta":[],"product_brand":[],"product_cat":[24460,957,24455,24455,24455,1927,621,957,621,621,24454,24454,24454,957,1927,1927,1329,1329,1329],"product_tag":[],"class_list":{"0":"post-351696","1":"product","2":"type-product","3":"status-publish","4":"has-post-thumbnail","6":"product_cat-de-1-2-turbo","7":"product_cat-de-einparkhilferueckfahrkamera","8":"product_cat-de_slug_toyota_c-hr_415","11":"product_cat-de-sensoren-parkhilfe-vorne","12":"product_cat-de-elektrik-steuergeraete","16":"product_cat-de-nmtly3fx70r001217-200000456","22":"product_cat-de_toyota","25":"product_shipping_class-tarif-1","26":"entry","28":"first","29":"instock","30":"taxable","31":"shipping-taxable","32":"purchasable","33":"product-type-simple"},"jetpack_sharing_enabled":true,"_links":{"self":[{"href":"https:\/\/occasions-teile.ch\/fr\/wp-json\/wp\/v2\/product\/351696","targetHints":{"allow":["GET"]}}],"collection":[{"href":"https:\/\/occasions-teile.ch\/fr\/wp-json\/wp\/v2\/product"}],"about":[{"href":"https:\/\/occasions-teile.ch\/fr\/wp-json\/wp\/v2\/types\/product"}],"wp:featuredmedia":[{"embeddable":true,"href":"https:\/\/occasions-teile.ch\/fr\/wp-json\/wp\/v2\/media\/351693"}],"wp:attachment":[{"href":"https:\/\/occasions-teile.ch\/fr\/wp-json\/wp\/v2\/media?parent=351696"}],"wp:term":[{"taxonomy":"product_brand","embeddable":true,"href":"https:\/\/occasions-teile.ch\/fr\/wp-json\/wp\/v2\/product_brand?post=351696"},{"taxonomy":"product_cat","embeddable":true,"href":"https:\/\/occasions-teile.ch\/fr\/wp-json\/wp\/v2\/product_cat?post=351696"},{"taxonomy":"product_tag","embeddable":true,"href":"https:\/\/occasions-teile.ch\/fr\/wp-json\/wp\/v2\/product_tag?post=351696"}],"curies":[{"name":"wp","href":"https:\/\/api.w.org\/{rel}","templated":true}]}}