{"id":351625,"date":"2025-04-16T14:11:12","date_gmt":"2025-04-16T14:11:12","guid":{"rendered":"https:\/\/occasions-teile.ch\/product\/toyota-c-hr-kombiinstrument-tacho\/"},"modified":"2025-04-16T15:10:28","modified_gmt":"2025-04-16T15:10:28","slug":"toyota-c-hr-kombiinstrument-tacho","status":"publish","type":"product","link":"https:\/\/occasions-teile.ch\/fr\/produkt\/toyota-c-hr-kombiinstrument-tacho\/","title":{"rendered":"Toyota C-HR  Kombiinstrument Tacho"},"content":{"rendered":"<p><span><b>Technische Daten<\/b><\/p>\n<p> Fahrzeug: Toyota C-HR<br \/>\n Chassis Nr.: NMTLY3FX70R001217<br \/>\n Baujahr: 2017<br \/>\n Kilometer: 110000 KM<br \/>\n Leistung: 116 KW<br \/>\n Hubraum: 1197 ccm<br \/>\n Typ: 1TA706<br \/>\n Farbcode: silber<br \/>\n Hinweise: Achtung Riss in scheibe leicht zu ersetzten<\/p>\n<p> Versand: Versand nur in der Schweiz m\u00f6glich.Im Ausland ist der Transport k\u00e4uferseits.<br \/>\n Garantie: 3 Monate Garantie. Bitte beachten Sie, dass die Gew\u00e4hrleistung nur g\u00fcltig ist, wenn der Ersatzteileinbau durch eine Fachwerkstatt\/Meisterwerkstatt erfolgt. Das Ein- und Ausbau des Ersatzteiles kann nicht an uns verrechnet werden. <\/p>\n<p> Ersatzteil: f\u00fcr andere Fahrzeugen (Marken) verf\u00fcgbar auf anfrage. Tel.041 980 27 47. Mobil. 076 589 27 47<\/p>\n<p> Kontakt<br \/>\n  Adresse: Autoverwertung Brun AG<br \/>\n           M\u00f6\u00f6slimatten 13<br \/>\n           6218 Ettiswil<br \/>\n  Telefon: 0041 (041) 980 27 47<br \/>\n  Telefax: 0041 (041) 980 03 47<\/p>\n<p> Wir bieten Ihnen weitere gebrauchte Autoteile zum Kauf an.<br \/>\n Tags: Kombiinstrument Tacho, Instrument cluster speedometer , Combine d\u00b4 instruments Tachymetre<br \/>\n<\/span><\/p>\n","protected":false},"excerpt":{"rendered":"<p>Technische Daten Fahrzeug: Toyota C-HR Chassis Nr.: NMTLY3FX70R001217 Baujahr: 2017 Kilometer: 110000 KM Leistung: 116 KW Hubraum: 1197 ccm Typ: 1TA706 Farbcode: silber Hinweise: Achtung Riss in scheibe leicht zu ersetzten Versand: Versand nur in der Schweiz m\u00f6glich.Im Ausland ist der Transport k\u00e4uferseits. Garantie: 3 Monate Garantie. Bitte beachten Sie, dass die Gew\u00e4hrleistung nur g\u00fcltig&hellip; <a class=\"more-link\" href=\"https:\/\/occasions-teile.ch\/fr\/produkt\/toyota-c-hr-kombiinstrument-tacho\/\">Poursuivre la lecture <span class=\"screen-reader-text\">Toyota C-HR  Kombiinstrument Tacho<\/span><\/a><\/p>\n","protected":false},"featured_media":351622,"template":"","meta":[],"product_brand":[],"product_cat":[24460,24455,24455,24455,823,621,621,621,823,823,24454,24454,24454,822,822,822,1329,1329,1329],"product_tag":[],"class_list":{"0":"post-351625","1":"product","2":"type-product","3":"status-publish","4":"has-post-thumbnail","6":"product_cat-de-1-2-turbo","7":"product_cat-de_slug_toyota_c-hr_415","10":"product_cat-de-kombiinstrument-tacho","11":"product_cat-de-elektrik-steuergeraete","16":"product_cat-de-nmtly3fx70r001217-200000456","19":"product_cat-de-tachoanzeigegeraete","22":"product_cat-de_toyota","25":"product_shipping_class-tarif-1","26":"entry","28":"first","29":"instock","30":"taxable","31":"shipping-taxable","32":"purchasable","33":"product-type-simple"},"jetpack_sharing_enabled":true,"_links":{"self":[{"href":"https:\/\/occasions-teile.ch\/fr\/wp-json\/wp\/v2\/product\/351625","targetHints":{"allow":["GET"]}}],"collection":[{"href":"https:\/\/occasions-teile.ch\/fr\/wp-json\/wp\/v2\/product"}],"about":[{"href":"https:\/\/occasions-teile.ch\/fr\/wp-json\/wp\/v2\/types\/product"}],"wp:featuredmedia":[{"embeddable":true,"href":"https:\/\/occasions-teile.ch\/fr\/wp-json\/wp\/v2\/media\/351622"}],"wp:attachment":[{"href":"https:\/\/occasions-teile.ch\/fr\/wp-json\/wp\/v2\/media?parent=351625"}],"wp:term":[{"taxonomy":"product_brand","embeddable":true,"href":"https:\/\/occasions-teile.ch\/fr\/wp-json\/wp\/v2\/product_brand?post=351625"},{"taxonomy":"product_cat","embeddable":true,"href":"https:\/\/occasions-teile.ch\/fr\/wp-json\/wp\/v2\/product_cat?post=351625"},{"taxonomy":"product_tag","embeddable":true,"href":"https:\/\/occasions-teile.ch\/fr\/wp-json\/wp\/v2\/product_tag?post=351625"}],"curies":[{"name":"wp","href":"https:\/\/api.w.org\/{rel}","templated":true}]}}