{"id":350515,"date":"2025-04-09T07:17:31","date_gmt":"2025-04-09T07:17:31","guid":{"rendered":"https:\/\/occasions-teile.ch\/product\/nissan-pathfinder-beifahrersitz\/"},"modified":"2025-04-09T07:38:02","modified_gmt":"2025-04-09T07:38:02","slug":"nissan-pathfinder-beifahrersitz","status":"publish","type":"product","link":"https:\/\/occasions-teile.ch\/fr\/produkt\/nissan-pathfinder-beifahrersitz\/","title":{"rendered":"Nissan Pathfinder  Beifahrersitz"},"content":{"rendered":"<p><span><b>Technische Daten<\/b><\/p>\n<p> Fahrzeug: Nissan Pathfinder<br \/>\n Chassis Nr.: VSKJVWR51U0002463<br \/>\n Baujahr: 2005<br \/>\n Kilometer: 234834 KM<br \/>\n Leistung: 174 KW<br \/>\n Hubraum: 2488 ccm<br \/>\n Typ: 1NA287<br \/>\n Farbcode: silber<br \/>\n Hinweise: &#8211;<\/p>\n<p> Versand: Versand nur in der Schweiz m\u00f6glich.Im Ausland ist der Transport k\u00e4uferseits.<br \/>\n Garantie: 3 Monate Garantie. Bitte beachten Sie, dass die Gew\u00e4hrleistung nur g\u00fcltig ist, wenn der Ersatzteileinbau durch eine Fachwerkstatt\/Meisterwerkstatt erfolgt. Das Ein- und Ausbau des Ersatzteiles kann nicht an uns verrechnet werden. <\/p>\n<p> Ersatzteil: f\u00fcr andere Fahrzeugen (Marken) verf\u00fcgbar auf anfrage. Tel.041 980 27 47. Mobil. 076 589 27 47<\/p>\n<p> Kontakt<br \/>\n  Adresse: Autoverwertung Brun AG<br \/>\n           M\u00f6\u00f6slimatten 13<br \/>\n           6218 Ettiswil<br \/>\n  Telefon: 0041 (041) 980 27 47<br \/>\n  Telefax: 0041 (041) 980 03 47<\/p>\n<p> Wir bieten Ihnen weitere gebrauchte Autoteile zum Kauf an.<br \/>\n Tags: Beifahrersitz, passenger seat, si\u00e8ge passager<br \/>\n<\/span><\/p>\n","protected":false},"excerpt":{"rendered":"<p>Technische Daten Fahrzeug: Nissan Pathfinder Chassis Nr.: VSKJVWR51U0002463 Baujahr: 2005 Kilometer: 234834 KM Leistung: 174 KW Hubraum: 2488 ccm Typ: 1NA287 Farbcode: silber Hinweise: &#8211; Versand: Versand nur in der Schweiz m\u00f6glich.Im Ausland ist der Transport k\u00e4uferseits. Garantie: 3 Monate Garantie. Bitte beachten Sie, dass die Gew\u00e4hrleistung nur g\u00fcltig ist, wenn der Ersatzteileinbau durch eine&hellip; <a class=\"more-link\" href=\"https:\/\/occasions-teile.ch\/fr\/produkt\/nissan-pathfinder-beifahrersitz\/\">Poursuivre la lecture <span class=\"screen-reader-text\">Nissan Pathfinder  Beifahrersitz<\/span><\/a><\/p>\n","protected":false},"featured_media":350512,"template":"","meta":[],"product_brand":[],"product_cat":[1534,1567,24434,804,804,804,1751,1751,1751,1534,1567,4991,4991,4991,1567,1534,24431,24431,24431],"product_tag":[],"class_list":{"0":"post-350515","1":"product","2":"type-product","3":"status-publish","4":"has-post-thumbnail","6":"product_cat-de-sonstiges-de-innenraum","7":"product_cat-de-beifahrersitz","8":"product_cat-de-iii-2-5dci-4wd","9":"product_cat-de-innenraum","12":"product_cat-de_nissan","17":"product_cat-de_slug_nissan_pathfinder_764","22":"product_cat-de-vskjvwr51u0002463-200000452","25":"product_shipping_class-tarif-4","26":"entry","28":"first","29":"instock","30":"taxable","31":"shipping-taxable","32":"purchasable","33":"product-type-simple"},"jetpack_sharing_enabled":true,"_links":{"self":[{"href":"https:\/\/occasions-teile.ch\/fr\/wp-json\/wp\/v2\/product\/350515","targetHints":{"allow":["GET"]}}],"collection":[{"href":"https:\/\/occasions-teile.ch\/fr\/wp-json\/wp\/v2\/product"}],"about":[{"href":"https:\/\/occasions-teile.ch\/fr\/wp-json\/wp\/v2\/types\/product"}],"wp:featuredmedia":[{"embeddable":true,"href":"https:\/\/occasions-teile.ch\/fr\/wp-json\/wp\/v2\/media\/350512"}],"wp:attachment":[{"href":"https:\/\/occasions-teile.ch\/fr\/wp-json\/wp\/v2\/media?parent=350515"}],"wp:term":[{"taxonomy":"product_brand","embeddable":true,"href":"https:\/\/occasions-teile.ch\/fr\/wp-json\/wp\/v2\/product_brand?post=350515"},{"taxonomy":"product_cat","embeddable":true,"href":"https:\/\/occasions-teile.ch\/fr\/wp-json\/wp\/v2\/product_cat?post=350515"},{"taxonomy":"product_tag","embeddable":true,"href":"https:\/\/occasions-teile.ch\/fr\/wp-json\/wp\/v2\/product_tag?post=350515"}],"curies":[{"name":"wp","href":"https:\/\/api.w.org\/{rel}","templated":true}]}}