{"id":350492,"date":"2025-04-07T15:42:27","date_gmt":"2025-04-07T15:42:27","guid":{"rendered":"https:\/\/occasions-teile.ch\/product\/suzuki-sx4-anlasser-4\/"},"modified":"2025-04-07T16:09:18","modified_gmt":"2025-04-07T16:09:18","slug":"suzuki-sx4-anlasser-4","status":"publish","type":"product","link":"https:\/\/occasions-teile.ch\/fr\/produkt\/suzuki-sx4-anlasser-4\/","title":{"rendered":"Suzuki SX4  Anlasser"},"content":{"rendered":"<p><span><b>Technische Daten<\/b><\/p>\n<p> Fahrzeug: Suzuki SX4<br \/>\n Chassis Nr.: TSMJYB22S00137222<br \/>\n Baujahr: 2014<br \/>\n Kilometer: 68945 KM<br \/>\n Leistung: 120 KW<br \/>\n Hubraum: 1586 ccm<br \/>\n Typ: 1SD765<br \/>\n Farbcode: White\/Weiss<br \/>\n Hinweise: &#8211;<\/p>\n<p> Versand: Versand nur in der Schweiz m\u00f6glich.Im Ausland ist der Transport k\u00e4uferseits.<br \/>\n Garantie: 3 Monate Garantie. Bitte beachten Sie, dass die Gew\u00e4hrleistung nur g\u00fcltig ist, wenn der Ersatzteileinbau durch eine Fachwerkstatt\/Meisterwerkstatt erfolgt. Das Ein- und Ausbau des Ersatzteiles kann nicht an uns verrechnet werden. <\/p>\n<p> Ersatzteil: f\u00fcr andere Fahrzeugen (Marken) verf\u00fcgbar auf anfrage. Tel.041 980 27 47. Mobil. 076 589 27 47<\/p>\n<p> Kontakt<br \/>\n  Adresse: Autoverwertung Brun AG<br \/>\n           M\u00f6\u00f6slimatten 13<br \/>\n           6218 Ettiswil<br \/>\n  Telefon: 0041 (041) 980 27 47<br \/>\n  Telefax: 0041 (041) 980 03 47<\/p>\n<p> Wir bieten Ihnen weitere gebrauchte Autoteile zum Kauf an.<br \/>\n Tags: Anlasser, Starter motor, De\u00b4marreur<br \/>\n<\/span><\/p>\n","protected":false},"excerpt":{"rendered":"<p>Technische Daten Fahrzeug: Suzuki SX4 Chassis Nr.: TSMJYB22S00137222 Baujahr: 2014 Kilometer: 68945 KM Leistung: 120 KW Hubraum: 1586 ccm Typ: 1SD765 Farbcode: White\/Weiss Hinweise: &#8211; Versand: Versand nur in der Schweiz m\u00f6glich.Im Ausland ist der Transport k\u00e4uferseits. Garantie: 3 Monate Garantie. Bitte beachten Sie, dass die Gew\u00e4hrleistung nur g\u00fcltig ist, wenn der Ersatzteileinbau durch eine&hellip; <a class=\"more-link\" href=\"https:\/\/occasions-teile.ch\/fr\/produkt\/suzuki-sx4-anlasser-4\/\">Poursuivre la lecture <span class=\"screen-reader-text\">Suzuki SX4  Anlasser<\/span><\/a><\/p>\n","protected":false},"featured_media":350489,"template":"","meta":[],"product_brand":[],"product_cat":[693,694,697,698,627,624,621,24442,695,696,449,452,455,2376,2380,2374,24441,24439,24440],"product_tag":[],"class_list":{"0":"post-350492","1":"product","2":"type-product","3":"status-publish","4":"has-post-thumbnail","6":"product_cat-de-anlasser","7":"product_cat-de-anlasser-de-anlasser","8":"product_cat-fr-demarreur","9":"product_cat-fr-demarreur-fr-demarreur","10":"product_cat-fr-electricite-dispositifs-de-commande","11":"product_cat-en-electrics-control-units","12":"product_cat-de-elektrik-steuergeraete","13":"product_cat-de-s-cross-1-6allgrip","14":"product_cat-en-starter-motor","15":"product_cat-en-starter-motor-en-starter-motor","16":"product_cat-suzuki","17":"product_cat-en_suzuki","18":"product_cat-fr_suzuki","19":"product_cat-en_sx4","20":"product_cat-fr_sx4-fr_suzuki","21":"product_cat-de_sx4","22":"product_cat-fr-tsmjyb22s00137222-200000455","23":"product_cat-de-tsmjyb22s00137222-200000455","24":"product_cat-en-tsmjyb22s00137222-200000455","25":"product_shipping_class-tarif-1","26":"entry","28":"first","29":"instock","30":"taxable","31":"shipping-taxable","32":"purchasable","33":"product-type-simple"},"jetpack_sharing_enabled":true,"_links":{"self":[{"href":"https:\/\/occasions-teile.ch\/fr\/wp-json\/wp\/v2\/product\/350492","targetHints":{"allow":["GET"]}}],"collection":[{"href":"https:\/\/occasions-teile.ch\/fr\/wp-json\/wp\/v2\/product"}],"about":[{"href":"https:\/\/occasions-teile.ch\/fr\/wp-json\/wp\/v2\/types\/product"}],"wp:featuredmedia":[{"embeddable":true,"href":"https:\/\/occasions-teile.ch\/fr\/wp-json\/wp\/v2\/media\/350489"}],"wp:attachment":[{"href":"https:\/\/occasions-teile.ch\/fr\/wp-json\/wp\/v2\/media?parent=350492"}],"wp:term":[{"taxonomy":"product_brand","embeddable":true,"href":"https:\/\/occasions-teile.ch\/fr\/wp-json\/wp\/v2\/product_brand?post=350492"},{"taxonomy":"product_cat","embeddable":true,"href":"https:\/\/occasions-teile.ch\/fr\/wp-json\/wp\/v2\/product_cat?post=350492"},{"taxonomy":"product_tag","embeddable":true,"href":"https:\/\/occasions-teile.ch\/fr\/wp-json\/wp\/v2\/product_tag?post=350492"}],"curies":[{"name":"wp","href":"https:\/\/api.w.org\/{rel}","templated":true}]}}