{"id":348931,"date":"2025-03-24T16:45:45","date_gmt":"2025-03-24T16:45:45","guid":{"rendered":"https:\/\/occasions-teile.ch\/product\/peugeot-3008-rueckleuchte-links-5\/"},"modified":"2026-01-08T16:16:28","modified_gmt":"2026-01-08T16:16:28","slug":"peugeot-3008-rueckleuchte-links-5","status":"publish","type":"product","link":"https:\/\/occasions-teile.ch\/fr\/produkt\/peugeot-3008-rueckleuchte-links-5\/","title":{"rendered":"Peugeot 3008  R\u00fcckleuchte links"},"content":{"rendered":"<p><b>Technische Daten<\/b><\/p>\n<p>Fahrzeug: Peugeot 3008<br \/>\nChassis Nr.: VF3HURHCMFS223094<br \/>\nBaujahr: 2015<br \/>\nKilometer: 92398 KM<br \/>\nLeistung: 200 KW<br \/>\nHubraum: 1997 ccm<br \/>\nTyp: 1PB861<br \/>\nFarbcode: grau<br \/>\nHinweise: &#8211;<\/p>\n<p>Versand: Versand nur in der Schweiz m\u00f6glich.Im Ausland ist der Transport k\u00e4uferseits.<br \/>\nGarantie: 3 Monate Garantie. Bitte beachten Sie, dass die Gew\u00e4hrleistung nur g\u00fcltig ist, wenn der Ersatzteileinbau durch eine Fachwerkstatt\/Meisterwerkstatt erfolgt. Das Ein- und Ausbau des Ersatzteiles kann nicht an uns verrechnet werden.<\/p>\n<p>Ersatzteil: f\u00fcr andere Fahrzeugen (Marken) verf\u00fcgbar auf anfrage. Tel.041 980 27 47. Mobil. 076 589 27 47<\/p>\n<p>Kontakt<br \/>\nAdresse: Autoverwertung Brun AG<br \/>\nM\u00f6\u00f6slimatten 13<br \/>\n6218 Ettiswil<br \/>\nTelefon: 0041 (041) 980 27 47<br \/>\nTelefax: 0041 (041) 980 03 47<\/p>\n<p>Wir bieten Ihnen weitere gebrauchte Autoteile zum Kauf an.<br \/>\nTags: R\u00fcckleuchte links, Tail light links, Feu arrie`re gauche<\/p>\n","protected":false},"excerpt":{"rendered":"<p>Technische Daten Fahrzeug: Peugeot 3008 Chassis Nr.: VF3HURHCMFS223094 Baujahr: 2015 Kilometer: 92398 KM Leistung: 200 KW Hubraum: 1997 ccm Typ: 1PB861 Farbcode: grau Hinweise: &#8211; Versand: Versand nur in der Schweiz m\u00f6glich.Im Ausland ist der Transport k\u00e4uferseits. Garantie: 3 Monate Garantie. Bitte beachten Sie, dass die Gew\u00e4hrleistung nur g\u00fcltig ist, wenn der Ersatzteileinbau durch eine&hellip; <a class=\"more-link\" href=\"https:\/\/occasions-teile.ch\/fr\/produkt\/peugeot-3008-rueckleuchte-links-5\/\">Poursuivre la lecture <span class=\"screen-reader-text\">Peugeot 3008  R\u00fcckleuchte links<\/span><\/a><\/p>\n","protected":false},"featured_media":348928,"template":"","meta":[],"product_brand":[],"product_cat":[24416,3857,521,1184,1121,1122,24413],"product_tag":[],"class_list":{"0":"post-348931","1":"product","2":"type-product","3":"status-publish","4":"has-post-thumbnail","6":"product_cat-de-2-0-hdi-hybrid4","7":"product_cat-de_slug_peugeot_3008_605","8":"product_cat-de-karosserie-heck","9":"product_cat-de_peugeot","10":"product_cat-de-rueckleuchte","11":"product_cat-de-rueckleuchte-links","12":"product_cat-de-vf3hurhcmfs223094-200000445","13":"product_shipping_class-tarif-1","14":"entry","16":"first","17":"instock","18":"taxable","19":"shipping-taxable","20":"purchasable","21":"product-type-simple"},"jetpack_sharing_enabled":true,"_links":{"self":[{"href":"https:\/\/occasions-teile.ch\/fr\/wp-json\/wp\/v2\/product\/348931","targetHints":{"allow":["GET"]}}],"collection":[{"href":"https:\/\/occasions-teile.ch\/fr\/wp-json\/wp\/v2\/product"}],"about":[{"href":"https:\/\/occasions-teile.ch\/fr\/wp-json\/wp\/v2\/types\/product"}],"wp:featuredmedia":[{"embeddable":true,"href":"https:\/\/occasions-teile.ch\/fr\/wp-json\/wp\/v2\/media\/348928"}],"wp:attachment":[{"href":"https:\/\/occasions-teile.ch\/fr\/wp-json\/wp\/v2\/media?parent=348931"}],"wp:term":[{"taxonomy":"product_brand","embeddable":true,"href":"https:\/\/occasions-teile.ch\/fr\/wp-json\/wp\/v2\/product_brand?post=348931"},{"taxonomy":"product_cat","embeddable":true,"href":"https:\/\/occasions-teile.ch\/fr\/wp-json\/wp\/v2\/product_cat?post=348931"},{"taxonomy":"product_tag","embeddable":true,"href":"https:\/\/occasions-teile.ch\/fr\/wp-json\/wp\/v2\/product_tag?post=348931"}],"curies":[{"name":"wp","href":"https:\/\/api.w.org\/{rel}","templated":true}]}}