{"id":348905,"date":"2025-03-24T16:15:55","date_gmt":"2025-03-24T16:15:55","guid":{"rendered":"https:\/\/occasions-teile.ch\/product\/peugeot-3008-schalter-mittelkonsole-armaturenbrett\/"},"modified":"2025-03-24T16:46:16","modified_gmt":"2025-03-24T16:46:16","slug":"peugeot-3008-schalter-mittelkonsole-armaturenbrett","status":"publish","type":"product","link":"https:\/\/occasions-teile.ch\/fr\/produkt\/peugeot-3008-schalter-mittelkonsole-armaturenbrett\/","title":{"rendered":"Peugeot 3008  Schalter Mittelkonsole, Armaturenbrett"},"content":{"rendered":"<p><span><b>Technische Daten<\/b><\/p>\n<p> Fahrzeug: Peugeot 3008<br \/>\n Chassis Nr.: VF3HURHCMFS223094<br \/>\n Baujahr: 2015<br \/>\n Kilometer: 92398 KM<br \/>\n Leistung: 200 KW<br \/>\n Hubraum: 1997 ccm<br \/>\n Typ: 1PB861<br \/>\n Farbcode: grau<br \/>\n Hinweise: &#8211;<\/p>\n<p> Versand: Versand nur in der Schweiz m\u00f6glich.Im Ausland ist der Transport k\u00e4uferseits.<br \/>\n Garantie: 3 Monate Garantie. Bitte beachten Sie, dass die Gew\u00e4hrleistung nur g\u00fcltig ist, wenn der Ersatzteileinbau durch eine Fachwerkstatt\/Meisterwerkstatt erfolgt. Das Ein- und Ausbau des Ersatzteiles kann nicht an uns verrechnet werden. <\/p>\n<p> Ersatzteil: f\u00fcr andere Fahrzeugen (Marken) verf\u00fcgbar auf anfrage. Tel.041 980 27 47. Mobil. 076 589 27 47<\/p>\n<p> Kontakt<br \/>\n  Adresse: Autoverwertung Brun AG<br \/>\n           M\u00f6\u00f6slimatten 13<br \/>\n           6218 Ettiswil<br \/>\n  Telefon: 0041 (041) 980 27 47<br \/>\n  Telefax: 0041 (041) 980 03 47<\/p>\n<p> Wir bieten Ihnen weitere gebrauchte Autoteile zum Kauf an.<br \/>\n Tags: Schalter Mittelkonsole, Armaturenbrett, Switch Center console, Dashboard , Interrupteur Console centrale,tableau de bord<br \/>\n<\/span><\/p>\n","protected":false},"excerpt":{"rendered":"<p>Technische Daten Fahrzeug: Peugeot 3008 Chassis Nr.: VF3HURHCMFS223094 Baujahr: 2015 Kilometer: 92398 KM Leistung: 200 KW Hubraum: 1997 ccm Typ: 1PB861 Farbcode: grau Hinweise: &#8211; Versand: Versand nur in der Schweiz m\u00f6glich.Im Ausland ist der Transport k\u00e4uferseits. Garantie: 3 Monate Garantie. Bitte beachten Sie, dass die Gew\u00e4hrleistung nur g\u00fcltig ist, wenn der Ersatzteileinbau durch eine&hellip; <a class=\"more-link\" href=\"https:\/\/occasions-teile.ch\/fr\/produkt\/peugeot-3008-schalter-mittelkonsole-armaturenbrett\/\">Poursuivre la lecture <span class=\"screen-reader-text\">Peugeot 3008  Schalter Mittelkonsole, Armaturenbrett<\/span><\/a><\/p>\n","protected":false},"featured_media":348902,"template":"","meta":[],"product_brand":[],"product_cat":[24416,3857,3858,3859,627,624,621,628,1447,1184,1187,1190,622,1445,625,1446,24413,24414,24415],"product_tag":[],"class_list":{"0":"post-348905","1":"product","2":"type-product","3":"status-publish","4":"has-post-thumbnail","6":"product_cat-de-2-0-hdi-hybrid4","7":"product_cat-de_slug_peugeot_3008_605","8":"product_cat-en_slug_peugeot_3008_912","9":"product_cat-fr_slug_peugeot_3008_215","10":"product_cat-fr-electricite-dispositifs-de-commande","11":"product_cat-en-electrics-control-units","12":"product_cat-de-elektrik-steuergeraete","13":"product_cat-fr-interrupteur","14":"product_cat-fr-interrupteur-console-centraletableau-de-bord","15":"product_cat-de_peugeot","16":"product_cat-en_peugeot","17":"product_cat-fr_peugeot","18":"product_cat-de-schalter","19":"product_cat-de-schalter-mittelkonsole-armaturenbrett","20":"product_cat-en-switch","21":"product_cat-en-switch-center-console-dashboard","22":"product_cat-de-vf3hurhcmfs223094-200000445","23":"product_cat-en-vf3hurhcmfs223094-200000445","24":"product_cat-fr-vf3hurhcmfs223094-200000445","25":"product_shipping_class-tarif-1","26":"entry","28":"first","29":"instock","30":"taxable","31":"shipping-taxable","32":"purchasable","33":"product-type-simple"},"jetpack_sharing_enabled":true,"_links":{"self":[{"href":"https:\/\/occasions-teile.ch\/fr\/wp-json\/wp\/v2\/product\/348905","targetHints":{"allow":["GET"]}}],"collection":[{"href":"https:\/\/occasions-teile.ch\/fr\/wp-json\/wp\/v2\/product"}],"about":[{"href":"https:\/\/occasions-teile.ch\/fr\/wp-json\/wp\/v2\/types\/product"}],"wp:featuredmedia":[{"embeddable":true,"href":"https:\/\/occasions-teile.ch\/fr\/wp-json\/wp\/v2\/media\/348902"}],"wp:attachment":[{"href":"https:\/\/occasions-teile.ch\/fr\/wp-json\/wp\/v2\/media?parent=348905"}],"wp:term":[{"taxonomy":"product_brand","embeddable":true,"href":"https:\/\/occasions-teile.ch\/fr\/wp-json\/wp\/v2\/product_brand?post=348905"},{"taxonomy":"product_cat","embeddable":true,"href":"https:\/\/occasions-teile.ch\/fr\/wp-json\/wp\/v2\/product_cat?post=348905"},{"taxonomy":"product_tag","embeddable":true,"href":"https:\/\/occasions-teile.ch\/fr\/wp-json\/wp\/v2\/product_tag?post=348905"}],"curies":[{"name":"wp","href":"https:\/\/api.w.org\/{rel}","templated":true}]}}