{"id":348354,"date":"2025-03-20T16:24:04","date_gmt":"2025-03-20T16:24:04","guid":{"rendered":"https:\/\/occasions-teile.ch\/product\/renault-zoe-achsschenkel-hinten-links\/"},"modified":"2025-03-20T16:24:28","modified_gmt":"2025-03-20T16:24:28","slug":"renault-zoe-achsschenkel-hinten-links","status":"publish","type":"product","link":"https:\/\/occasions-teile.ch\/fr\/produkt\/renault-zoe-achsschenkel-hinten-links\/","title":{"rendered":"Renault Zoe  Achsschenkel hinten links"},"content":{"rendered":"<p><span><b>Technische Daten<\/b><\/p>\n<p> Fahrzeug: Renault Zoe<br \/>\n Chassis Nr.: VF1AG000964745233<br \/>\n Baujahr: 2019<br \/>\n Kilometer: 70000 KM<br \/>\n Leistung: 136 KW<br \/>\n Hubraum: 0 ccm<br \/>\n Typ: 1RD203<br \/>\n Farbcode: White\/Weiss<br \/>\n Hinweise: &#8211;<\/p>\n<p> Versand: Versand nur in der Schweiz m\u00f6glich.Im Ausland ist der Transport k\u00e4uferseits.<br \/>\n Garantie: 3 Monate Garantie. Bitte beachten Sie, dass die Gew\u00e4hrleistung nur g\u00fcltig ist, wenn der Ersatzteileinbau durch eine Fachwerkstatt\/Meisterwerkstatt erfolgt. Das Ein- und Ausbau des Ersatzteiles kann nicht an uns verrechnet werden. <\/p>\n<p> Ersatzteil: f\u00fcr andere Fahrzeugen (Marken) verf\u00fcgbar auf anfrage. Tel.041 980 27 47. Mobil. 076 589 27 47<\/p>\n<p> Kontakt<br \/>\n  Adresse: Autoverwertung Brun AG<br \/>\n           M\u00f6\u00f6slimatten 13<br \/>\n           6218 Ettiswil<br \/>\n  Telefon: 0041 (041) 980 27 47<br \/>\n  Telefax: 0041 (041) 980 03 47<\/p>\n<p> Wir bieten Ihnen weitere gebrauchte Autoteile zum Kauf an.<br \/>\n Tags: Achsschenkel hinten links, Knuckle rear left , Fuse\u00b4e arrie`re gauche<br \/>\n<\/span><\/p>\n","protected":false},"excerpt":{"rendered":"<p>Technische Daten Fahrzeug: Renault Zoe Chassis Nr.: VF1AG000964745233 Baujahr: 2019 Kilometer: 70000 KM Leistung: 136 KW Hubraum: 0 ccm Typ: 1RD203 Farbcode: White\/Weiss Hinweise: &#8211; Versand: Versand nur in der Schweiz m\u00f6glich.Im Ausland ist der Transport k\u00e4uferseits. Garantie: 3 Monate Garantie. Bitte beachten Sie, dass die Gew\u00e4hrleistung nur g\u00fcltig ist, wenn der Ersatzteileinbau durch eine&hellip; <a class=\"more-link\" href=\"https:\/\/occasions-teile.ch\/fr\/produkt\/renault-zoe-achsschenkel-hinten-links\/\">Poursuivre la lecture <span class=\"screen-reader-text\">Renault Zoe  Achsschenkel hinten links<\/span><\/a><\/p>\n","protected":false},"featured_media":348351,"template":"","meta":[],"product_brand":[],"product_cat":[1083,542,541,541,1083,542,1083,2433,2433,2433,542,541,24405,24407,24403,24408,24404,24406],"product_tag":[],"class_list":{"0":"post-348354","1":"product","2":"type-product","3":"status-publish","4":"has-post-thumbnail","6":"product_cat-de-achsschenkel-hinten-links","7":"product_cat-de-achsschenkel-radnaben","8":"product_cat-de-fahrwerk-lenkung","13":"product_cat-de_renault","18":"product_cat-en-vf1ag000964745233-200000444","19":"product_cat-fr-vf1ag000964745233-200000444","20":"product_cat-de-vf1ag000964745233-200000444","21":"product_cat-fr_slug_renault_zoe_59","22":"product_cat-de_slug_renault_zoe_304","23":"product_cat-en_slug_renault_zoe_560","24":"product_shipping_class-tarif-2","25":"entry","27":"first","28":"instock","29":"taxable","30":"shipping-taxable","31":"purchasable","32":"product-type-simple"},"jetpack_sharing_enabled":true,"_links":{"self":[{"href":"https:\/\/occasions-teile.ch\/fr\/wp-json\/wp\/v2\/product\/348354","targetHints":{"allow":["GET"]}}],"collection":[{"href":"https:\/\/occasions-teile.ch\/fr\/wp-json\/wp\/v2\/product"}],"about":[{"href":"https:\/\/occasions-teile.ch\/fr\/wp-json\/wp\/v2\/types\/product"}],"wp:featuredmedia":[{"embeddable":true,"href":"https:\/\/occasions-teile.ch\/fr\/wp-json\/wp\/v2\/media\/348351"}],"wp:attachment":[{"href":"https:\/\/occasions-teile.ch\/fr\/wp-json\/wp\/v2\/media?parent=348354"}],"wp:term":[{"taxonomy":"product_brand","embeddable":true,"href":"https:\/\/occasions-teile.ch\/fr\/wp-json\/wp\/v2\/product_brand?post=348354"},{"taxonomy":"product_cat","embeddable":true,"href":"https:\/\/occasions-teile.ch\/fr\/wp-json\/wp\/v2\/product_cat?post=348354"},{"taxonomy":"product_tag","embeddable":true,"href":"https:\/\/occasions-teile.ch\/fr\/wp-json\/wp\/v2\/product_tag?post=348354"}],"curies":[{"name":"wp","href":"https:\/\/api.w.org\/{rel}","templated":true}]}}