{"id":344129,"date":"2025-02-20T10:01:46","date_gmt":"2025-02-20T10:01:46","guid":{"rendered":"https:\/\/occasions-teile.ch\/product\/vw-golf-turbolader-9\/"},"modified":"2025-02-20T10:57:56","modified_gmt":"2025-02-20T10:57:56","slug":"vw-golf-turbolader-9","status":"publish","type":"product","link":"https:\/\/occasions-teile.ch\/fr\/produkt\/vw-golf-turbolader-9\/","title":{"rendered":"VW Golf  Turbolader"},"content":{"rendered":"<p><span><b>Technische Daten<\/b><\/p>\n<p> Fahrzeug: VW Golf<br \/>\n Chassis Nr.: WVWZZZ1KZAP154539<br \/>\n Baujahr: 2010<br \/>\n Kilometer: 0 KM<br \/>\n Leistung: 122 KW<br \/>\n Hubraum: 1400 ccm<br \/>\n Typ: 1VD563<br \/>\n Farbcode: silber<br \/>\n Hinweise: &#8211;<\/p>\n<p> Versand: Versand nur in der Schweiz m\u00f6glich.Im Ausland ist der Transport k\u00e4uferseits.<br \/>\n Garantie: 3 Monate Garantie. Bitte beachten Sie, dass die Gew\u00e4hrleistung nur g\u00fcltig ist, wenn der Ersatzteileinbau durch eine Fachwerkstatt\/Meisterwerkstatt erfolgt. Das Ein- und Ausbau des Ersatzteiles kann nicht an uns verrechnet werden. <\/p>\n<p> Ersatzteil: f\u00fcr andere Fahrzeugen (Marken) verf\u00fcgbar auf anfrage. Tel.041 980 27 47. Mobil. 076 589 27 47<\/p>\n<p> Kontakt<br \/>\n  Adresse: Autoverwertung Brun AG<br \/>\n           M\u00f6\u00f6slimatten 13<br \/>\n           6218 Ettiswil<br \/>\n  Telefon: 0041 (041) 980 27 47<br \/>\n  Telefax: 0041 (041) 980 03 47<\/p>\n<p> Wir bieten Ihnen weitere gebrauchte Autoteile zum Kauf an.<br \/>\n Tags: Turbolader, Turbocharger, Turbocompresseur<br \/>\n<\/span><\/p>\n","protected":false},"excerpt":{"rendered":"<p>Technische Daten Fahrzeug: VW Golf Chassis Nr.: WVWZZZ1KZAP154539 Baujahr: 2010 Kilometer: 0 KM Leistung: 122 KW Hubraum: 1400 ccm Typ: 1VD563 Farbcode: silber Hinweise: &#8211; Versand: Versand nur in der Schweiz m\u00f6glich.Im Ausland ist der Transport k\u00e4uferseits. Garantie: 3 Monate Garantie. Bitte beachten Sie, dass die Gew\u00e4hrleistung nur g\u00fcltig ist, wenn der Ersatzteileinbau durch eine&hellip; <a class=\"more-link\" href=\"https:\/\/occasions-teile.ch\/fr\/produkt\/vw-golf-turbolader-9\/\">Poursuivre la lecture <span class=\"screen-reader-text\">VW Golf  Turbolader<\/span><\/a><\/p>\n","protected":false},"featured_media":344126,"template":"","meta":[],"product_brand":[],"product_cat":[1281,1281,1281,23798,494,494,494,631,630,631,630,631,630,1280,1280,1280,1639,1639,1639],"product_tag":[],"class_list":{"0":"post-344129","1":"product","2":"type-product","3":"status-publish","4":"has-post-thumbnail","6":"product_cat-de_golf","9":"product_cat-de-golf-6-1-4tfsi-de_golf-de_volkswagen-manufacturer","10":"product_cat-de-motor","13":"product_cat-de-turbolader","14":"product_cat-de-turbolader-kompressor","19":"product_cat-de_volkswagen","22":"product_cat-de-wvwzzz1kzap154539","25":"product_shipping_class-tarif-1","26":"entry","28":"first","29":"instock","30":"taxable","31":"shipping-taxable","32":"purchasable","33":"product-type-simple"},"jetpack_sharing_enabled":true,"_links":{"self":[{"href":"https:\/\/occasions-teile.ch\/fr\/wp-json\/wp\/v2\/product\/344129","targetHints":{"allow":["GET"]}}],"collection":[{"href":"https:\/\/occasions-teile.ch\/fr\/wp-json\/wp\/v2\/product"}],"about":[{"href":"https:\/\/occasions-teile.ch\/fr\/wp-json\/wp\/v2\/types\/product"}],"wp:featuredmedia":[{"embeddable":true,"href":"https:\/\/occasions-teile.ch\/fr\/wp-json\/wp\/v2\/media\/344126"}],"wp:attachment":[{"href":"https:\/\/occasions-teile.ch\/fr\/wp-json\/wp\/v2\/media?parent=344129"}],"wp:term":[{"taxonomy":"product_brand","embeddable":true,"href":"https:\/\/occasions-teile.ch\/fr\/wp-json\/wp\/v2\/product_brand?post=344129"},{"taxonomy":"product_cat","embeddable":true,"href":"https:\/\/occasions-teile.ch\/fr\/wp-json\/wp\/v2\/product_cat?post=344129"},{"taxonomy":"product_tag","embeddable":true,"href":"https:\/\/occasions-teile.ch\/fr\/wp-json\/wp\/v2\/product_tag?post=344129"}],"curies":[{"name":"wp","href":"https:\/\/api.w.org\/{rel}","templated":true}]}}