{"id":342834,"date":"2025-02-11T15:41:40","date_gmt":"2025-02-11T15:41:40","guid":{"rendered":"https:\/\/occasions-teile.ch\/product\/audi-q3-behaelter-waschanlage-2\/"},"modified":"2025-02-11T16:39:24","modified_gmt":"2025-02-11T16:39:24","slug":"audi-q3-behaelter-waschanlage-2","status":"publish","type":"product","link":"https:\/\/occasions-teile.ch\/fr\/produkt\/audi-q3-behaelter-waschanlage-2\/","title":{"rendered":"Audi Q3  Beh\u00e4lter Waschanlage"},"content":{"rendered":"<p><span><b>Technische Daten<\/b><\/p>\n<p> Fahrzeug: Audi Q3<br \/>\n Chassis Nr.: WAUZZZF35L1093189<br \/>\n Baujahr: 2020<br \/>\n Kilometer: 80920 KM<br \/>\n Leistung: 190 KW<br \/>\n Hubraum: 2000 ccm<br \/>\n Typ: 1AK968<br \/>\n Farbcode: Schwarz<br \/>\n Hinweise: &#8211;<\/p>\n<p> Versand: Versand nur in der Schweiz m\u00f6glich.Im Ausland ist der Transport k\u00e4uferseits.<br \/>\n Garantie: 3 Monate Garantie. Bitte beachten Sie, dass die Gew\u00e4hrleistung nur g\u00fcltig ist, wenn der Ersatzteileinbau durch eine Fachwerkstatt\/Meisterwerkstatt erfolgt. Das Ein- und Ausbau des Ersatzteiles kann nicht an uns verrechnet werden. <\/p>\n<p> Ersatzteil: f\u00fcr andere Fahrzeugen (Marken) verf\u00fcgbar auf anfrage. Tel.041 980 27 47. Mobil. 076 589 27 47<\/p>\n<p> Kontakt<br \/>\n  Adresse: Autoverwertung Brun AG<br \/>\n           M\u00f6\u00f6slimatten 13<br \/>\n           6218 Ettiswil<br \/>\n  Telefon: 0041 (041) 980 27 47<br \/>\n  Telefax: 0041 (041) 980 03 47<\/p>\n<p> Wir bieten Ihnen weitere gebrauchte Autoteile zum Kauf an.<br \/>\n Tags: Beh\u00e4lter Waschanlage, Container Washer, Syste`me de lavage de re\u00b4cipients<br \/>\n<\/span><\/p>\n","protected":false},"excerpt":{"rendered":"<p>Technische Daten Fahrzeug: Audi Q3 Chassis Nr.: WAUZZZF35L1093189 Baujahr: 2020 Kilometer: 80920 KM Leistung: 190 KW Hubraum: 2000 ccm Typ: 1AK968 Farbcode: Schwarz Hinweise: &#8211; Versand: Versand nur in der Schweiz m\u00f6glich.Im Ausland ist der Transport k\u00e4uferseits. Garantie: 3 Monate Garantie. Bitte beachten Sie, dass die Gew\u00e4hrleistung nur g\u00fcltig ist, wenn der Ersatzteileinbau durch eine&hellip; <a class=\"more-link\" href=\"https:\/\/occasions-teile.ch\/fr\/produkt\/audi-q3-behaelter-waschanlage-2\/\">Poursuivre la lecture <span class=\"screen-reader-text\">Audi Q3  Beh\u00e4lter Waschanlage<\/span><\/a><\/p>\n","protected":false},"featured_media":342831,"template":"","meta":[],"product_brand":[],"product_cat":[458,461,464,1170,1169,1172,1171,675,1120,1116,1118,24318,669,1173,1174,24317,24315,24316,672],"product_tag":[],"class_list":{"0":"post-342834","1":"product","2":"type-product","3":"status-publish","4":"has-post-thumbnail","6":"product_cat-de_audi","7":"product_cat-en_audi","8":"product_cat-fr_audi","9":"product_cat-de-behaelter-waschanlage","10":"product_cat-de-behaelterwaschanlage","11":"product_cat-en-container-washer","12":"product_cat-en-containerwasher","13":"product_cat-fr-nettoyage-des-vitres","14":"product_cat-fr_q3","15":"product_cat-de_q3","16":"product_cat-en_q3","17":"product_cat-de-s-line","18":"product_cat-de-scheibenreinigung","19":"product_cat-fr-systeme-de-lavage-de-recipients","20":"product_cat-fr-systeme-de-lavage-de-recipients-fr-systeme-de-lavage-de-recipients","21":"product_cat-fr-wauzzzf35l1093189-200000424","22":"product_cat-de-wauzzzf35l1093189-200000424","23":"product_cat-en-wauzzzf35l1093189-200000424","24":"product_cat-en-window-cleaning","25":"product_shipping_class-tarif-1","26":"entry","28":"first","29":"instock","30":"taxable","31":"shipping-taxable","32":"purchasable","33":"product-type-simple"},"jetpack_sharing_enabled":true,"_links":{"self":[{"href":"https:\/\/occasions-teile.ch\/fr\/wp-json\/wp\/v2\/product\/342834","targetHints":{"allow":["GET"]}}],"collection":[{"href":"https:\/\/occasions-teile.ch\/fr\/wp-json\/wp\/v2\/product"}],"about":[{"href":"https:\/\/occasions-teile.ch\/fr\/wp-json\/wp\/v2\/types\/product"}],"wp:featuredmedia":[{"embeddable":true,"href":"https:\/\/occasions-teile.ch\/fr\/wp-json\/wp\/v2\/media\/342831"}],"wp:attachment":[{"href":"https:\/\/occasions-teile.ch\/fr\/wp-json\/wp\/v2\/media?parent=342834"}],"wp:term":[{"taxonomy":"product_brand","embeddable":true,"href":"https:\/\/occasions-teile.ch\/fr\/wp-json\/wp\/v2\/product_brand?post=342834"},{"taxonomy":"product_cat","embeddable":true,"href":"https:\/\/occasions-teile.ch\/fr\/wp-json\/wp\/v2\/product_cat?post=342834"},{"taxonomy":"product_tag","embeddable":true,"href":"https:\/\/occasions-teile.ch\/fr\/wp-json\/wp\/v2\/product_tag?post=342834"}],"curies":[{"name":"wp","href":"https:\/\/api.w.org\/{rel}","templated":true}]}}