{"id":342777,"date":"2025-02-11T11:23:15","date_gmt":"2025-02-11T11:23:15","guid":{"rendered":"https:\/\/occasions-teile.ch\/product\/audi-q3-felge-3\/"},"modified":"2025-02-11T11:46:32","modified_gmt":"2025-02-11T11:46:32","slug":"audi-q3-felge-3","status":"publish","type":"product","link":"https:\/\/occasions-teile.ch\/fr\/produkt\/audi-q3-felge-3\/","title":{"rendered":"Audi Q3  Felge"},"content":{"rendered":"<p><span><b>Technische Daten<\/b><\/p>\n<p> Fahrzeug: Audi Q3<br \/>\n Chassis Nr.: WAUZZZF35L1093189<br \/>\n Baujahr: 2020<br \/>\n Kilometer: 80920 KM<br \/>\n Leistung: 190 KW<br \/>\n Hubraum: 2000 ccm<br \/>\n Typ: 1AK968<br \/>\n Farbcode: Schwarz<br \/>\n Hinweise: Verkratzt<br \/>\n8.5Jx20H2 ET38<br \/>\nSommerreife 225\/40\/20 Continental 50% Profil<\/p>\n<p> Versand: Versand nur in der Schweiz m\u00f6glich.Im Ausland ist der Transport k\u00e4uferseits.<br \/>\n Garantie: 3 Monate Garantie. Bitte beachten Sie, dass die Gew\u00e4hrleistung nur g\u00fcltig ist, wenn der Ersatzteileinbau durch eine Fachwerkstatt\/Meisterwerkstatt erfolgt. Das Ein- und Ausbau des Ersatzteiles kann nicht an uns verrechnet werden. <\/p>\n<p> Ersatzteil: f\u00fcr andere Fahrzeugen (Marken) verf\u00fcgbar auf anfrage. Tel.041 980 27 47. Mobil. 076 589 27 47<\/p>\n<p> Kontakt<br \/>\n  Adresse: Autoverwertung Brun AG<br \/>\n           M\u00f6\u00f6slimatten 13<br \/>\n           6218 Ettiswil<br \/>\n  Telefon: 0041 (041) 980 27 47<br \/>\n  Telefax: 0041 (041) 980 03 47<\/p>\n<p> Wir bieten Ihnen weitere gebrauchte Autoteile zum Kauf an.<br \/>\n Tags: Felge, Rim, Rim<br \/>\n<\/span><\/p>\n","protected":false},"excerpt":{"rendered":"<p>Technische Daten Fahrzeug: Audi Q3 Chassis Nr.: WAUZZZF35L1093189 Baujahr: 2020 Kilometer: 80920 KM Leistung: 190 KW Hubraum: 2000 ccm Typ: 1AK968 Farbcode: Schwarz Hinweise: Verkratzt 8.5Jx20H2 ET38 Sommerreife 225\/40\/20 Continental 50% Profil Versand: Versand nur in der Schweiz m\u00f6glich.Im Ausland ist der Transport k\u00e4uferseits. Garantie: 3 Monate Garantie. Bitte beachten Sie, dass die Gew\u00e4hrleistung nur&hellip; <a class=\"more-link\" href=\"https:\/\/occasions-teile.ch\/fr\/produkt\/audi-q3-felge-3\/\">Poursuivre la lecture <span class=\"screen-reader-text\">Audi Q3  Felge<\/span><\/a><\/p>\n","protected":false},"featured_media":342774,"template":"","meta":[],"product_brand":[],"product_cat":[464,458,461,24297,1109,1113,1120,1116,1118,550,24298,24299,1111,556,24318,24316,24317,24315,553],"product_tag":[],"class_list":{"0":"post-342777","1":"product","2":"type-product","3":"status-publish","4":"has-post-thumbnail","6":"product_cat-fr_audi","7":"product_cat-de_audi","8":"product_cat-en_audi","9":"product_cat-de-felge-einzeln","10":"product_cat-de-felgeneinzeln","11":"product_cat-fr-jantes-seules","12":"product_cat-fr_q3","13":"product_cat-de_q3","14":"product_cat-en_q3","15":"product_cat-de-raeder-reifen-felgen","16":"product_cat-en-rim","17":"product_cat-fr-rim","18":"product_cat-en-rimssingle","19":"product_cat-fr-roues-pneus-jantes","20":"product_cat-de-s-line","21":"product_cat-en-wauzzzf35l1093189-200000424","22":"product_cat-fr-wauzzzf35l1093189-200000424","23":"product_cat-de-wauzzzf35l1093189-200000424","24":"product_cat-en-wheels-tires-rims","25":"product_shipping_class-tarif-4","26":"entry","28":"first","29":"instock","30":"taxable","31":"shipping-taxable","32":"purchasable","33":"product-type-simple"},"jetpack_sharing_enabled":true,"_links":{"self":[{"href":"https:\/\/occasions-teile.ch\/fr\/wp-json\/wp\/v2\/product\/342777","targetHints":{"allow":["GET"]}}],"collection":[{"href":"https:\/\/occasions-teile.ch\/fr\/wp-json\/wp\/v2\/product"}],"about":[{"href":"https:\/\/occasions-teile.ch\/fr\/wp-json\/wp\/v2\/types\/product"}],"wp:featuredmedia":[{"embeddable":true,"href":"https:\/\/occasions-teile.ch\/fr\/wp-json\/wp\/v2\/media\/342774"}],"wp:attachment":[{"href":"https:\/\/occasions-teile.ch\/fr\/wp-json\/wp\/v2\/media?parent=342777"}],"wp:term":[{"taxonomy":"product_brand","embeddable":true,"href":"https:\/\/occasions-teile.ch\/fr\/wp-json\/wp\/v2\/product_brand?post=342777"},{"taxonomy":"product_cat","embeddable":true,"href":"https:\/\/occasions-teile.ch\/fr\/wp-json\/wp\/v2\/product_cat?post=342777"},{"taxonomy":"product_tag","embeddable":true,"href":"https:\/\/occasions-teile.ch\/fr\/wp-json\/wp\/v2\/product_tag?post=342777"}],"curies":[{"name":"wp","href":"https:\/\/api.w.org\/{rel}","templated":true}]}}