{"id":342700,"date":"2025-02-10T14:25:44","date_gmt":"2025-02-10T14:25:44","guid":{"rendered":"https:\/\/occasions-teile.ch\/product\/alfa-romeo-tonale-abdeckung-motorabdeckung\/"},"modified":"2025-02-10T14:39:20","modified_gmt":"2025-02-10T14:39:20","slug":"alfa-romeo-tonale-abdeckung-motorabdeckung","status":"publish","type":"product","link":"https:\/\/occasions-teile.ch\/fr\/produkt\/alfa-romeo-tonale-abdeckung-motorabdeckung\/","title":{"rendered":"Alfa Romeo Tonale  Abdeckung Motorabdeckung"},"content":{"rendered":"<p><span><b>Technische Daten<\/b><\/p>\n<p> Fahrzeug: Alfa Romeo Tonale<br \/>\n Chassis Nr.: ZARPATDW7N3043516<br \/>\n Baujahr: 2023<br \/>\n Kilometer: 17500 KM<br \/>\n Leistung: 179 KW<br \/>\n Hubraum: 1332 ccm<br \/>\n Typ: 1AA771<br \/>\n Farbcode: White\/Weiss<br \/>\n Hinweise: &#8211;<\/p>\n<p> Versand: Versand nur in der Schweiz m\u00f6glich.Im Ausland ist der Transport k\u00e4uferseits.<br \/>\n Garantie: 3 Monate Garantie. Bitte beachten Sie, dass die Gew\u00e4hrleistung nur g\u00fcltig ist, wenn der Ersatzteileinbau durch eine Fachwerkstatt\/Meisterwerkstatt erfolgt. Das Ein- und Ausbau des Ersatzteiles kann nicht an uns verrechnet werden. <\/p>\n<p> Ersatzteil: f\u00fcr andere Fahrzeugen (Marken) verf\u00fcgbar auf anfrage. Tel.041 980 27 47. Mobil. 076 589 27 47<\/p>\n<p> Kontakt<br \/>\n  Adresse: Autoverwertung Brun AG<br \/>\n           M\u00f6\u00f6slimatten 13<br \/>\n           6218 Ettiswil<br \/>\n  Telefon: 0041 (041) 980 27 47<br \/>\n  Telefax: 0041 (041) 980 03 47<\/p>\n<p> Wir bieten Ihnen weitere gebrauchte Autoteile zum Kauf an.<br \/>\n Tags: Abdeckung Motorabdeckung , Cover engine cover, Capot moteur<br \/>\n<\/span><\/p>\n","protected":false},"excerpt":{"rendered":"<p>Technische Daten Fahrzeug: Alfa Romeo Tonale Chassis Nr.: ZARPATDW7N3043516 Baujahr: 2023 Kilometer: 17500 KM Leistung: 179 KW Hubraum: 1332 ccm Typ: 1AA771 Farbcode: White\/Weiss Hinweise: &#8211; Versand: Versand nur in der Schweiz m\u00f6glich.Im Ausland ist der Transport k\u00e4uferseits. Garantie: 3 Monate Garantie. Bitte beachten Sie, dass die Gew\u00e4hrleistung nur g\u00fcltig ist, wenn der Ersatzteileinbau durch&hellip; <a class=\"more-link\" href=\"https:\/\/occasions-teile.ch\/fr\/produkt\/alfa-romeo-tonale-abdeckung-motorabdeckung\/\">Poursuivre la lecture <span class=\"screen-reader-text\">Alfa Romeo Tonale  Abdeckung Motorabdeckung<\/span><\/a><\/p>\n","protected":false},"featured_media":342697,"template":"","meta":[],"product_brand":[],"product_cat":[23639,985,984,468,471,474,989,988,987,986,500,497,494,10852,10855,10858,10854,10857,10851],"product_tag":[],"class_list":{"0":"post-342700","1":"product","2":"type-product","3":"status-publish","4":"has-post-thumbnail","6":"product_cat-de-1-3-phev-de_slug_alfa-romeo_tonale_239-de_alfa-romeo-manufacturer-222","7":"product_cat-de-abdeckung-verkleidung-motor","8":"product_cat-de-abdeckung-verkleidungmotor","9":"product_cat-de_alfa-romeo","10":"product_cat-en_alfa-romeo","11":"product_cat-fr_alfa-romeo","12":"product_cat-fr-couverture-carenage-moteur","13":"product_cat-fr-couverture-carenagemoteur","14":"product_cat-en-cover-cladding-engine","15":"product_cat-en-cover-claddingengine","16":"product_cat-fr-moteur","17":"product_cat-en-motor","18":"product_cat-de-motor","19":"product_cat-de_slug_alfa-romeo_tonale_239","20":"product_cat-en_slug_alfa-romeo_tonale_67","21":"product_cat-fr_slug_alfa-romeo_tonale_874","22":"product_cat-en-zarpatdw7n3043516-200000279","23":"product_cat-fr-zarpatdw7n3043516-200000279","24":"product_cat-de-zarpatdw7n3043516-200000279","25":"product_shipping_class-tarif-1","26":"entry","28":"first","29":"instock","30":"taxable","31":"shipping-taxable","32":"purchasable","33":"product-type-simple"},"jetpack_sharing_enabled":true,"_links":{"self":[{"href":"https:\/\/occasions-teile.ch\/fr\/wp-json\/wp\/v2\/product\/342700","targetHints":{"allow":["GET"]}}],"collection":[{"href":"https:\/\/occasions-teile.ch\/fr\/wp-json\/wp\/v2\/product"}],"about":[{"href":"https:\/\/occasions-teile.ch\/fr\/wp-json\/wp\/v2\/types\/product"}],"wp:featuredmedia":[{"embeddable":true,"href":"https:\/\/occasions-teile.ch\/fr\/wp-json\/wp\/v2\/media\/342697"}],"wp:attachment":[{"href":"https:\/\/occasions-teile.ch\/fr\/wp-json\/wp\/v2\/media?parent=342700"}],"wp:term":[{"taxonomy":"product_brand","embeddable":true,"href":"https:\/\/occasions-teile.ch\/fr\/wp-json\/wp\/v2\/product_brand?post=342700"},{"taxonomy":"product_cat","embeddable":true,"href":"https:\/\/occasions-teile.ch\/fr\/wp-json\/wp\/v2\/product_cat?post=342700"},{"taxonomy":"product_tag","embeddable":true,"href":"https:\/\/occasions-teile.ch\/fr\/wp-json\/wp\/v2\/product_tag?post=342700"}],"curies":[{"name":"wp","href":"https:\/\/api.w.org\/{rel}","templated":true}]}}