{"id":342660,"date":"2025-02-08T14:06:45","date_gmt":"2025-02-08T14:06:45","guid":{"rendered":"https:\/\/occasions-teile.ch\/product\/opel-insignia-stossstange-stossfaenger-hinten\/"},"modified":"2025-02-08T14:07:09","modified_gmt":"2025-02-08T14:07:09","slug":"opel-insignia-stossstange-stossfaenger-hinten","status":"publish","type":"product","link":"https:\/\/occasions-teile.ch\/fr\/produkt\/opel-insignia-stossstange-stossfaenger-hinten\/","title":{"rendered":"Opel Insignia  Stossstange Stossf\u00e4nger hinten"},"content":{"rendered":"<p><span><b>Technische Daten<\/b><\/p>\n<p> Fahrzeug: Opel Insignia<br \/>\n Chassis Nr.: W0LGS8EU7E1186199<br \/>\n Baujahr: 2014<br \/>\n Kilometer: 105888 KM<br \/>\n Leistung: 250 KW<br \/>\n Hubraum: 1998 ccm<br \/>\n Typ: 1OC158<br \/>\n Farbcode: grau<br \/>\n Hinweise: &#8211;<\/p>\n<p> Versand: Versand nur in der Schweiz m\u00f6glich.Im Ausland ist der Transport k\u00e4uferseits.<br \/>\n Garantie: 3 Monate Garantie. Bitte beachten Sie, dass die Gew\u00e4hrleistung nur g\u00fcltig ist, wenn der Ersatzteileinbau durch eine Fachwerkstatt\/Meisterwerkstatt erfolgt. Das Ein- und Ausbau des Ersatzteiles kann nicht an uns verrechnet werden. <\/p>\n<p> Ersatzteil: f\u00fcr andere Fahrzeugen (Marken) verf\u00fcgbar auf anfrage. Tel.041 980 27 47. Mobil. 076 589 27 47<\/p>\n<p> Kontakt<br \/>\n  Adresse: Autoverwertung Brun AG<br \/>\n           M\u00f6\u00f6slimatten 13<br \/>\n           6218 Ettiswil<br \/>\n  Telefon: 0041 (041) 980 27 47<br \/>\n  Telefax: 0041 (041) 980 03 47<\/p>\n<p> Wir bieten Ihnen weitere gebrauchte Autoteile zum Kauf an.<br \/>\n Tags: Stossstange Stossf\u00e4nger hinten, Rear bumper, Pare-chocs arrie`re<br \/>\n<\/span><\/p>\n","protected":false},"excerpt":{"rendered":"<p>Technische Daten Fahrzeug: Opel Insignia Chassis Nr.: W0LGS8EU7E1186199 Baujahr: 2014 Kilometer: 105888 KM Leistung: 250 KW Hubraum: 1998 ccm Typ: 1OC158 Farbcode: grau Hinweise: &#8211; Versand: Versand nur in der Schweiz m\u00f6glich.Im Ausland ist der Transport k\u00e4uferseits. Garantie: 3 Monate Garantie. Bitte beachten Sie, dass die Gew\u00e4hrleistung nur g\u00fcltig ist, wenn der Ersatzteileinbau durch eine&hellip; <a class=\"more-link\" href=\"https:\/\/occasions-teile.ch\/fr\/produkt\/opel-insignia-stossstange-stossfaenger-hinten\/\">Poursuivre la lecture <span class=\"screen-reader-text\">Opel Insignia  Stossstange Stossf\u00e4nger hinten<\/span><\/a><\/p>\n","protected":false},"featured_media":342657,"template":"","meta":[],"product_brand":[],"product_cat":[524,752,524,1869,1869,1869,524,616,616,616,753,752,753,752,753,1868,1868,1868],"product_tag":[],"class_list":{"0":"post-342660","1":"product","2":"type-product","3":"status-publish","4":"has-post-thumbnail","6":"product_cat-en-body-rear","7":"product_cat-en-bumper-rearparts","9":"product_cat-en_insignia","13":"product_cat-en_opel","16":"product_cat-en-rear-bumper","21":"product_cat-en-w0lgs8eu7e1186199","24":"product_shipping_class-tarif-3-en","25":"entry","27":"first","28":"instock","29":"taxable","30":"shipping-taxable","31":"purchasable","32":"product-type-simple"},"jetpack_sharing_enabled":true,"_links":{"self":[{"href":"https:\/\/occasions-teile.ch\/fr\/wp-json\/wp\/v2\/product\/342660","targetHints":{"allow":["GET"]}}],"collection":[{"href":"https:\/\/occasions-teile.ch\/fr\/wp-json\/wp\/v2\/product"}],"about":[{"href":"https:\/\/occasions-teile.ch\/fr\/wp-json\/wp\/v2\/types\/product"}],"wp:featuredmedia":[{"embeddable":true,"href":"https:\/\/occasions-teile.ch\/fr\/wp-json\/wp\/v2\/media\/342657"}],"wp:attachment":[{"href":"https:\/\/occasions-teile.ch\/fr\/wp-json\/wp\/v2\/media?parent=342660"}],"wp:term":[{"taxonomy":"product_brand","embeddable":true,"href":"https:\/\/occasions-teile.ch\/fr\/wp-json\/wp\/v2\/product_brand?post=342660"},{"taxonomy":"product_cat","embeddable":true,"href":"https:\/\/occasions-teile.ch\/fr\/wp-json\/wp\/v2\/product_cat?post=342660"},{"taxonomy":"product_tag","embeddable":true,"href":"https:\/\/occasions-teile.ch\/fr\/wp-json\/wp\/v2\/product_tag?post=342660"}],"curies":[{"name":"wp","href":"https:\/\/api.w.org\/{rel}","templated":true}]}}