{"id":342577,"date":"2025-02-06T17:37:14","date_gmt":"2025-02-06T17:37:14","guid":{"rendered":"https:\/\/occasions-teile.ch\/product\/audi-q3-start-stop-schalter\/"},"modified":"2025-02-06T17:39:18","modified_gmt":"2025-02-06T17:39:18","slug":"audi-q3-start-stop-schalter","status":"publish","type":"product","link":"https:\/\/occasions-teile.ch\/fr\/produkt\/audi-q3-start-stop-schalter\/","title":{"rendered":"Audi Q3  start\/stop schalter"},"content":{"rendered":"<p><span><b>Technische Daten<\/b><\/p>\n<p> Fahrzeug: Audi Q3<br \/>\n Chassis Nr.: WAUZZZF35L1093189<br \/>\n Baujahr: 2020<br \/>\n Kilometer: 80920 KM<br \/>\n Leistung: 190 KW<br \/>\n Hubraum: 2000 ccm<br \/>\n Typ: 1AK968<br \/>\n Farbcode: Schwarz<br \/>\n Hinweise: &#8211;<\/p>\n<p> Versand: Versand nur in der Schweiz m\u00f6glich.Im Ausland ist der Transport k\u00e4uferseits.<br \/>\n Garantie: 3 Monate Garantie. Bitte beachten Sie, dass die Gew\u00e4hrleistung nur g\u00fcltig ist, wenn der Ersatzteileinbau durch eine Fachwerkstatt\/Meisterwerkstatt erfolgt. Das Ein- und Ausbau des Ersatzteiles kann nicht an uns verrechnet werden. <\/p>\n<p> Ersatzteil: f\u00fcr andere Fahrzeugen (Marken) verf\u00fcgbar auf anfrage. Tel.041 980 27 47. Mobil. 076 589 27 47<\/p>\n<p> Kontakt<br \/>\n  Adresse: Autoverwertung Brun AG<br \/>\n           M\u00f6\u00f6slimatten 13<br \/>\n           6218 Ettiswil<br \/>\n  Telefon: 0041 (041) 980 27 47<br \/>\n  Telefax: 0041 (041) 980 03 47<\/p>\n<p> Wir bieten Ihnen weitere gebrauchte Autoteile zum Kauf an.<br \/>\n Tags: start\/stop schalter, start stop switch, interrupteur marche\/arr\u00eat<br \/>\n<\/span><\/p>\n","protected":false},"excerpt":{"rendered":"<p>Technische Daten Fahrzeug: Audi Q3 Chassis Nr.: WAUZZZF35L1093189 Baujahr: 2020 Kilometer: 80920 KM Leistung: 190 KW Hubraum: 2000 ccm Typ: 1AK968 Farbcode: Schwarz Hinweise: &#8211; Versand: Versand nur in der Schweiz m\u00f6glich.Im Ausland ist der Transport k\u00e4uferseits. Garantie: 3 Monate Garantie. Bitte beachten Sie, dass die Gew\u00e4hrleistung nur g\u00fcltig ist, wenn der Ersatzteileinbau durch eine&hellip; <a class=\"more-link\" href=\"https:\/\/occasions-teile.ch\/fr\/produkt\/audi-q3-start-stop-schalter\/\">Poursuivre la lecture <span class=\"screen-reader-text\">Audi Q3  start\/stop schalter<\/span><\/a><\/p>\n","protected":false},"featured_media":342574,"template":"","meta":[],"product_brand":[],"product_cat":[458,461,464,627,624,621,628,1977,1116,1118,1120,24318,622,1976,1975,625,24317,24315,24316],"product_tag":[],"class_list":{"0":"post-342577","1":"product","2":"type-product","3":"status-publish","4":"has-post-thumbnail","6":"product_cat-de_audi","7":"product_cat-en_audi","8":"product_cat-fr_audi","9":"product_cat-fr-electricite-dispositifs-de-commande","10":"product_cat-en-electrics-control-units","11":"product_cat-de-elektrik-steuergeraete","12":"product_cat-fr-interrupteur","13":"product_cat-fr-interrupteur-marche-arret","14":"product_cat-de_q3","15":"product_cat-en_q3","16":"product_cat-fr_q3","17":"product_cat-de-s-line","18":"product_cat-de-schalter","19":"product_cat-en-start-stop-switch","20":"product_cat-de-start-stop-schalter","21":"product_cat-en-switch","22":"product_cat-fr-wauzzzf35l1093189-200000424","23":"product_cat-de-wauzzzf35l1093189-200000424","24":"product_cat-en-wauzzzf35l1093189-200000424","25":"product_shipping_class-tarif-1","26":"entry","28":"first","29":"instock","30":"taxable","31":"shipping-taxable","32":"purchasable","33":"product-type-simple"},"jetpack_sharing_enabled":true,"_links":{"self":[{"href":"https:\/\/occasions-teile.ch\/fr\/wp-json\/wp\/v2\/product\/342577","targetHints":{"allow":["GET"]}}],"collection":[{"href":"https:\/\/occasions-teile.ch\/fr\/wp-json\/wp\/v2\/product"}],"about":[{"href":"https:\/\/occasions-teile.ch\/fr\/wp-json\/wp\/v2\/types\/product"}],"wp:featuredmedia":[{"embeddable":true,"href":"https:\/\/occasions-teile.ch\/fr\/wp-json\/wp\/v2\/media\/342574"}],"wp:attachment":[{"href":"https:\/\/occasions-teile.ch\/fr\/wp-json\/wp\/v2\/media?parent=342577"}],"wp:term":[{"taxonomy":"product_brand","embeddable":true,"href":"https:\/\/occasions-teile.ch\/fr\/wp-json\/wp\/v2\/product_brand?post=342577"},{"taxonomy":"product_cat","embeddable":true,"href":"https:\/\/occasions-teile.ch\/fr\/wp-json\/wp\/v2\/product_cat?post=342577"},{"taxonomy":"product_tag","embeddable":true,"href":"https:\/\/occasions-teile.ch\/fr\/wp-json\/wp\/v2\/product_tag?post=342577"}],"curies":[{"name":"wp","href":"https:\/\/api.w.org\/{rel}","templated":true}]}}