{"id":34252,"date":"2023-05-15T06:33:35","date_gmt":"2023-05-15T06:33:35","guid":{"rendered":"https:\/\/occasions-teile.ch\/product\/kia-sorento-notrad-reserverad\/"},"modified":"2024-05-24T19:29:28","modified_gmt":"2024-05-24T19:29:28","slug":"kia-sorento-notrad-reserverad","status":"publish","type":"product","link":"https:\/\/occasions-teile.ch\/fr\/produkt\/kia-sorento-notrad-reserverad\/","title":{"rendered":"Kia Sorento  Notrad\/Reserverad"},"content":{"rendered":"<p><span><b>Technische Daten<\/b><\/p>\n<p> Fahrzeug: Kia Sorento<br \/>\n Chassis Nr.: KNAKU814DA5104284<br \/>\n Baujahr: 2011<br \/>\n Kilometer: 166392 KM<br \/>\n Leistung: 197 KW<br \/>\n Hubraum: 2199 ccm<br \/>\n Typ: 1ka251<br \/>\n Farbcode: silber<br \/>\n Hinweise: 235\/60R18<\/p>\n<p> Versand: Versand nur in der Schweiz m\u00f6glich.Im Ausland ist der Transport k\u00e4uferseits.<br \/>\n Garantie: 3 Monate Garantie. Bitte beachten Sie, dass die Gew\u00e4hrleistung nur g\u00fcltig ist, wenn der Ersatzteileinbau durch eine Fachwerkstatt\/Meisterwerkstatt erfolgt. Das Ein- und Ausbau des Ersatzteiles kann nicht an uns verrechnet werden. <\/p>\n<p> Ersatzteil: f\u00fcr andere Fahrzeugen (Marken) verf\u00fcgbar auf anfrage. Tel.041 980 27 47. Mobil. 076 589 27 47<\/p>\n<p> Kontakt<br \/>\n  Adresse: Autoverwertung Brun AG<br \/>\n           M\u00f6\u00f6slimatten 13<br \/>\n           6218 Ettiswil<br \/>\n  Telefon: 0041 (041) 980 27 47<br \/>\n  Telefax: 0041 (041) 980 03 47<\/p>\n<p> Wir bieten Ihnen weitere gebrauchte Autoteile zum Kauf an.<br \/>\n<\/span><\/p>\n","protected":false},"excerpt":{"rendered":"<p>Technische Daten Fahrzeug: Kia Sorento Chassis Nr.: KNAKU814DA5104284 Baujahr: 2011 Kilometer: 166392 KM Leistung: 197 KW Hubraum: 2199 ccm Typ: 1ka251 Farbcode: silber Hinweise: 235\/60R18 Versand: Versand nur in der Schweiz m\u00f6glich.Im Ausland ist der Transport k\u00e4uferseits. Garantie: 3 Monate Garantie. Bitte beachten Sie, dass die Gew\u00e4hrleistung nur g\u00fcltig ist, wenn der Ersatzteileinbau durch eine&hellip; <a class=\"more-link\" href=\"https:\/\/occasions-teile.ch\/fr\/produkt\/kia-sorento-notrad-reserverad\/\">Poursuivre la lecture <span class=\"screen-reader-text\">Kia Sorento  Notrad\/Reserverad<\/span><\/a><\/p>\n","protected":false},"featured_media":34243,"template":"","meta":[],"product_brand":[],"product_cat":[23587,583,1978,1178,1177,550,1979],"product_tag":[],"class_list":{"0":"post-34252","1":"product","2":"type-product","3":"status-publish","4":"has-post-thumbnail","6":"product_cat-de-2-2-2-crdi-4wd-de_sorento-de_kia-manufacturer-38","7":"product_cat-de_kia","8":"product_cat-de-knaku814da5104284","9":"product_cat-de-notrad-reserverad-de-notrad-reserverad","10":"product_cat-de-notrad-reserverad","11":"product_cat-de-raeder-reifen-felgen","12":"product_cat-de_sorento","13":"product_shipping_class-tarif-2","14":"entry","16":"first","17":"instock","18":"taxable","19":"shipping-taxable","20":"purchasable","21":"product-type-simple"},"jetpack_sharing_enabled":true,"_links":{"self":[{"href":"https:\/\/occasions-teile.ch\/fr\/wp-json\/wp\/v2\/product\/34252","targetHints":{"allow":["GET"]}}],"collection":[{"href":"https:\/\/occasions-teile.ch\/fr\/wp-json\/wp\/v2\/product"}],"about":[{"href":"https:\/\/occasions-teile.ch\/fr\/wp-json\/wp\/v2\/types\/product"}],"wp:featuredmedia":[{"embeddable":true,"href":"https:\/\/occasions-teile.ch\/fr\/wp-json\/wp\/v2\/media\/34243"}],"wp:attachment":[{"href":"https:\/\/occasions-teile.ch\/fr\/wp-json\/wp\/v2\/media?parent=34252"}],"wp:term":[{"taxonomy":"product_brand","embeddable":true,"href":"https:\/\/occasions-teile.ch\/fr\/wp-json\/wp\/v2\/product_brand?post=34252"},{"taxonomy":"product_cat","embeddable":true,"href":"https:\/\/occasions-teile.ch\/fr\/wp-json\/wp\/v2\/product_cat?post=34252"},{"taxonomy":"product_tag","embeddable":true,"href":"https:\/\/occasions-teile.ch\/fr\/wp-json\/wp\/v2\/product_tag?post=34252"}],"curies":[{"name":"wp","href":"https:\/\/api.w.org\/{rel}","templated":true}]}}