{"id":341777,"date":"2025-01-31T16:24:40","date_gmt":"2025-01-31T16:24:40","guid":{"rendered":"https:\/\/occasions-teile.ch\/product\/audi-a3-anlasser-4\/"},"modified":"2025-01-31T16:49:06","modified_gmt":"2025-01-31T16:49:06","slug":"audi-a3-anlasser-4","status":"publish","type":"product","link":"https:\/\/occasions-teile.ch\/fr\/produkt\/audi-a3-anlasser-4\/","title":{"rendered":"Audi A3  Anlasser"},"content":{"rendered":"<p><span><b>Technische Daten<\/b><\/p>\n<p> Fahrzeug: Audi A3<br \/>\n Chassis Nr.: WAUZZZ8VXDA003972<br \/>\n Baujahr: 2012<br \/>\n Kilometer: 130748 KM<br \/>\n Leistung: 180 KW<br \/>\n Hubraum: 1798 ccm<br \/>\n Typ: 1AC933<br \/>\n Farbcode: grau<br \/>\n Hinweise: &#8211;<\/p>\n<p> Versand: Versand nur in der Schweiz m\u00f6glich.Im Ausland ist der Transport k\u00e4uferseits.<br \/>\n Garantie: 3 Monate Garantie. Bitte beachten Sie, dass die Gew\u00e4hrleistung nur g\u00fcltig ist, wenn der Ersatzteileinbau durch eine Fachwerkstatt\/Meisterwerkstatt erfolgt. Das Ein- und Ausbau des Ersatzteiles kann nicht an uns verrechnet werden. <\/p>\n<p> Ersatzteil: f\u00fcr andere Fahrzeugen (Marken) verf\u00fcgbar auf anfrage. Tel.041 980 27 47. Mobil. 076 589 27 47<\/p>\n<p> Kontakt<br \/>\n  Adresse: Autoverwertung Brun AG<br \/>\n           M\u00f6\u00f6slimatten 13<br \/>\n           6218 Ettiswil<br \/>\n  Telefon: 0041 (041) 980 27 47<br \/>\n  Telefax: 0041 (041) 980 03 47<\/p>\n<p> Wir bieten Ihnen weitere gebrauchte Autoteile zum Kauf an.<br \/>\n Tags: Anlasser, Starter motor, De\u00b4marreur<br \/>\n<\/span><\/p>\n","protected":false},"excerpt":{"rendered":"<p>Technische Daten Fahrzeug: Audi A3 Chassis Nr.: WAUZZZ8VXDA003972 Baujahr: 2012 Kilometer: 130748 KM Leistung: 180 KW Hubraum: 1798 ccm Typ: 1AC933 Farbcode: grau Hinweise: &#8211; Versand: Versand nur in der Schweiz m\u00f6glich.Im Ausland ist der Transport k\u00e4uferseits. Garantie: 3 Monate Garantie. Bitte beachten Sie, dass die Gew\u00e4hrleistung nur g\u00fcltig ist, wenn der Ersatzteileinbau durch eine&hellip; <a class=\"more-link\" href=\"https:\/\/occasions-teile.ch\/fr\/produkt\/audi-a3-anlasser-4\/\">Poursuivre la lecture <span class=\"screen-reader-text\">Audi A3  Anlasser<\/span><\/a><\/p>\n","protected":false},"featured_media":341774,"template":"","meta":[],"product_brand":[],"product_cat":[24307,2139,2141,2143,694,693,458,461,464,697,698,627,624,621,695,696,24304,24305,24303],"product_tag":[],"class_list":{"0":"post-341777","1":"product","2":"type-product","3":"status-publish","4":"has-post-thumbnail","6":"product_cat-de-8v-1-8-tfsi","7":"product_cat-de_a3","8":"product_cat-en_a3","9":"product_cat-fr_a3","10":"product_cat-de-anlasser-de-anlasser","11":"product_cat-de-anlasser","12":"product_cat-de_audi","13":"product_cat-en_audi","14":"product_cat-fr_audi","15":"product_cat-fr-demarreur","16":"product_cat-fr-demarreur-fr-demarreur","17":"product_cat-fr-electricite-dispositifs-de-commande","18":"product_cat-en-electrics-control-units","19":"product_cat-de-elektrik-steuergeraete","20":"product_cat-en-starter-motor","21":"product_cat-en-starter-motor-en-starter-motor","22":"product_cat-en-wauzzz8vxda003972-200000420","23":"product_cat-fr-wauzzz8vxda003972-200000420","24":"product_cat-de-wauzzz8vxda003972-200000420","25":"product_shipping_class-tarif-1","26":"entry","28":"first","29":"instock","30":"taxable","31":"shipping-taxable","32":"purchasable","33":"product-type-simple"},"jetpack_sharing_enabled":true,"_links":{"self":[{"href":"https:\/\/occasions-teile.ch\/fr\/wp-json\/wp\/v2\/product\/341777","targetHints":{"allow":["GET"]}}],"collection":[{"href":"https:\/\/occasions-teile.ch\/fr\/wp-json\/wp\/v2\/product"}],"about":[{"href":"https:\/\/occasions-teile.ch\/fr\/wp-json\/wp\/v2\/types\/product"}],"wp:featuredmedia":[{"embeddable":true,"href":"https:\/\/occasions-teile.ch\/fr\/wp-json\/wp\/v2\/media\/341774"}],"wp:attachment":[{"href":"https:\/\/occasions-teile.ch\/fr\/wp-json\/wp\/v2\/media?parent=341777"}],"wp:term":[{"taxonomy":"product_brand","embeddable":true,"href":"https:\/\/occasions-teile.ch\/fr\/wp-json\/wp\/v2\/product_brand?post=341777"},{"taxonomy":"product_cat","embeddable":true,"href":"https:\/\/occasions-teile.ch\/fr\/wp-json\/wp\/v2\/product_cat?post=341777"},{"taxonomy":"product_tag","embeddable":true,"href":"https:\/\/occasions-teile.ch\/fr\/wp-json\/wp\/v2\/product_tag?post=341777"}],"curies":[{"name":"wp","href":"https:\/\/api.w.org\/{rel}","templated":true}]}}