{"id":337614,"date":"2024-12-14T07:53:16","date_gmt":"2024-12-14T07:53:16","guid":{"rendered":"https:\/\/occasions-teile.ch\/product\/ford-fiesta-klimaleitung\/"},"modified":"2024-12-14T08:51:24","modified_gmt":"2024-12-14T08:51:24","slug":"ford-fiesta-klimaleitung","status":"publish","type":"product","link":"https:\/\/occasions-teile.ch\/fr\/produkt\/ford-fiesta-klimaleitung\/","title":{"rendered":"Ford Fiesta  Klimaleitung"},"content":{"rendered":"<p><span><b>Technische Daten<\/b><\/p>\n<p> Fahrzeug: Ford Fiesta<br \/>\n Chassis Nr.: WF0DXXGAKDFM46803<br \/>\n Baujahr: 2015<br \/>\n Kilometer: 92046 KM<br \/>\n Leistung: 101 KW<br \/>\n Hubraum: 998 ccm<br \/>\n Typ: 1FJ892<br \/>\n Farbcode: White\/Weiss<br \/>\n Hinweise: &#8211;<\/p>\n<p> Versand: Versand nur in der Schweiz m\u00f6glich.Im Ausland ist der Transport k\u00e4uferseits.<br \/>\n Garantie: 3 Monate Garantie. Bitte beachten Sie, dass die Gew\u00e4hrleistung nur g\u00fcltig ist, wenn der Ersatzteileinbau durch eine Fachwerkstatt\/Meisterwerkstatt erfolgt. Das Ein- und Ausbau des Ersatzteiles kann nicht an uns verrechnet werden. <\/p>\n<p> Ersatzteil: f\u00fcr andere Fahrzeugen (Marken) verf\u00fcgbar auf anfrage. Tel.041 980 27 47. Mobil. 076 589 27 47<\/p>\n<p> Kontakt<br \/>\n  Adresse: Autoverwertung Brun AG<br \/>\n           M\u00f6\u00f6slimatten 13<br \/>\n           6218 Ettiswil<br \/>\n  Telefon: 0041 (041) 980 27 47<br \/>\n  Telefax: 0041 (041) 980 03 47<\/p>\n<p> Wir bieten Ihnen weitere gebrauchte Autoteile zum Kauf an.<br \/>\n Tags: Klimaleitung, Air conditioning line, Conduite de climatisation<br \/>\n<\/span><\/p>\n","protected":false},"excerpt":{"rendered":"<p>Technische Daten Fahrzeug: Ford Fiesta Chassis Nr.: WF0DXXGAKDFM46803 Baujahr: 2015 Kilometer: 92046 KM Leistung: 101 KW Hubraum: 998 ccm Typ: 1FJ892 Farbcode: White\/Weiss Hinweise: &#8211; Versand: Versand nur in der Schweiz m\u00f6glich.Im Ausland ist der Transport k\u00e4uferseits. Garantie: 3 Monate Garantie. Bitte beachten Sie, dass die Gew\u00e4hrleistung nur g\u00fcltig ist, wenn der Ersatzteileinbau durch eine&hellip; <a class=\"more-link\" href=\"https:\/\/occasions-teile.ch\/fr\/produkt\/ford-fiesta-klimaleitung\/\">Poursuivre la lecture <span class=\"screen-reader-text\">Ford Fiesta  Klimaleitung<\/span><\/a><\/p>\n","protected":false},"featured_media":337611,"template":"","meta":[],"product_brand":[],"product_cat":[23979,1372,1373,717,1375,1374,3279,3280,3278,1586,1589,1592,714,711,1370,1371,24250,24251,24249],"product_tag":[],"class_list":{"0":"post-337614","1":"product","2":"type-product","3":"status-publish","4":"has-post-thumbnail","6":"product_cat-de-1-0-scti-de_slug_fiesta","7":"product_cat-en-air-conditioning-line","8":"product_cat-en-air-conditioning-line-en-air-conditioning-line","9":"product_cat-fr-chauffage-climatisation","10":"product_cat-fr-conduite-de-climatisation-fr-conduite-de-climatisation","11":"product_cat-fr-conduite-de-climatisation","12":"product_cat-en_slug_fiesta","13":"product_cat-fr_slug_fiesta","14":"product_cat-de_slug_fiesta","15":"product_cat-de_ford","16":"product_cat-en_ford","17":"product_cat-fr_ford","18":"product_cat-en-heating-air-conditioning","19":"product_cat-de-heizung-klima","20":"product_cat-de-klimaleitung","21":"product_cat-de-klimaleitung-de-klimaleitung","22":"product_cat-en-wf0dxxgakdfm46803-200000409","23":"product_cat-fr-wf0dxxgakdfm46803-200000409","24":"product_cat-de-wf0dxxgakdfm46803-200000409","25":"product_shipping_class-tarif-1","26":"entry","28":"first","29":"instock","30":"taxable","31":"shipping-taxable","32":"purchasable","33":"product-type-simple"},"jetpack_sharing_enabled":true,"_links":{"self":[{"href":"https:\/\/occasions-teile.ch\/fr\/wp-json\/wp\/v2\/product\/337614","targetHints":{"allow":["GET"]}}],"collection":[{"href":"https:\/\/occasions-teile.ch\/fr\/wp-json\/wp\/v2\/product"}],"about":[{"href":"https:\/\/occasions-teile.ch\/fr\/wp-json\/wp\/v2\/types\/product"}],"wp:featuredmedia":[{"embeddable":true,"href":"https:\/\/occasions-teile.ch\/fr\/wp-json\/wp\/v2\/media\/337611"}],"wp:attachment":[{"href":"https:\/\/occasions-teile.ch\/fr\/wp-json\/wp\/v2\/media?parent=337614"}],"wp:term":[{"taxonomy":"product_brand","embeddable":true,"href":"https:\/\/occasions-teile.ch\/fr\/wp-json\/wp\/v2\/product_brand?post=337614"},{"taxonomy":"product_cat","embeddable":true,"href":"https:\/\/occasions-teile.ch\/fr\/wp-json\/wp\/v2\/product_cat?post=337614"},{"taxonomy":"product_tag","embeddable":true,"href":"https:\/\/occasions-teile.ch\/fr\/wp-json\/wp\/v2\/product_tag?post=337614"}],"curies":[{"name":"wp","href":"https:\/\/api.w.org\/{rel}","templated":true}]}}