{"id":337569,"date":"2024-12-13T07:46:13","date_gmt":"2024-12-13T07:46:13","guid":{"rendered":"https:\/\/occasions-teile.ch\/product\/ford-fiesta-wasserpumpe-zusatzwasserpumpe\/"},"modified":"2024-12-13T07:50:19","modified_gmt":"2024-12-13T07:50:19","slug":"ford-fiesta-wasserpumpe-zusatzwasserpumpe","status":"publish","type":"product","link":"https:\/\/occasions-teile.ch\/fr\/produkt\/ford-fiesta-wasserpumpe-zusatzwasserpumpe\/","title":{"rendered":"Ford Fiesta  Wasserpumpe Zusatzwasserpumpe"},"content":{"rendered":"<p><span><b>Technische Daten<\/b><\/p>\n<p> Fahrzeug: Ford Fiesta<br \/>\n Chassis Nr.: WF0DXXGAKDFM46803<br \/>\n Baujahr: 2015<br \/>\n Kilometer: 92046 KM<br \/>\n Leistung: 101 KW<br \/>\n Hubraum: 998 ccm<br \/>\n Typ: 1FJ892<br \/>\n Farbcode: White\/Weiss<br \/>\n Hinweise: &#8211;<\/p>\n<p> Versand: Versand nur in der Schweiz m\u00f6glich.Im Ausland ist der Transport k\u00e4uferseits.<br \/>\n Garantie: 3 Monate Garantie. Bitte beachten Sie, dass die Gew\u00e4hrleistung nur g\u00fcltig ist, wenn der Ersatzteileinbau durch eine Fachwerkstatt\/Meisterwerkstatt erfolgt. Das Ein- und Ausbau des Ersatzteiles kann nicht an uns verrechnet werden. <\/p>\n<p> Ersatzteil: f\u00fcr andere Fahrzeugen (Marken) verf\u00fcgbar auf anfrage. Tel.041 980 27 47. Mobil. 076 589 27 47<\/p>\n<p> Kontakt<br \/>\n  Adresse: Autoverwertung Brun AG<br \/>\n           M\u00f6\u00f6slimatten 13<br \/>\n           6218 Ettiswil<br \/>\n  Telefon: 0041 (041) 980 27 47<br \/>\n  Telefax: 0041 (041) 980 03 47<\/p>\n<p> Wir bieten Ihnen weitere gebrauchte Autoteile zum Kauf an.<br \/>\n Tags: Wasserpumpe Zusatzwasserpumpe, Water Pumps\/Additional Water Pumps, Pompes a` eau\/pompes a` eau supple\u00b4mentaires<br \/>\n<\/span><\/p>\n","protected":false},"excerpt":{"rendered":"<p>Technische Daten Fahrzeug: Ford Fiesta Chassis Nr.: WF0DXXGAKDFM46803 Baujahr: 2015 Kilometer: 92046 KM Leistung: 101 KW Hubraum: 998 ccm Typ: 1FJ892 Farbcode: White\/Weiss Hinweise: &#8211; Versand: Versand nur in der Schweiz m\u00f6glich.Im Ausland ist der Transport k\u00e4uferseits. Garantie: 3 Monate Garantie. Bitte beachten Sie, dass die Gew\u00e4hrleistung nur g\u00fcltig ist, wenn der Ersatzteileinbau durch eine&hellip; <a class=\"more-link\" href=\"https:\/\/occasions-teile.ch\/fr\/produkt\/ford-fiesta-wasserpumpe-zusatzwasserpumpe\/\">Poursuivre la lecture <span class=\"screen-reader-text\">Ford Fiesta  Wasserpumpe Zusatzwasserpumpe<\/span><\/a><\/p>\n","protected":false},"featured_media":337566,"template":"","meta":[],"product_brand":[],"product_cat":[23979,1001,3278,3279,3280,1586,1589,1592,999,500,494,497,6393,1003,6391,6392,24251,24249,24250],"product_tag":[],"class_list":{"0":"post-337569","1":"product","2":"type-product","3":"status-publish","4":"has-post-thumbnail","6":"product_cat-de-1-0-scti-de_slug_fiesta","7":"product_cat-en-coolingmotor","8":"product_cat-de_slug_fiesta","9":"product_cat-en_slug_fiesta","10":"product_cat-fr_slug_fiesta","11":"product_cat-de_ford","12":"product_cat-en_ford","13":"product_cat-fr_ford","14":"product_cat-de-kuehlungmotor","15":"product_cat-fr-moteur","16":"product_cat-de-motor","17":"product_cat-en-motor","18":"product_cat-fr-pompes-a-eau-pompes-a-eau-supplementaires-kuehlungmotor","19":"product_cat-fr-refroidissement-moteur","20":"product_cat-de-wasserpumpen-zusatzwasserpumpen-kuehlungmotor","21":"product_cat-en-water-pumps-additional-water-pumps-kuehlungmotor","22":"product_cat-fr-wf0dxxgakdfm46803-200000409","23":"product_cat-de-wf0dxxgakdfm46803-200000409","24":"product_cat-en-wf0dxxgakdfm46803-200000409","25":"product_shipping_class-tarif-1","26":"entry","28":"first","29":"instock","30":"taxable","31":"shipping-taxable","32":"purchasable","33":"product-type-simple"},"jetpack_sharing_enabled":true,"_links":{"self":[{"href":"https:\/\/occasions-teile.ch\/fr\/wp-json\/wp\/v2\/product\/337569","targetHints":{"allow":["GET"]}}],"collection":[{"href":"https:\/\/occasions-teile.ch\/fr\/wp-json\/wp\/v2\/product"}],"about":[{"href":"https:\/\/occasions-teile.ch\/fr\/wp-json\/wp\/v2\/types\/product"}],"wp:featuredmedia":[{"embeddable":true,"href":"https:\/\/occasions-teile.ch\/fr\/wp-json\/wp\/v2\/media\/337566"}],"wp:attachment":[{"href":"https:\/\/occasions-teile.ch\/fr\/wp-json\/wp\/v2\/media?parent=337569"}],"wp:term":[{"taxonomy":"product_brand","embeddable":true,"href":"https:\/\/occasions-teile.ch\/fr\/wp-json\/wp\/v2\/product_brand?post=337569"},{"taxonomy":"product_cat","embeddable":true,"href":"https:\/\/occasions-teile.ch\/fr\/wp-json\/wp\/v2\/product_cat?post=337569"},{"taxonomy":"product_tag","embeddable":true,"href":"https:\/\/occasions-teile.ch\/fr\/wp-json\/wp\/v2\/product_tag?post=337569"}],"curies":[{"name":"wp","href":"https:\/\/api.w.org\/{rel}","templated":true}]}}