{"id":335189,"date":"2024-11-18T07:29:20","date_gmt":"2024-11-18T07:29:20","guid":{"rendered":"https:\/\/occasions-teile.ch\/product\/citroen-ds3-airbag-armaturenbrett\/"},"modified":"2024-11-18T07:47:06","modified_gmt":"2024-11-18T07:47:06","slug":"citroen-ds3-airbag-armaturenbrett","status":"publish","type":"product","link":"https:\/\/occasions-teile.ch\/fr\/produkt\/citroen-ds3-airbag-armaturenbrett\/","title":{"rendered":"Citroen DS3  Airbag Armaturenbrett"},"content":{"rendered":"<p><span><b>Technische Daten<\/b><\/p>\n<p> Fahrzeug: Citroen DS3<br \/>\n Chassis Nr.: VF7SA5FV8CW501671<br \/>\n Baujahr: 2012<br \/>\n Kilometer: 123887 KM<br \/>\n Leistung: 156 KW<br \/>\n Hubraum: 1598 ccm<br \/>\n Typ: 1CE414<br \/>\n Farbcode: White\/Weiss<br \/>\n Hinweise: &#8211;<\/p>\n<p> Versand: Versand nur in der Schweiz m\u00f6glich.Im Ausland ist der Transport k\u00e4uferseits.<br \/>\n Garantie: 3 Monate Garantie. Bitte beachten Sie, dass die Gew\u00e4hrleistung nur g\u00fcltig ist, wenn der Ersatzteileinbau durch eine Fachwerkstatt\/Meisterwerkstatt erfolgt. Das Ein- und Ausbau des Ersatzteiles kann nicht an uns verrechnet werden. <\/p>\n<p> Ersatzteil: f\u00fcr andere Fahrzeugen (Marken) verf\u00fcgbar auf anfrage. Tel.041 980 27 47. Mobil. 076 589 27 47<\/p>\n<p> Kontakt<br \/>\n  Adresse: Autoverwertung Brun AG<br \/>\n           M\u00f6\u00f6slimatten 13<br \/>\n           6218 Ettiswil<br \/>\n  Telefon: 0041 (041) 980 27 47<br \/>\n  Telefax: 0041 (041) 980 03 47<\/p>\n<p> Wir bieten Ihnen weitere gebrauchte Autoteile zum Kauf an.<br \/>\n Tags: Airbag Armaturenbrett, Dashboard , Tableau de bord<br \/>\n<\/span><\/p>\n","protected":false},"excerpt":{"rendered":"<p>Technische Daten Fahrzeug: Citroen DS3 Chassis Nr.: VF7SA5FV8CW501671 Baujahr: 2012 Kilometer: 123887 KM Leistung: 156 KW Hubraum: 1598 ccm Typ: 1CE414 Farbcode: White\/Weiss Hinweise: &#8211; Versand: Versand nur in der Schweiz m\u00f6glich.Im Ausland ist der Transport k\u00e4uferseits. Garantie: 3 Monate Garantie. Bitte beachten Sie, dass die Gew\u00e4hrleistung nur g\u00fcltig ist, wenn der Ersatzteileinbau durch eine&hellip; <a class=\"more-link\" href=\"https:\/\/occasions-teile.ch\/fr\/produkt\/citroen-ds3-airbag-armaturenbrett\/\">Poursuivre la lecture <span class=\"screen-reader-text\">Citroen DS3  Airbag Armaturenbrett<\/span><\/a><\/p>\n","protected":false},"featured_media":335186,"template":"","meta":[],"product_brand":[],"product_cat":[24220,806,805,3005,3005,3005,806,805,5456,5456,5456,804,804,804,806,805,24217,24217,24217],"product_tag":[],"class_list":{"0":"post-335189","1":"product","2":"type-product","3":"status-publish","4":"has-post-thumbnail","6":"product_cat-de-1-6i","7":"product_cat-de-armaturenbrett","8":"product_cat-de-armaturenbrett-handschuhfach","9":"product_cat-de_citroen","14":"product_cat-de_slug_citroen_ds3_141","17":"product_cat-de-innenraum","22":"product_cat-de-vf7sa5fv8cw501671-200000401","25":"product_shipping_class-tarif-4","26":"entry","28":"first","29":"instock","30":"taxable","31":"shipping-taxable","32":"purchasable","33":"product-type-simple"},"jetpack_sharing_enabled":true,"_links":{"self":[{"href":"https:\/\/occasions-teile.ch\/fr\/wp-json\/wp\/v2\/product\/335189","targetHints":{"allow":["GET"]}}],"collection":[{"href":"https:\/\/occasions-teile.ch\/fr\/wp-json\/wp\/v2\/product"}],"about":[{"href":"https:\/\/occasions-teile.ch\/fr\/wp-json\/wp\/v2\/types\/product"}],"wp:featuredmedia":[{"embeddable":true,"href":"https:\/\/occasions-teile.ch\/fr\/wp-json\/wp\/v2\/media\/335186"}],"wp:attachment":[{"href":"https:\/\/occasions-teile.ch\/fr\/wp-json\/wp\/v2\/media?parent=335189"}],"wp:term":[{"taxonomy":"product_brand","embeddable":true,"href":"https:\/\/occasions-teile.ch\/fr\/wp-json\/wp\/v2\/product_brand?post=335189"},{"taxonomy":"product_cat","embeddable":true,"href":"https:\/\/occasions-teile.ch\/fr\/wp-json\/wp\/v2\/product_cat?post=335189"},{"taxonomy":"product_tag","embeddable":true,"href":"https:\/\/occasions-teile.ch\/fr\/wp-json\/wp\/v2\/product_tag?post=335189"}],"curies":[{"name":"wp","href":"https:\/\/api.w.org\/{rel}","templated":true}]}}