{"id":334884,"date":"2024-11-14T23:05:47","date_gmt":"2024-11-14T23:05:47","guid":{"rendered":"https:\/\/occasions-teile.ch\/product\/citroen-ds3-wischermotor-hinten\/"},"modified":"2024-11-14T23:39:25","modified_gmt":"2024-11-14T23:39:25","slug":"citroen-ds3-wischermotor-hinten","status":"publish","type":"product","link":"https:\/\/occasions-teile.ch\/fr\/produkt\/citroen-ds3-wischermotor-hinten\/","title":{"rendered":"Citroen DS3  Wischermotor hinten"},"content":{"rendered":"<p><span><b>Technische Daten<\/b><\/p>\n<p> Fahrzeug: Citroen DS3<br \/>\n Chassis Nr.: VF7SA5FV8CW501671<br \/>\n Baujahr: 2012<br \/>\n Kilometer: 123887 KM<br \/>\n Leistung: 156 KW<br \/>\n Hubraum: 1598 ccm<br \/>\n Typ: 1CE414<br \/>\n Farbcode: White\/Weiss<br \/>\n Hinweise: &#8211;<\/p>\n<p> Versand: Versand nur in der Schweiz m\u00f6glich.Im Ausland ist der Transport k\u00e4uferseits.<br \/>\n Garantie: 3 Monate Garantie. Bitte beachten Sie, dass die Gew\u00e4hrleistung nur g\u00fcltig ist, wenn der Ersatzteileinbau durch eine Fachwerkstatt\/Meisterwerkstatt erfolgt. Das Ein- und Ausbau des Ersatzteiles kann nicht an uns verrechnet werden. <\/p>\n<p> Ersatzteil: f\u00fcr andere Fahrzeugen (Marken) verf\u00fcgbar auf anfrage. Tel.041 980 27 47. Mobil. 076 589 27 47<\/p>\n<p> Kontakt<br \/>\n  Adresse: Autoverwertung Brun AG<br \/>\n           M\u00f6\u00f6slimatten 13<br \/>\n           6218 Ettiswil<br \/>\n  Telefon: 0041 (041) 980 27 47<br \/>\n  Telefax: 0041 (041) 980 03 47<\/p>\n<p> Wir bieten Ihnen weitere gebrauchte Autoteile zum Kauf an.<br \/>\n Tags: Wischermotor hinten, Wiper motor rear, Arrie`re du moteur d&rsquo;essuie-glace<br \/>\n<\/span><\/p>\n","protected":false},"excerpt":{"rendered":"<p>Technische Daten Fahrzeug: Citroen DS3 Chassis Nr.: VF7SA5FV8CW501671 Baujahr: 2012 Kilometer: 123887 KM Leistung: 156 KW Hubraum: 1598 ccm Typ: 1CE414 Farbcode: White\/Weiss Hinweise: &#8211; Versand: Versand nur in der Schweiz m\u00f6glich.Im Ausland ist der Transport k\u00e4uferseits. Garantie: 3 Monate Garantie. Bitte beachten Sie, dass die Gew\u00e4hrleistung nur g\u00fcltig ist, wenn der Ersatzteileinbau durch eine&hellip; <a class=\"more-link\" href=\"https:\/\/occasions-teile.ch\/fr\/produkt\/citroen-ds3-wischermotor-hinten\/\">Poursuivre la lecture <span class=\"screen-reader-text\">Citroen DS3  Wischermotor hinten<\/span><\/a><\/p>\n","protected":false},"featured_media":334881,"template":"","meta":[],"product_brand":[],"product_cat":[24220,681,682,3005,3005,3005,5456,5456,5456,669,669,24217,24217,24217,669,682,681,681,682],"product_tag":[],"class_list":{"0":"post-334884","1":"product","2":"type-product","3":"status-publish","4":"has-post-thumbnail","6":"product_cat-de-1-6i","7":"product_cat-de-wischermotorhinten","8":"product_cat-de-wischermotorhinten-de-wischermotorhinten","9":"product_cat-de_citroen","12":"product_cat-de_slug_citroen_ds3_141","15":"product_cat-de-scheibenreinigung","17":"product_cat-de-vf7sa5fv8cw501671-200000401","25":"product_shipping_class-tarif-1","26":"entry","28":"first","29":"instock","30":"taxable","31":"shipping-taxable","32":"purchasable","33":"product-type-simple"},"jetpack_sharing_enabled":true,"_links":{"self":[{"href":"https:\/\/occasions-teile.ch\/fr\/wp-json\/wp\/v2\/product\/334884","targetHints":{"allow":["GET"]}}],"collection":[{"href":"https:\/\/occasions-teile.ch\/fr\/wp-json\/wp\/v2\/product"}],"about":[{"href":"https:\/\/occasions-teile.ch\/fr\/wp-json\/wp\/v2\/types\/product"}],"wp:featuredmedia":[{"embeddable":true,"href":"https:\/\/occasions-teile.ch\/fr\/wp-json\/wp\/v2\/media\/334881"}],"wp:attachment":[{"href":"https:\/\/occasions-teile.ch\/fr\/wp-json\/wp\/v2\/media?parent=334884"}],"wp:term":[{"taxonomy":"product_brand","embeddable":true,"href":"https:\/\/occasions-teile.ch\/fr\/wp-json\/wp\/v2\/product_brand?post=334884"},{"taxonomy":"product_cat","embeddable":true,"href":"https:\/\/occasions-teile.ch\/fr\/wp-json\/wp\/v2\/product_cat?post=334884"},{"taxonomy":"product_tag","embeddable":true,"href":"https:\/\/occasions-teile.ch\/fr\/wp-json\/wp\/v2\/product_tag?post=334884"}],"curies":[{"name":"wp","href":"https:\/\/api.w.org\/{rel}","templated":true}]}}