{"id":33441,"date":"2023-05-08T16:09:13","date_gmt":"2023-05-08T16:09:13","guid":{"rendered":"https:\/\/occasions-teile.ch\/product\/volkswagen-polo-innenleuchten-vorne-3\/"},"modified":"2023-05-08T16:09:43","modified_gmt":"2023-05-08T16:09:43","slug":"volkswagen-polo-innenleuchten-vorne-3","status":"publish","type":"product","link":"https:\/\/occasions-teile.ch\/fr\/produkt\/volkswagen-polo-innenleuchten-vorne-3\/","title":{"rendered":"Volkswagen Polo  Innenleuchten vorne"},"content":{"rendered":"<p><span><b>Donn\u00e9es techniques<\/b><\/p>\n<p> V\u00e9hicule: Volkswagen Polo<br \/>\n N\u00b0 de ch\u00e2ssis: WVWZZZAWZJY229248<br \/>\n Ann\u00e9e de production: 2018<br \/>\n Kilom\u00e9trage: 56334 KM<br \/>\n Puissance: 90 KW<br \/>\n Cylindr\u00e9e du moteur: 999 ccm<br \/>\n Typ: 1VG615<br \/>\n Code couleur: White\/Weiss<br \/>\n Remarques: &#8211;<\/p>\n<p> Exp\u00e9dition : L&rsquo;exp\u00e9dition n&rsquo;est disponible qu&rsquo;en Suisse. Dans d&rsquo;autres pays, l&rsquo;acheteur est responsable du transport.<br \/>\n Garantie : 3 mois de garantie. Veuillez noter que la garantie n&rsquo;est valable que si les pi\u00e8ces de rechange sont install\u00e9es par un atelier sp\u00e9cialis\u00e9\/ma\u00eetre. Le montage et le d\u00e9montage de la pi\u00e8ce de rechange ne peuvent pas nous \u00eatre factur\u00e9s.<\/p>\n<p> Pi\u00e8ce de rechange : pour d&rsquo;autres v\u00e9hicules (marques) disponible sur demande. T\u00e9l. 041 980 27 47. Portable. 076 589 27 47<\/p>\n<p>  Contact<br \/>\n   Adresse : Autoverwertung Brun AG<br \/>\n              M\u00f6\u00f6slimatten 13<br \/>\n              6218 Ettiswil<br \/>\n   T\u00e9l\u00e9phone : 0041 (041) 980 27 47<br \/>\n   T\u00e9l\u00e9fax : 0041 (041) 980 03 47<\/p>\n<p>  Nous proposons \u00e9galement d&rsquo;autres pi\u00e8ces automobiles d&rsquo;occasion \u00e0 vendre.<br \/>\n<\/span><\/p>\n","protected":false},"excerpt":{"rendered":"<p>Donn\u00e9es techniques V\u00e9hicule: Volkswagen Polo N\u00b0 de ch\u00e2ssis: WVWZZZAWZJY229248 Ann\u00e9e de production: 2018 Kilom\u00e9trage: 56334 KM Puissance: 90 KW Cylindr\u00e9e du moteur: 999 ccm Typ: 1VG615 Code couleur: White\/Weiss Remarques: &#8211; Exp\u00e9dition : L&rsquo;exp\u00e9dition n&rsquo;est disponible qu&rsquo;en Suisse. Dans d&rsquo;autres pays, l&rsquo;acheteur est responsable du transport. Garantie : 3 mois de garantie. Veuillez noter que&hellip; <a class=\"more-link\" href=\"https:\/\/occasions-teile.ch\/fr\/produkt\/volkswagen-polo-innenleuchten-vorne-3\/\">Poursuivre la lecture <span class=\"screen-reader-text\">Volkswagen Polo  Innenleuchten vorne<\/span><\/a><\/p>\n","protected":false},"featured_media":33432,"template":"","meta":[],"product_brand":[],"product_cat":[896,895,810,1638,1286,1986],"product_tag":[],"class_list":{"0":"post-33441","1":"product","2":"type-product","3":"status-publish","4":"has-post-thumbnail","6":"product_cat-fr-eclairage-interieur-a-lavant","7":"product_cat-fr-eclairage-interieurretroviseur-interieur","8":"product_cat-fr-interieur","9":"product_cat-fr_polo","10":"product_cat-fr_volkswagen","11":"product_cat-fr-wvwzzzawzjy229248","12":"entry","14":"first","15":"outofstock","16":"taxable","17":"shipping-taxable","18":"purchasable","19":"product-type-simple"},"jetpack_sharing_enabled":true,"_links":{"self":[{"href":"https:\/\/occasions-teile.ch\/fr\/wp-json\/wp\/v2\/product\/33441","targetHints":{"allow":["GET"]}}],"collection":[{"href":"https:\/\/occasions-teile.ch\/fr\/wp-json\/wp\/v2\/product"}],"about":[{"href":"https:\/\/occasions-teile.ch\/fr\/wp-json\/wp\/v2\/types\/product"}],"wp:featuredmedia":[{"embeddable":true,"href":"https:\/\/occasions-teile.ch\/fr\/wp-json\/wp\/v2\/media\/33432"}],"wp:attachment":[{"href":"https:\/\/occasions-teile.ch\/fr\/wp-json\/wp\/v2\/media?parent=33441"}],"wp:term":[{"taxonomy":"product_brand","embeddable":true,"href":"https:\/\/occasions-teile.ch\/fr\/wp-json\/wp\/v2\/product_brand?post=33441"},{"taxonomy":"product_cat","embeddable":true,"href":"https:\/\/occasions-teile.ch\/fr\/wp-json\/wp\/v2\/product_cat?post=33441"},{"taxonomy":"product_tag","embeddable":true,"href":"https:\/\/occasions-teile.ch\/fr\/wp-json\/wp\/v2\/product_tag?post=33441"}],"curies":[{"name":"wp","href":"https:\/\/api.w.org\/{rel}","templated":true}]}}