{"id":333792,"date":"2024-11-08T18:38:57","date_gmt":"2024-11-08T18:38:57","guid":{"rendered":"https:\/\/occasions-teile.ch\/product\/vw-passat-fahrersitz\/"},"modified":"2024-11-08T19:32:56","modified_gmt":"2024-11-08T19:32:56","slug":"vw-passat-fahrersitz","status":"publish","type":"product","link":"https:\/\/occasions-teile.ch\/fr\/produkt\/vw-passat-fahrersitz\/","title":{"rendered":"VW Passat  Fahrersitz"},"content":{"rendered":"<p><span><b>Technische Daten<\/b><\/p>\n<p> Fahrzeug: VW Passat<br \/>\n Chassis Nr.: WVWZZZ3CZ9E073053<br \/>\n Baujahr: 2009<br \/>\n Kilometer: 223138 KM<br \/>\n Leistung: 160 KW<br \/>\n Hubraum: 1798 ccm<br \/>\n Typ: 1VD506<br \/>\n Farbcode: grau<br \/>\n Hinweise: &#8211;<\/p>\n<p> Versand: Versand nur in der Schweiz m\u00f6glich.Im Ausland ist der Transport k\u00e4uferseits.<br \/>\n Garantie: 3 Monate Garantie. Bitte beachten Sie, dass die Gew\u00e4hrleistung nur g\u00fcltig ist, wenn der Ersatzteileinbau durch eine Fachwerkstatt\/Meisterwerkstatt erfolgt. Das Ein- und Ausbau des Ersatzteiles kann nicht an uns verrechnet werden. <\/p>\n<p> Ersatzteil: f\u00fcr andere Fahrzeugen (Marken) verf\u00fcgbar auf anfrage. Tel.041 980 27 47. Mobil. 076 589 27 47<\/p>\n<p> Kontakt<br \/>\n  Adresse: Autoverwertung Brun AG<br \/>\n           M\u00f6\u00f6slimatten 13<br \/>\n           6218 Ettiswil<br \/>\n  Telefon: 0041 (041) 980 27 47<br \/>\n  Telefax: 0041 (041) 980 03 47<\/p>\n<p> Wir bieten Ihnen weitere gebrauchte Autoteile zum Kauf an.<br \/>\n Tags: Fahrersitz, driver&rsquo;s seat, si\u00e8ge du conducteur<br \/>\n<\/span><\/p>\n","protected":false},"excerpt":{"rendered":"<p>Technische Daten Fahrzeug: VW Passat Chassis Nr.: WVWZZZ3CZ9E073053 Baujahr: 2009 Kilometer: 223138 KM Leistung: 160 KW Hubraum: 1798 ccm Typ: 1VD506 Farbcode: grau Hinweise: &#8211; Versand: Versand nur in der Schweiz m\u00f6glich.Im Ausland ist der Transport k\u00e4uferseits. Garantie: 3 Monate Garantie. Bitte beachten Sie, dass die Gew\u00e4hrleistung nur g\u00fcltig ist, wenn der Ersatzteileinbau durch eine&hellip; <a class=\"more-link\" href=\"https:\/\/occasions-teile.ch\/fr\/produkt\/vw-passat-fahrersitz\/\">Poursuivre la lecture <span class=\"screen-reader-text\">VW Passat  Fahrersitz<\/span><\/a><\/p>\n","protected":false},"featured_media":333789,"template":"","meta":[],"product_brand":[],"product_cat":[24181,1538,1819,1818,804,810,807,1536,1299,1301,1303,1820,1534,1283,1286,1280,24206,24204,24205],"product_tag":[],"class_list":{"0":"post-333792","1":"product","2":"type-product","3":"status-publish","4":"has-post-thumbnail","6":"product_cat-de-1-8tsi","7":"product_cat-fr-autres","8":"product_cat-en-drivers-seat","9":"product_cat-de-fahrersitz","10":"product_cat-de-innenraum","11":"product_cat-fr-interieur","12":"product_cat-en-interior","13":"product_cat-en-other-en-interior","14":"product_cat-de_passat","15":"product_cat-en_passat","16":"product_cat-fr_passat","17":"product_cat-fr-siege-du-conducteur","18":"product_cat-de-sonstiges-de-innenraum","19":"product_cat-en_volkswagen","20":"product_cat-fr_volkswagen","21":"product_cat-de_volkswagen","22":"product_cat-fr-wvwzzz3cz9e073053-200000397","23":"product_cat-de-wvwzzz3cz9e073053-200000397","24":"product_cat-en-wvwzzz3cz9e073053-200000397","25":"product_shipping_class-tarif-4","26":"entry","28":"first","29":"instock","30":"taxable","31":"shipping-taxable","32":"purchasable","33":"product-type-simple"},"jetpack_sharing_enabled":true,"_links":{"self":[{"href":"https:\/\/occasions-teile.ch\/fr\/wp-json\/wp\/v2\/product\/333792","targetHints":{"allow":["GET"]}}],"collection":[{"href":"https:\/\/occasions-teile.ch\/fr\/wp-json\/wp\/v2\/product"}],"about":[{"href":"https:\/\/occasions-teile.ch\/fr\/wp-json\/wp\/v2\/types\/product"}],"wp:featuredmedia":[{"embeddable":true,"href":"https:\/\/occasions-teile.ch\/fr\/wp-json\/wp\/v2\/media\/333789"}],"wp:attachment":[{"href":"https:\/\/occasions-teile.ch\/fr\/wp-json\/wp\/v2\/media?parent=333792"}],"wp:term":[{"taxonomy":"product_brand","embeddable":true,"href":"https:\/\/occasions-teile.ch\/fr\/wp-json\/wp\/v2\/product_brand?post=333792"},{"taxonomy":"product_cat","embeddable":true,"href":"https:\/\/occasions-teile.ch\/fr\/wp-json\/wp\/v2\/product_cat?post=333792"},{"taxonomy":"product_tag","embeddable":true,"href":"https:\/\/occasions-teile.ch\/fr\/wp-json\/wp\/v2\/product_tag?post=333792"}],"curies":[{"name":"wp","href":"https:\/\/api.w.org\/{rel}","templated":true}]}}