{"id":333604,"date":"2024-11-07T16:41:08","date_gmt":"2024-11-07T16:41:08","guid":{"rendered":"https:\/\/occasions-teile.ch\/product\/vw-passat-heizungsregulierung-klimabedienteil-6\/"},"modified":"2024-11-07T17:34:05","modified_gmt":"2024-11-07T17:34:05","slug":"vw-passat-heizungsregulierung-klimabedienteil-6","status":"publish","type":"product","link":"https:\/\/occasions-teile.ch\/fr\/produkt\/vw-passat-heizungsregulierung-klimabedienteil-6\/","title":{"rendered":"VW Passat  Heizungsregulierung Klimabedienteil"},"content":{"rendered":"<p><span><b>Technische Daten<\/b><\/p>\n<p> Fahrzeug: VW Passat<br \/>\n Chassis Nr.: WVWZZZ3CZ9E073053<br \/>\n Baujahr: 2009<br \/>\n Kilometer: 223138 KM<br \/>\n Leistung: 160 KW<br \/>\n Hubraum: 1798 ccm<br \/>\n Typ: 1VD506<br \/>\n Farbcode: grau<br \/>\n Hinweise: &#8211;<\/p>\n<p> Versand: Versand nur in der Schweiz m\u00f6glich.Im Ausland ist der Transport k\u00e4uferseits.<br \/>\n Garantie: 3 Monate Garantie. Bitte beachten Sie, dass die Gew\u00e4hrleistung nur g\u00fcltig ist, wenn der Ersatzteileinbau durch eine Fachwerkstatt\/Meisterwerkstatt erfolgt. Das Ein- und Ausbau des Ersatzteiles kann nicht an uns verrechnet werden. <\/p>\n<p> Ersatzteil: f\u00fcr andere Fahrzeugen (Marken) verf\u00fcgbar auf anfrage. Tel.041 980 27 47. Mobil. 076 589 27 47<\/p>\n<p> Kontakt<br \/>\n  Adresse: Autoverwertung Brun AG<br \/>\n           M\u00f6\u00f6slimatten 13<br \/>\n           6218 Ettiswil<br \/>\n  Telefon: 0041 (041) 980 27 47<br \/>\n  Telefax: 0041 (041) 980 03 47<\/p>\n<p> Wir bieten Ihnen weitere gebrauchte Autoteile zum Kauf an.<br \/>\n Tags: Heizungsregulierung Klimabedienteil, Heating regulation,climate control panel , Re\u00b4gulation du chauffage,e\u00b4le\u00b4ment de commande de la climatisation<br \/>\n<\/span><\/p>\n","protected":false},"excerpt":{"rendered":"<p>Technische Daten Fahrzeug: VW Passat Chassis Nr.: WVWZZZ3CZ9E073053 Baujahr: 2009 Kilometer: 223138 KM Leistung: 160 KW Hubraum: 1798 ccm Typ: 1VD506 Farbcode: grau Hinweise: &#8211; Versand: Versand nur in der Schweiz m\u00f6glich.Im Ausland ist der Transport k\u00e4uferseits. Garantie: 3 Monate Garantie. Bitte beachten Sie, dass die Gew\u00e4hrleistung nur g\u00fcltig ist, wenn der Ersatzteileinbau durch eine&hellip; <a class=\"more-link\" href=\"https:\/\/occasions-teile.ch\/fr\/produkt\/vw-passat-heizungsregulierung-klimabedienteil-6\/\">Poursuivre la lecture <span class=\"screen-reader-text\">VW Passat  Heizungsregulierung Klimabedienteil<\/span><\/a><\/p>\n","protected":false},"featured_media":333601,"template":"","meta":[],"product_brand":[],"product_cat":[24181,717,833,834,714,711,832,831,1299,1301,1303,835,836,1286,1280,1283,24204,24205,24206],"product_tag":[],"class_list":{"0":"post-333604","1":"product","2":"type-product","3":"status-publish","4":"has-post-thumbnail","6":"product_cat-de-1-8tsi","7":"product_cat-fr-chauffage-climatisation","8":"product_cat-en-heating-regulationclimate-control-panel","9":"product_cat-en-heating-regulationclimate-control-panel-en-heating-regulationclimate-control-panel","10":"product_cat-en-heating-air-conditioning","11":"product_cat-de-heizung-klima","12":"product_cat-de-heizungsregulierung-klimabedienteil","13":"product_cat-de-heizungsregulierungklimabedienteil","14":"product_cat-de_passat","15":"product_cat-en_passat","16":"product_cat-fr_passat","17":"product_cat-fr-regulation-du-chauffageelement-de-commande-de-la-climatisation","18":"product_cat-fr-regulation-du-chauffageelement-de-commande-de-la-climatisation-fr-regulation-du-chauffageelement-de-commande-de-la-climatisation","19":"product_cat-fr_volkswagen","20":"product_cat-de_volkswagen","21":"product_cat-en_volkswagen","22":"product_cat-de-wvwzzz3cz9e073053-200000397","23":"product_cat-en-wvwzzz3cz9e073053-200000397","24":"product_cat-fr-wvwzzz3cz9e073053-200000397","25":"product_shipping_class-tarif-1","26":"entry","28":"first","29":"instock","30":"taxable","31":"shipping-taxable","32":"purchasable","33":"product-type-simple"},"jetpack_sharing_enabled":true,"_links":{"self":[{"href":"https:\/\/occasions-teile.ch\/fr\/wp-json\/wp\/v2\/product\/333604","targetHints":{"allow":["GET"]}}],"collection":[{"href":"https:\/\/occasions-teile.ch\/fr\/wp-json\/wp\/v2\/product"}],"about":[{"href":"https:\/\/occasions-teile.ch\/fr\/wp-json\/wp\/v2\/types\/product"}],"wp:featuredmedia":[{"embeddable":true,"href":"https:\/\/occasions-teile.ch\/fr\/wp-json\/wp\/v2\/media\/333601"}],"wp:attachment":[{"href":"https:\/\/occasions-teile.ch\/fr\/wp-json\/wp\/v2\/media?parent=333604"}],"wp:term":[{"taxonomy":"product_brand","embeddable":true,"href":"https:\/\/occasions-teile.ch\/fr\/wp-json\/wp\/v2\/product_brand?post=333604"},{"taxonomy":"product_cat","embeddable":true,"href":"https:\/\/occasions-teile.ch\/fr\/wp-json\/wp\/v2\/product_cat?post=333604"},{"taxonomy":"product_tag","embeddable":true,"href":"https:\/\/occasions-teile.ch\/fr\/wp-json\/wp\/v2\/product_tag?post=333604"}],"curies":[{"name":"wp","href":"https:\/\/api.w.org\/{rel}","templated":true}]}}