{"id":333477,"date":"2024-11-06T15:51:05","date_gmt":"2024-11-06T15:51:05","guid":{"rendered":"https:\/\/occasions-teile.ch\/product\/vw-tiguan-antriebswelle-vorn-links-2\/"},"modified":"2024-11-06T16:32:55","modified_gmt":"2024-11-06T16:32:55","slug":"vw-tiguan-antriebswelle-vorn-links-2","status":"publish","type":"product","link":"https:\/\/occasions-teile.ch\/fr\/produkt\/vw-tiguan-antriebswelle-vorn-links-2\/","title":{"rendered":"VW Tiguan  Antriebswelle vorn links"},"content":{"rendered":"<p><span><b>Technische Daten<\/b><\/p>\n<p> Fahrzeug: VW Tiguan<br \/>\n Chassis Nr.: WVGZZZ5NZEW509544<br \/>\n Baujahr: 2013<br \/>\n Kilometer: 111292 KM<br \/>\n Leistung: 160 KW<br \/>\n Hubraum: 1390 ccm<br \/>\n Typ: 1VE610<br \/>\n Farbcode: blau<br \/>\n Hinweise: &#8211;<\/p>\n<p> Versand: Versand nur in der Schweiz m\u00f6glich.Im Ausland ist der Transport k\u00e4uferseits.<br \/>\n Garantie: 3 Monate Garantie. Bitte beachten Sie, dass die Gew\u00e4hrleistung nur g\u00fcltig ist, wenn der Ersatzteileinbau durch eine Fachwerkstatt\/Meisterwerkstatt erfolgt. Das Ein- und Ausbau des Ersatzteiles kann nicht an uns verrechnet werden. <\/p>\n<p> Ersatzteil: f\u00fcr andere Fahrzeugen (Marken) verf\u00fcgbar auf anfrage. Tel.041 980 27 47. Mobil. 076 589 27 47<\/p>\n<p> Kontakt<br \/>\n  Adresse: Autoverwertung Brun AG<br \/>\n           M\u00f6\u00f6slimatten 13<br \/>\n           6218 Ettiswil<br \/>\n  Telefon: 0041 (041) 980 27 47<br \/>\n  Telefax: 0041 (041) 980 03 47<\/p>\n<p> Wir bieten Ihnen weitere gebrauchte Autoteile zum Kauf an.<br \/>\n Tags: Antriebswelle vorn links, Drive shaft front left , Arbre d&rsquo;entrai^nement avant gauche<br \/>\n<\/span><\/p>\n","protected":false},"excerpt":{"rendered":"<p>Technische Daten Fahrzeug: VW Tiguan Chassis Nr.: WVGZZZ5NZEW509544 Baujahr: 2013 Kilometer: 111292 KM Leistung: 160 KW Hubraum: 1390 ccm Typ: 1VE610 Farbcode: blau Hinweise: &#8211; Versand: Versand nur in der Schweiz m\u00f6glich.Im Ausland ist der Transport k\u00e4uferseits. Garantie: 3 Monate Garantie. Bitte beachten Sie, dass die Gew\u00e4hrleistung nur g\u00fcltig ist, wenn der Ersatzteileinbau durch eine&hellip; <a class=\"more-link\" href=\"https:\/\/occasions-teile.ch\/fr\/produkt\/vw-tiguan-antriebswelle-vorn-links-2\/\">Poursuivre la lecture <span class=\"screen-reader-text\">VW Tiguan  Antriebswelle vorn links<\/span><\/a><\/p>\n","protected":false},"featured_media":333474,"template":"","meta":[],"product_brand":[],"product_cat":[24190,784,783,788,787,786,785,651,648,1671,1667,1669,654,1280,1283,1286,24187,24188,24189],"product_tag":[],"class_list":{"0":"post-333477","1":"product","2":"type-product","3":"status-publish","4":"has-post-thumbnail","6":"product_cat-de-1-4-tsi-de_tiguan","7":"product_cat-de-antriebswelle-vorn-links","8":"product_cat-de-antriebswellen","9":"product_cat-fr-arbre-dentrainement-avant-gauche","10":"product_cat-fr-arbres-de-transmission","11":"product_cat-en-drive-shaft-front-left","12":"product_cat-en-drive-shafts","13":"product_cat-en-gearbox-drive","14":"product_cat-de-getriebe-antrieb","15":"product_cat-fr_tiguan","16":"product_cat-de_tiguan","17":"product_cat-en_tiguan","18":"product_cat-fr-transmission-entrainement","19":"product_cat-de_volkswagen","20":"product_cat-en_volkswagen","21":"product_cat-fr_volkswagen","22":"product_cat-de-wvgzzz5nzew509544-200000395","23":"product_cat-en-wvgzzz5nzew509544-200000395","24":"product_cat-fr-wvgzzz5nzew509544-200000395","25":"product_shipping_class-tarif-2","26":"entry","28":"first","29":"instock","30":"taxable","31":"shipping-taxable","32":"purchasable","33":"product-type-simple"},"jetpack_sharing_enabled":true,"_links":{"self":[{"href":"https:\/\/occasions-teile.ch\/fr\/wp-json\/wp\/v2\/product\/333477","targetHints":{"allow":["GET"]}}],"collection":[{"href":"https:\/\/occasions-teile.ch\/fr\/wp-json\/wp\/v2\/product"}],"about":[{"href":"https:\/\/occasions-teile.ch\/fr\/wp-json\/wp\/v2\/types\/product"}],"wp:featuredmedia":[{"embeddable":true,"href":"https:\/\/occasions-teile.ch\/fr\/wp-json\/wp\/v2\/media\/333474"}],"wp:attachment":[{"href":"https:\/\/occasions-teile.ch\/fr\/wp-json\/wp\/v2\/media?parent=333477"}],"wp:term":[{"taxonomy":"product_brand","embeddable":true,"href":"https:\/\/occasions-teile.ch\/fr\/wp-json\/wp\/v2\/product_brand?post=333477"},{"taxonomy":"product_cat","embeddable":true,"href":"https:\/\/occasions-teile.ch\/fr\/wp-json\/wp\/v2\/product_cat?post=333477"},{"taxonomy":"product_tag","embeddable":true,"href":"https:\/\/occasions-teile.ch\/fr\/wp-json\/wp\/v2\/product_tag?post=333477"}],"curies":[{"name":"wp","href":"https:\/\/api.w.org\/{rel}","templated":true}]}}