{"id":331738,"date":"2024-10-21T10:46:22","date_gmt":"2024-10-21T10:46:22","guid":{"rendered":"https:\/\/occasions-teile.ch\/product\/audi-a4-agr-ventil-reglerklappe-2\/"},"modified":"2024-10-21T11:46:19","modified_gmt":"2024-10-21T11:46:19","slug":"audi-a4-agr-ventil-reglerklappe-2","status":"publish","type":"product","link":"https:\/\/occasions-teile.ch\/fr\/produkt\/audi-a4-agr-ventil-reglerklappe-2\/","title":{"rendered":"Audi A4  AGR-Ventil, Reglerklappe"},"content":{"rendered":"<p><span><b>Technische Daten<\/b><\/p>\n<p> Fahrzeug: Audi A4<br \/>\n Chassis Nr.: WAUZZZF46GA019925<br \/>\n Baujahr: 2016<br \/>\n Kilometer: 135986 KM<br \/>\n Leistung: 150 KW<br \/>\n Hubraum: 1968 ccm<br \/>\n Typ: 1XN164<br \/>\n Farbcode: White\/Weiss<br \/>\n Hinweise: &#8211;<\/p>\n<p> Versand: Versand nur in der Schweiz m\u00f6glich.Im Ausland ist der Transport k\u00e4uferseits.<br \/>\n Garantie: 3 Monate Garantie. Bitte beachten Sie, dass die Gew\u00e4hrleistung nur g\u00fcltig ist, wenn der Ersatzteileinbau durch eine Fachwerkstatt\/Meisterwerkstatt erfolgt. Das Ein- und Ausbau des Ersatzteiles kann nicht an uns verrechnet werden. <\/p>\n<p> Ersatzteil: f\u00fcr andere Fahrzeugen (Marken) verf\u00fcgbar auf anfrage. Tel.041 980 27 47. Mobil. 076 589 27 47<\/p>\n<p> Kontakt<br \/>\n  Adresse: Autoverwertung Brun AG<br \/>\n           M\u00f6\u00f6slimatten 13<br \/>\n           6218 Ettiswil<br \/>\n  Telefon: 0041 (041) 980 27 47<br \/>\n  Telefax: 0041 (041) 980 03 47<\/p>\n<p> Wir bieten Ihnen weitere gebrauchte Autoteile zum Kauf an.<br \/>\n Tags: AGR-Ventil, Reglerklappe, EGR valve,regulator flap, Soupape EGR, Clapet de re\u00b4gulateur<br \/>\n<\/span><\/p>\n","protected":false},"excerpt":{"rendered":"<p>Technische Daten Fahrzeug: Audi A4 Chassis Nr.: WAUZZZF46GA019925 Baujahr: 2016 Kilometer: 135986 KM Leistung: 150 KW Hubraum: 1968 ccm Typ: 1XN164 Farbcode: White\/Weiss Hinweise: &#8211; Versand: Versand nur in der Schweiz m\u00f6glich.Im Ausland ist der Transport k\u00e4uferseits. Garantie: 3 Monate Garantie. Bitte beachten Sie, dass die Gew\u00e4hrleistung nur g\u00fcltig ist, wenn der Ersatzteileinbau durch eine&hellip; <a class=\"more-link\" href=\"https:\/\/occasions-teile.ch\/fr\/produkt\/audi-a4-agr-ventil-reglerklappe-2\/\">Poursuivre la lecture <span class=\"screen-reader-text\">Audi A4  AGR-Ventil, Reglerklappe<\/span><\/a><\/p>\n","protected":false},"featured_media":331735,"template":"","meta":[],"product_brand":[],"product_cat":[465,459,462,597,1484,1429,464,458,461,23762,1485,1431,600,1486,1433,603,2381,2382,2383],"product_tag":[],"class_list":{"0":"post-331738","1":"product","2":"type-product","3":"status-publish","4":"has-post-thumbnail","6":"product_cat-fr_a4","7":"product_cat-de_a4","8":"product_cat-en_a4","9":"product_cat-de-abgasanlage","10":"product_cat-de-agr-ventil-reglerklappe","11":"product_cat-de-agr-ventilreglerklappe","12":"product_cat-fr_audi","13":"product_cat-de_audi","14":"product_cat-en_audi","15":"product_cat-de-b9-2-0tdi-de_a4-de_audi-manufacturer-37","16":"product_cat-en-egr-valveregulator-flap-en-egr-valveregulator-flap","17":"product_cat-en-egr-valveregulator-flap","18":"product_cat-en-exhaust-system","19":"product_cat-fr-soupape-egr-clapet-de-regulateur","20":"product_cat-fr-soupape-egrclapet-de-regulateur","21":"product_cat-fr-systeme-dechappement","22":"product_cat-de-wauzzzf46ga019925-20000206","23":"product_cat-en-wauzzzf46ga019925-20000206","24":"product_cat-fr-wauzzzf46ga019925-20000206","25":"product_shipping_class-tarif-1","26":"entry","28":"first","29":"instock","30":"taxable","31":"shipping-taxable","32":"purchasable","33":"product-type-simple"},"jetpack_sharing_enabled":true,"_links":{"self":[{"href":"https:\/\/occasions-teile.ch\/fr\/wp-json\/wp\/v2\/product\/331738","targetHints":{"allow":["GET"]}}],"collection":[{"href":"https:\/\/occasions-teile.ch\/fr\/wp-json\/wp\/v2\/product"}],"about":[{"href":"https:\/\/occasions-teile.ch\/fr\/wp-json\/wp\/v2\/types\/product"}],"wp:featuredmedia":[{"embeddable":true,"href":"https:\/\/occasions-teile.ch\/fr\/wp-json\/wp\/v2\/media\/331735"}],"wp:attachment":[{"href":"https:\/\/occasions-teile.ch\/fr\/wp-json\/wp\/v2\/media?parent=331738"}],"wp:term":[{"taxonomy":"product_brand","embeddable":true,"href":"https:\/\/occasions-teile.ch\/fr\/wp-json\/wp\/v2\/product_brand?post=331738"},{"taxonomy":"product_cat","embeddable":true,"href":"https:\/\/occasions-teile.ch\/fr\/wp-json\/wp\/v2\/product_cat?post=331738"},{"taxonomy":"product_tag","embeddable":true,"href":"https:\/\/occasions-teile.ch\/fr\/wp-json\/wp\/v2\/product_tag?post=331738"}],"curies":[{"name":"wp","href":"https:\/\/api.w.org\/{rel}","templated":true}]}}