{"id":331311,"date":"2024-10-15T14:17:59","date_gmt":"2024-10-15T14:17:59","guid":{"rendered":"https:\/\/occasions-teile.ch\/product\/bmw-3-serien-316-alufelgen-3\/"},"modified":"2024-10-15T15:17:14","modified_gmt":"2024-10-15T15:17:14","slug":"bmw-3-serien-316-alufelgen-3","status":"publish","type":"product","link":"https:\/\/occasions-teile.ch\/fr\/produkt\/bmw-3-serien-316-alufelgen-3\/","title":{"rendered":"BMW 3-serien 316 Alufelgen"},"content":{"rendered":"<p><span><b>Technische Daten<\/b><\/p>\n<p> Fahrzeug: BMW 3-serien 316<br \/>\n Chassis Nr.: WBA3K91090F912551<br \/>\n Baujahr: 2014<br \/>\n Kilometer: 135000 KM<br \/>\n Leistung: 116 KW<br \/>\n Hubraum: 1995 ccm<br \/>\n Typ: 1bd874<br \/>\n Farbcode: &#8211;<br \/>\n Hinweise: 7&#215;16 IS31<br \/>\nGebrauchspuren Kratzer vorhanden!!!!<\/p>\n<p> Versand: Versand nur in der Schweiz m\u00f6glich.Im Ausland ist der Transport k\u00e4uferseits.<br \/>\n Garantie: 3 Monate Garantie. Bitte beachten Sie, dass die Gew\u00e4hrleistung nur g\u00fcltig ist, wenn der Ersatzteileinbau durch eine Fachwerkstatt\/Meisterwerkstatt erfolgt. Das Ein- und Ausbau des Ersatzteiles kann nicht an uns verrechnet werden. <\/p>\n<p> Ersatzteil: f\u00fcr andere Fahrzeugen (Marken) verf\u00fcgbar auf anfrage. Tel.041 980 27 47. Mobil. 076 589 27 47<\/p>\n<p> Kontakt<br \/>\n  Adresse: Autoverwertung Brun AG<br \/>\n           M\u00f6\u00f6slimatten 13<br \/>\n           6218 Ettiswil<br \/>\n  Telefon: 0041 (041) 980 27 47<br \/>\n  Telefax: 0041 (041) 980 03 47<\/p>\n<p> Wir bieten Ihnen weitere gebrauchte Autoteile zum Kauf an.<br \/>\n Tags: Alufelgen, Aluminum rims, Jantes en aluminium<br \/>\n<\/span><\/p>\n","protected":false},"excerpt":{"rendered":"<p>Technische Daten Fahrzeug: BMW 3-serien 316 Chassis Nr.: WBA3K91090F912551 Baujahr: 2014 Kilometer: 135000 KM Leistung: 116 KW Hubraum: 1995 ccm Typ: 1bd874 Farbcode: &#8211; Hinweise: 7&#215;16 IS31 Gebrauchspuren Kratzer vorhanden!!!! Versand: Versand nur in der Schweiz m\u00f6glich.Im Ausland ist der Transport k\u00e4uferseits. Garantie: 3 Monate Garantie. Bitte beachten Sie, dass die Gew\u00e4hrleistung nur g\u00fcltig ist,&hellip; <a class=\"more-link\" href=\"https:\/\/occasions-teile.ch\/fr\/produkt\/bmw-3-serien-316-alufelgen-3\/\">Poursuivre la lecture <span class=\"screen-reader-text\">BMW 3-serien 316 Alufelgen<\/span><\/a><\/p>\n","protected":false},"featured_media":331308,"template":"","meta":[],"product_brand":[],"product_cat":[1844,1844,1844,1787,1515,1515,1515,23795,1786,1786,1787,556,556,1787,1786,1843,1843,1843,556],"product_tag":[],"class_list":{"0":"post-331311","1":"product","2":"type-product","3":"status-publish","4":"has-post-thumbnail","6":"product_cat-fr_3-serien-316","9":"product_cat-fr-jeu-de-jantes-fr-jeu-de-jantes","10":"product_cat-fr_bmw","13":"product_cat-de-f31-d-de_3-serien-316-de_bmw-manufacturer-31","14":"product_cat-fr-jeu-de-jantes","17":"product_cat-fr-roues-pneus-jantes","21":"product_cat-fr-wba3k91090f912551","25":"product_shipping_class-tarif-2-fr","26":"entry","28":"first","29":"instock","30":"taxable","31":"shipping-taxable","32":"purchasable","33":"product-type-simple"},"jetpack_sharing_enabled":true,"_links":{"self":[{"href":"https:\/\/occasions-teile.ch\/fr\/wp-json\/wp\/v2\/product\/331311","targetHints":{"allow":["GET"]}}],"collection":[{"href":"https:\/\/occasions-teile.ch\/fr\/wp-json\/wp\/v2\/product"}],"about":[{"href":"https:\/\/occasions-teile.ch\/fr\/wp-json\/wp\/v2\/types\/product"}],"wp:featuredmedia":[{"embeddable":true,"href":"https:\/\/occasions-teile.ch\/fr\/wp-json\/wp\/v2\/media\/331308"}],"wp:attachment":[{"href":"https:\/\/occasions-teile.ch\/fr\/wp-json\/wp\/v2\/media?parent=331311"}],"wp:term":[{"taxonomy":"product_brand","embeddable":true,"href":"https:\/\/occasions-teile.ch\/fr\/wp-json\/wp\/v2\/product_brand?post=331311"},{"taxonomy":"product_cat","embeddable":true,"href":"https:\/\/occasions-teile.ch\/fr\/wp-json\/wp\/v2\/product_cat?post=331311"},{"taxonomy":"product_tag","embeddable":true,"href":"https:\/\/occasions-teile.ch\/fr\/wp-json\/wp\/v2\/product_tag?post=331311"}],"curies":[{"name":"wp","href":"https:\/\/api.w.org\/{rel}","templated":true}]}}