{"id":329467,"date":"2024-10-08T15:57:40","date_gmt":"2024-10-08T15:57:40","guid":{"rendered":"https:\/\/occasions-teile.ch\/?post_type=product&#038;p=329467"},"modified":"2024-10-23T20:48:16","modified_gmt":"2024-10-23T20:48:16","slug":"toyota-prius-steuergeraet-ecu","status":"publish","type":"product","link":"https:\/\/occasions-teile.ch\/fr\/produkt\/toyota-prius-steuergeraet-ecu\/","title":{"rendered":"Toyota Prius  Steuerger\u00e4t (ECU)"},"content":{"rendered":"<p><span><b>Technische Daten<\/b><\/p>\n<p> Fahrzeug: Toyota Prius<br \/>\n Chassis Nr.: JTDKB20U503265013<br \/>\n Baujahr: 2007<br \/>\n Kilometer: 198217 KM<br \/>\n Leistung: 112 KW<br \/>\n Hubraum: 1497 ccm<br \/>\n Typ: 1TA287<br \/>\n Farbcode: dunkelgrau<br \/>\n Hinweise: &#8211;<\/p>\n<p> Versand: Versand nur in der Schweiz m\u00f6glich.Im Ausland ist der Transport k\u00e4uferseits.<br \/>\n Garantie: 3 Monate Garantie. Bitte beachten Sie, dass die Gew\u00e4hrleistung nur g\u00fcltig ist, wenn der Ersatzteileinbau durch eine Fachwerkstatt\/Meisterwerkstatt erfolgt. Das Ein- und Ausbau des Ersatzteiles kann nicht an uns verrechnet werden. <\/p>\n<p> Ersatzteil: f\u00fcr andere Fahrzeugen (Marken) verf\u00fcgbar auf anfrage. Tel.041 980 27 47. Mobil. 076 589 27 47<\/p>\n<p> Kontakt<br \/>\n  Adresse: Autoverwertung Brun AG<br \/>\n           M\u00f6\u00f6slimatten 13<br \/>\n           6218 Ettiswil<br \/>\n  Telefon: 0041 (041) 980 27 47<br \/>\n  Telefax: 0041 (041) 980 03 47<\/p>\n<p> Wir bieten Ihnen weitere gebrauchte Autoteile zum Kauf an.<br \/>\n Tags: Steuerger\u00e4t (ECU), Control unitsforengine (ECU) , Unite\u00b4 de contro^le pour moteur  (ECU)<br \/>\n<\/span><\/p>\n","protected":false},"excerpt":{"rendered":"<p>Technische Daten Fahrzeug: Toyota Prius Chassis Nr.: JTDKB20U503265013 Baujahr: 2007 Kilometer: 198217 KM Leistung: 112 KW Hubraum: 1497 ccm Typ: 1TA287 Farbcode: dunkelgrau Hinweise: &#8211; Versand: Versand nur in der Schweiz m\u00f6glich.Im Ausland ist der Transport k\u00e4uferseits. Garantie: 3 Monate Garantie. Bitte beachten Sie, dass die Gew\u00e4hrleistung nur g\u00fcltig ist, wenn der Ersatzteileinbau durch eine&hellip; <a class=\"more-link\" href=\"https:\/\/occasions-teile.ch\/fr\/produkt\/toyota-prius-steuergeraet-ecu\/\">Poursuivre la lecture <span class=\"screen-reader-text\">Toyota Prius  Steuerger\u00e4t (ECU)<\/span><\/a><\/p>\n","protected":false},"featured_media":329468,"template":"","meta":[],"product_brand":[],"product_cat":[856,854,937,627,624,621,24141,24142,24143,5362,5360,5361,936,852,1332,1335,1329,938],"product_tag":[],"class_list":{"0":"post-329467","1":"product","2":"type-product","3":"status-publish","4":"has-post-thumbnail","6":"product_cat-fr-appareils-de-commande","7":"product_cat-en-control-units","8":"product_cat-en-control-unitsforengine-ecu","9":"product_cat-fr-electricite-dispositifs-de-commande","10":"product_cat-en-electrics-control-units","11":"product_cat-de-elektrik-steuergeraete","12":"product_cat-de-jtdkb20u503265013-200000387","13":"product_cat-en-jtdkb20u503265013-200000387","14":"product_cat-fr-jtdkb20u503265013-200000387","15":"product_cat-fr_slug_toyota_prius_771","16":"product_cat-de_slug_toyota_prius_839","17":"product_cat-en_slug_toyota_prius_376","18":"product_cat-de-steuergeraet-ecu","19":"product_cat-de-steuergeraete","20":"product_cat-en_toyota","21":"product_cat-fr_toyota","22":"product_cat-de_toyota","23":"product_cat-fr-unite-de-controle-pour-moteur-ecu","24":"product_shipping_class-tarif-1","25":"entry","27":"first","28":"instock","29":"taxable","30":"shipping-taxable","31":"purchasable","32":"product-type-simple"},"jetpack_sharing_enabled":true,"_links":{"self":[{"href":"https:\/\/occasions-teile.ch\/fr\/wp-json\/wp\/v2\/product\/329467","targetHints":{"allow":["GET"]}}],"collection":[{"href":"https:\/\/occasions-teile.ch\/fr\/wp-json\/wp\/v2\/product"}],"about":[{"href":"https:\/\/occasions-teile.ch\/fr\/wp-json\/wp\/v2\/types\/product"}],"wp:featuredmedia":[{"embeddable":true,"href":"https:\/\/occasions-teile.ch\/fr\/wp-json\/wp\/v2\/media\/329468"}],"wp:attachment":[{"href":"https:\/\/occasions-teile.ch\/fr\/wp-json\/wp\/v2\/media?parent=329467"}],"wp:term":[{"taxonomy":"product_brand","embeddable":true,"href":"https:\/\/occasions-teile.ch\/fr\/wp-json\/wp\/v2\/product_brand?post=329467"},{"taxonomy":"product_cat","embeddable":true,"href":"https:\/\/occasions-teile.ch\/fr\/wp-json\/wp\/v2\/product_cat?post=329467"},{"taxonomy":"product_tag","embeddable":true,"href":"https:\/\/occasions-teile.ch\/fr\/wp-json\/wp\/v2\/product_tag?post=329467"}],"curies":[{"name":"wp","href":"https:\/\/api.w.org\/{rel}","templated":true}]}}