{"id":327463,"date":"2024-09-17T14:47:03","date_gmt":"2024-09-17T14:47:03","guid":{"rendered":"https:\/\/occasions-teile.ch\/product\/vw-touran-schloss-heckklappe-3\/"},"modified":"2024-09-17T15:10:13","modified_gmt":"2024-09-17T15:10:13","slug":"vw-touran-schloss-heckklappe-3","status":"publish","type":"product","link":"https:\/\/occasions-teile.ch\/fr\/produkt\/vw-touran-schloss-heckklappe-3\/","title":{"rendered":"VW Touran  Schloss Heckklappe"},"content":{"rendered":"<p><span><b>Technische Daten<\/b><\/p>\n<p> Fahrzeug: VW Touran<br \/>\n Chassis Nr.: WVGZZZ1TZ9W038759<br \/>\n Baujahr: 2010<br \/>\n Kilometer: 163923 KM<br \/>\n Leistung: 170 KW<br \/>\n Hubraum: 1390 ccm<br \/>\n Typ: 1VD464<br \/>\n Farbcode: silber<br \/>\n Hinweise: &#8211;<\/p>\n<p> Versand: Versand nur in der Schweiz m\u00f6glich.Im Ausland ist der Transport k\u00e4uferseits.<br \/>\n Garantie: 3 Monate Garantie. Bitte beachten Sie, dass die Gew\u00e4hrleistung nur g\u00fcltig ist, wenn der Ersatzteileinbau durch eine Fachwerkstatt\/Meisterwerkstatt erfolgt. Das Ein- und Ausbau des Ersatzteiles kann nicht an uns verrechnet werden. <\/p>\n<p> Ersatzteil: f\u00fcr andere Fahrzeugen (Marken) verf\u00fcgbar auf anfrage. Tel.041 980 27 47. Mobil. 076 589 27 47<\/p>\n<p> Kontakt<br \/>\n  Adresse: Autoverwertung Brun AG<br \/>\n           M\u00f6\u00f6slimatten 13<br \/>\n           6218 Ettiswil<br \/>\n  Telefon: 0041 (041) 980 27 47<br \/>\n  Telefax: 0041 (041) 980 03 47<\/p>\n<p> Wir bieten Ihnen weitere gebrauchte Autoteile zum Kauf an.<br \/>\n Tags: Schloss Heckklappe, Lock Tailgate , Serrure du hayon<br \/>\n<\/span><\/p>\n","protected":false},"excerpt":{"rendered":"<p>Technische Daten Fahrzeug: VW Touran Chassis Nr.: WVGZZZ1TZ9W038759 Baujahr: 2010 Kilometer: 163923 KM Leistung: 170 KW Hubraum: 1390 ccm Typ: 1VD464 Farbcode: silber Hinweise: &#8211; Versand: Versand nur in der Schweiz m\u00f6glich.Im Ausland ist der Transport k\u00e4uferseits. Garantie: 3 Monate Garantie. Bitte beachten Sie, dass die Gew\u00e4hrleistung nur g\u00fcltig ist, wenn der Ersatzteileinbau durch eine&hellip; <a class=\"more-link\" href=\"https:\/\/occasions-teile.ch\/fr\/produkt\/vw-touran-schloss-heckklappe-3\/\">Poursuivre la lecture <span class=\"screen-reader-text\">VW Touran  Schloss Heckklappe<\/span><\/a><\/p>\n","protected":false},"featured_media":327460,"template":"","meta":[],"product_brand":[],"product_cat":[23696,687,521,688,2172,1280,24018],"product_tag":[],"class_list":{"0":"post-327463","1":"product","2":"type-product","3":"status-publish","4":"has-post-thumbnail","6":"product_cat-de-1-4tsi-de_touran-de_volkswagen-manufacturer-5","7":"product_cat-de-heckklappeteile","8":"product_cat-de-karosserie-heck","9":"product_cat-de-schloss-heckklappe","10":"product_cat-de_touran","11":"product_cat-de_volkswagen","12":"product_cat-de-wvgzzz1tz9w038759-200000356","13":"product_shipping_class-tarif-1","14":"entry","16":"first","17":"instock","18":"taxable","19":"shipping-taxable","20":"purchasable","21":"product-type-simple"},"jetpack_sharing_enabled":true,"_links":{"self":[{"href":"https:\/\/occasions-teile.ch\/fr\/wp-json\/wp\/v2\/product\/327463","targetHints":{"allow":["GET"]}}],"collection":[{"href":"https:\/\/occasions-teile.ch\/fr\/wp-json\/wp\/v2\/product"}],"about":[{"href":"https:\/\/occasions-teile.ch\/fr\/wp-json\/wp\/v2\/types\/product"}],"wp:featuredmedia":[{"embeddable":true,"href":"https:\/\/occasions-teile.ch\/fr\/wp-json\/wp\/v2\/media\/327460"}],"wp:attachment":[{"href":"https:\/\/occasions-teile.ch\/fr\/wp-json\/wp\/v2\/media?parent=327463"}],"wp:term":[{"taxonomy":"product_brand","embeddable":true,"href":"https:\/\/occasions-teile.ch\/fr\/wp-json\/wp\/v2\/product_brand?post=327463"},{"taxonomy":"product_cat","embeddable":true,"href":"https:\/\/occasions-teile.ch\/fr\/wp-json\/wp\/v2\/product_cat?post=327463"},{"taxonomy":"product_tag","embeddable":true,"href":"https:\/\/occasions-teile.ch\/fr\/wp-json\/wp\/v2\/product_tag?post=327463"}],"curies":[{"name":"wp","href":"https:\/\/api.w.org\/{rel}","templated":true}]}}