{"id":326795,"date":"2024-09-11T07:59:26","date_gmt":"2024-09-11T07:59:26","guid":{"rendered":"https:\/\/occasions-teile.ch\/product\/jaguar-e-pace-antriebswelle-vorn-links\/"},"modified":"2024-09-11T08:11:15","modified_gmt":"2024-09-11T08:11:15","slug":"jaguar-e-pace-antriebswelle-vorn-links","status":"publish","type":"product","link":"https:\/\/occasions-teile.ch\/fr\/produkt\/jaguar-e-pace-antriebswelle-vorn-links\/","title":{"rendered":"Jaguar E-Pace  Antriebswelle vorn links"},"content":{"rendered":"<p><span><b>Technische Daten<\/b><\/p>\n<p> Fahrzeug: Jaguar E-Pace<br \/>\n Chassis Nr.: SADFA2BX9J1Z08220<br \/>\n Baujahr: 2018<br \/>\n Kilometer: 87294 KM<br \/>\n Leistung: 249 KW<br \/>\n Hubraum: 1997 ccm<br \/>\n Typ: 1JA401<br \/>\n Farbcode: Schwarz<br \/>\n Hinweise: &#8211;<\/p>\n<p> Versand: Versand nur in der Schweiz m\u00f6glich.Im Ausland ist der Transport k\u00e4uferseits.<br \/>\n Garantie: 3 Monate Garantie. Bitte beachten Sie, dass die Gew\u00e4hrleistung nur g\u00fcltig ist, wenn der Ersatzteileinbau durch eine Fachwerkstatt\/Meisterwerkstatt erfolgt. Das Ein- und Ausbau des Ersatzteiles kann nicht an uns verrechnet werden. <\/p>\n<p> Ersatzteil: f\u00fcr andere Fahrzeugen (Marken) verf\u00fcgbar auf anfrage. Tel.041 980 27 47. Mobil. 076 589 27 47<\/p>\n<p> Kontakt<br \/>\n  Adresse: Autoverwertung Brun AG<br \/>\n           M\u00f6\u00f6slimatten 13<br \/>\n           6218 Ettiswil<br \/>\n  Telefon: 0041 (041) 980 27 47<br \/>\n  Telefax: 0041 (041) 980 03 47<\/p>\n<p> Wir bieten Ihnen weitere gebrauchte Autoteile zum Kauf an.<br \/>\n Tags: Antriebswelle vorn links, Drive shaft front left , Arbre d&rsquo;entrai^nement avant gauche<br \/>\n<\/span><\/p>\n","protected":false},"excerpt":{"rendered":"<p>Technische Daten Fahrzeug: Jaguar E-Pace Chassis Nr.: SADFA2BX9J1Z08220 Baujahr: 2018 Kilometer: 87294 KM Leistung: 249 KW Hubraum: 1997 ccm Typ: 1JA401 Farbcode: Schwarz Hinweise: &#8211; Versand: Versand nur in der Schweiz m\u00f6glich.Im Ausland ist der Transport k\u00e4uferseits. Garantie: 3 Monate Garantie. Bitte beachten Sie, dass die Gew\u00e4hrleistung nur g\u00fcltig ist, wenn der Ersatzteileinbau durch eine&hellip; <a class=\"more-link\" href=\"https:\/\/occasions-teile.ch\/fr\/produkt\/jaguar-e-pace-antriebswelle-vorn-links\/\">Poursuivre la lecture <span class=\"screen-reader-text\">Jaguar E-Pace  Antriebswelle vorn links<\/span><\/a><\/p>\n","protected":false},"featured_media":326792,"template":"","meta":[],"product_brand":[],"product_cat":[24107,784,783,788,787,786,785,24104,24106,24102,651,648,3031,3029,3030,24105,24101,24103,654],"product_tag":[],"class_list":{"0":"post-326795","1":"product","2":"type-product","3":"status-publish","4":"has-post-thumbnail","6":"product_cat-de-2-0-p250","7":"product_cat-de-antriebswelle-vorn-links","8":"product_cat-de-antriebswellen","9":"product_cat-fr-arbre-dentrainement-avant-gauche","10":"product_cat-fr-arbres-de-transmission","11":"product_cat-en-drive-shaft-front-left","12":"product_cat-en-drive-shafts","13":"product_cat-en_slug_jaguar_e-pace_468","14":"product_cat-fr_slug_jaguar_e-pace_932","15":"product_cat-de_slug_jaguar_e-pace_289","16":"product_cat-en-gearbox-drive","17":"product_cat-de-getriebe-antrieb","18":"product_cat-fr_jaguar","19":"product_cat-de_jaguar","20":"product_cat-en_jaguar","21":"product_cat-fr-sadfa2bx9j1z08220-200000376","22":"product_cat-de-sadfa2bx9j1z08220-200000376","23":"product_cat-en-sadfa2bx9j1z08220-200000376","24":"product_cat-fr-transmission-entrainement","25":"product_shipping_class-tarif-2","26":"entry","28":"first","29":"instock","30":"taxable","31":"shipping-taxable","32":"purchasable","33":"product-type-simple"},"jetpack_sharing_enabled":true,"_links":{"self":[{"href":"https:\/\/occasions-teile.ch\/fr\/wp-json\/wp\/v2\/product\/326795","targetHints":{"allow":["GET"]}}],"collection":[{"href":"https:\/\/occasions-teile.ch\/fr\/wp-json\/wp\/v2\/product"}],"about":[{"href":"https:\/\/occasions-teile.ch\/fr\/wp-json\/wp\/v2\/types\/product"}],"wp:featuredmedia":[{"embeddable":true,"href":"https:\/\/occasions-teile.ch\/fr\/wp-json\/wp\/v2\/media\/326792"}],"wp:attachment":[{"href":"https:\/\/occasions-teile.ch\/fr\/wp-json\/wp\/v2\/media?parent=326795"}],"wp:term":[{"taxonomy":"product_brand","embeddable":true,"href":"https:\/\/occasions-teile.ch\/fr\/wp-json\/wp\/v2\/product_brand?post=326795"},{"taxonomy":"product_cat","embeddable":true,"href":"https:\/\/occasions-teile.ch\/fr\/wp-json\/wp\/v2\/product_cat?post=326795"},{"taxonomy":"product_tag","embeddable":true,"href":"https:\/\/occasions-teile.ch\/fr\/wp-json\/wp\/v2\/product_tag?post=326795"}],"curies":[{"name":"wp","href":"https:\/\/api.w.org\/{rel}","templated":true}]}}