{"id":326504,"date":"2024-09-06T12:26:13","date_gmt":"2024-09-06T12:26:13","guid":{"rendered":"https:\/\/occasions-teile.ch\/product\/jaguar-e-pace-ausgleichsbehaelter\/"},"modified":"2024-09-06T13:06:05","modified_gmt":"2024-09-06T13:06:05","slug":"jaguar-e-pace-ausgleichsbehaelter","status":"publish","type":"product","link":"https:\/\/occasions-teile.ch\/fr\/produkt\/jaguar-e-pace-ausgleichsbehaelter\/","title":{"rendered":"Jaguar E-Pace  Ausgleichsbeh\u00e4lter"},"content":{"rendered":"<p><span><b>Technische Daten<\/b><\/p>\n<p> Fahrzeug: Jaguar E-Pace<br \/>\n Chassis Nr.: SADFA2BX9J1Z08220<br \/>\n Baujahr: 2018<br \/>\n Kilometer: 87294 KM<br \/>\n Leistung: 249 KW<br \/>\n Hubraum: 1997 ccm<br \/>\n Typ: 1JA401<br \/>\n Farbcode: Schwarz<br \/>\n Hinweise: &#8211;<\/p>\n<p> Versand: Versand nur in der Schweiz m\u00f6glich.Im Ausland ist der Transport k\u00e4uferseits.<br \/>\n Garantie: 3 Monate Garantie. Bitte beachten Sie, dass die Gew\u00e4hrleistung nur g\u00fcltig ist, wenn der Ersatzteileinbau durch eine Fachwerkstatt\/Meisterwerkstatt erfolgt. Das Ein- und Ausbau des Ersatzteiles kann nicht an uns verrechnet werden. <\/p>\n<p> Ersatzteil: f\u00fcr andere Fahrzeugen (Marken) verf\u00fcgbar auf anfrage. Tel.041 980 27 47. Mobil. 076 589 27 47<\/p>\n<p> Kontakt<br \/>\n  Adresse: Autoverwertung Brun AG<br \/>\n           M\u00f6\u00f6slimatten 13<br \/>\n           6218 Ettiswil<br \/>\n  Telefon: 0041 (041) 980 27 47<br \/>\n  Telefax: 0041 (041) 980 03 47<\/p>\n<p> Wir bieten Ihnen weitere gebrauchte Autoteile zum Kauf an.<br \/>\n Tags: Ausgleichsbeh\u00e4lter, Equalizing tank, Re\u00b4servoir de compensation<br \/>\n<\/span><\/p>\n","protected":false},"excerpt":{"rendered":"<p>Technische Daten Fahrzeug: Jaguar E-Pace Chassis Nr.: SADFA2BX9J1Z08220 Baujahr: 2018 Kilometer: 87294 KM Leistung: 249 KW Hubraum: 1997 ccm Typ: 1JA401 Farbcode: Schwarz Hinweise: &#8211; Versand: Versand nur in der Schweiz m\u00f6glich.Im Ausland ist der Transport k\u00e4uferseits. Garantie: 3 Monate Garantie. Bitte beachten Sie, dass die Gew\u00e4hrleistung nur g\u00fcltig ist, wenn der Ersatzteileinbau durch eine&hellip; <a class=\"more-link\" href=\"https:\/\/occasions-teile.ch\/fr\/produkt\/jaguar-e-pace-ausgleichsbehaelter\/\">Poursuivre la lecture <span class=\"screen-reader-text\">Jaguar E-Pace  Ausgleichsbeh\u00e4lter<\/span><\/a><\/p>\n","protected":false},"featured_media":326501,"template":"","meta":[],"product_brand":[],"product_cat":[24107,1000,1001,24104,24106,24102,1002,3029,3030,3031,999,500,494,497,1004,1003,24103,24105,24101],"product_tag":[],"class_list":{"0":"post-326504","1":"product","2":"type-product","3":"status-publish","4":"has-post-thumbnail","6":"product_cat-de-2-0-p250","7":"product_cat-de-ausgleichsbehaelter","8":"product_cat-en-coolingmotor","9":"product_cat-en_slug_jaguar_e-pace_468","10":"product_cat-fr_slug_jaguar_e-pace_932","11":"product_cat-de_slug_jaguar_e-pace_289","12":"product_cat-en-equalizing-tank","13":"product_cat-de_jaguar","14":"product_cat-en_jaguar","15":"product_cat-fr_jaguar","16":"product_cat-de-kuehlungmotor","17":"product_cat-fr-moteur","18":"product_cat-de-motor","19":"product_cat-en-motor","20":"product_cat-fr-reservoir-de-compensation","21":"product_cat-fr-refroidissement-moteur","22":"product_cat-en-sadfa2bx9j1z08220-200000376","23":"product_cat-fr-sadfa2bx9j1z08220-200000376","24":"product_cat-de-sadfa2bx9j1z08220-200000376","25":"product_shipping_class-tarif-1","26":"entry","28":"first","29":"instock","30":"taxable","31":"shipping-taxable","32":"purchasable","33":"product-type-simple"},"jetpack_sharing_enabled":true,"_links":{"self":[{"href":"https:\/\/occasions-teile.ch\/fr\/wp-json\/wp\/v2\/product\/326504","targetHints":{"allow":["GET"]}}],"collection":[{"href":"https:\/\/occasions-teile.ch\/fr\/wp-json\/wp\/v2\/product"}],"about":[{"href":"https:\/\/occasions-teile.ch\/fr\/wp-json\/wp\/v2\/types\/product"}],"wp:featuredmedia":[{"embeddable":true,"href":"https:\/\/occasions-teile.ch\/fr\/wp-json\/wp\/v2\/media\/326501"}],"wp:attachment":[{"href":"https:\/\/occasions-teile.ch\/fr\/wp-json\/wp\/v2\/media?parent=326504"}],"wp:term":[{"taxonomy":"product_brand","embeddable":true,"href":"https:\/\/occasions-teile.ch\/fr\/wp-json\/wp\/v2\/product_brand?post=326504"},{"taxonomy":"product_cat","embeddable":true,"href":"https:\/\/occasions-teile.ch\/fr\/wp-json\/wp\/v2\/product_cat?post=326504"},{"taxonomy":"product_tag","embeddable":true,"href":"https:\/\/occasions-teile.ch\/fr\/wp-json\/wp\/v2\/product_tag?post=326504"}],"curies":[{"name":"wp","href":"https:\/\/api.w.org\/{rel}","templated":true}]}}