{"id":326402,"date":"2024-09-05T15:15:44","date_gmt":"2024-09-05T15:15:44","guid":{"rendered":"https:\/\/occasions-teile.ch\/product\/jaguar-e-pace-scheinwerfer-links\/"},"modified":"2024-11-28T11:07:02","modified_gmt":"2024-11-28T11:07:02","slug":"jaguar-e-pace-scheinwerfer-links","status":"publish","type":"product","link":"https:\/\/occasions-teile.ch\/fr\/produkt\/jaguar-e-pace-scheinwerfer-links\/","title":{"rendered":"Jaguar E-Pace  Scheinwerfer links"},"content":{"rendered":"<p><b>Technische Daten<\/b><\/p>\n<p>Fahrzeug: Jaguar E-Pace<br \/>\nChassis Nr.: SADFA2BX9J1Z08220<br \/>\nBaujahr: 2018<br \/>\nKilometer: 87294 KM<br \/>\nLeistung: 249 KW<br \/>\nHubraum: 1997 ccm<br \/>\nTyp: 1JA401<br \/>\nFarbcode: Schwarz<br \/>\nHinweise: &#8211;<\/p>\n<p>Versand: Versand nur in der Schweiz m\u00f6glich.Im Ausland ist der Transport k\u00e4uferseits.<br \/>\nGarantie: 3 Monate Garantie. Bitte beachten Sie, dass die Gew\u00e4hrleistung nur g\u00fcltig ist, wenn der Ersatzteileinbau durch eine Fachwerkstatt\/Meisterwerkstatt erfolgt. Das Ein- und Ausbau des Ersatzteiles kann nicht an uns verrechnet werden.<\/p>\n<p>Ersatzteil: f\u00fcr andere Fahrzeugen (Marken) verf\u00fcgbar auf anfrage. Tel.041 980 27 47. Mobil. 076 589 27 47<\/p>\n<p>Kontakt<br \/>\nAdresse: Autoverwertung Brun AG<br \/>\nM\u00f6\u00f6slimatten 13<br \/>\n6218 Ettiswil<br \/>\nTelefon: 0041 (041) 980 27 47<br \/>\nTelefax: 0041 (041) 980 03 47<\/p>\n<p>Wir bieten Ihnen weitere gebrauchte Autoteile zum Kauf an.<br \/>\nTags: Scheinwerfer links, Headlight links, Phare gauche<\/p>\n","protected":false},"excerpt":{"rendered":"<p>Technische Daten Fahrzeug: Jaguar E-Pace Chassis Nr.: SADFA2BX9J1Z08220 Baujahr: 2018 Kilometer: 87294 KM Leistung: 249 KW Hubraum: 1997 ccm Typ: 1JA401 Farbcode: Schwarz Hinweise: &#8211; Versand: Versand nur in der Schweiz m\u00f6glich.Im Ausland ist der Transport k\u00e4uferseits. Garantie: 3 Monate Garantie. Bitte beachten Sie, dass die Gew\u00e4hrleistung nur g\u00fcltig ist, wenn der Ersatzteileinbau durch eine&hellip; <a class=\"more-link\" href=\"https:\/\/occasions-teile.ch\/fr\/produkt\/jaguar-e-pace-scheinwerfer-links\/\">Poursuivre la lecture <span class=\"screen-reader-text\">Jaguar E-Pace  Scheinwerfer links<\/span><\/a><\/p>\n","protected":false},"featured_media":326399,"template":"","meta":[],"product_brand":[],"product_cat":[24107,24102,3029,512,24101,1130,1131],"product_tag":[],"class_list":{"0":"post-326402","1":"product","2":"type-product","3":"status-publish","4":"has-post-thumbnail","6":"product_cat-de-2-0-p250","7":"product_cat-de_slug_jaguar_e-pace_289","8":"product_cat-de_jaguar","9":"product_cat-de-karosserie-front","10":"product_cat-de-sadfa2bx9j1z08220-200000376","11":"product_cat-de-scheinwerfer-de-karosserie-front","12":"product_cat-de-scheinwerfer-links","13":"product_shipping_class-tarif-1","14":"entry","16":"first","17":"instock","18":"taxable","19":"shipping-taxable","20":"purchasable","21":"product-type-simple"},"jetpack_sharing_enabled":true,"_links":{"self":[{"href":"https:\/\/occasions-teile.ch\/fr\/wp-json\/wp\/v2\/product\/326402","targetHints":{"allow":["GET"]}}],"collection":[{"href":"https:\/\/occasions-teile.ch\/fr\/wp-json\/wp\/v2\/product"}],"about":[{"href":"https:\/\/occasions-teile.ch\/fr\/wp-json\/wp\/v2\/types\/product"}],"wp:featuredmedia":[{"embeddable":true,"href":"https:\/\/occasions-teile.ch\/fr\/wp-json\/wp\/v2\/media\/326399"}],"wp:attachment":[{"href":"https:\/\/occasions-teile.ch\/fr\/wp-json\/wp\/v2\/media?parent=326402"}],"wp:term":[{"taxonomy":"product_brand","embeddable":true,"href":"https:\/\/occasions-teile.ch\/fr\/wp-json\/wp\/v2\/product_brand?post=326402"},{"taxonomy":"product_cat","embeddable":true,"href":"https:\/\/occasions-teile.ch\/fr\/wp-json\/wp\/v2\/product_cat?post=326402"},{"taxonomy":"product_tag","embeddable":true,"href":"https:\/\/occasions-teile.ch\/fr\/wp-json\/wp\/v2\/product_tag?post=326402"}],"curies":[{"name":"wp","href":"https:\/\/api.w.org\/{rel}","templated":true}]}}