{"id":326212,"date":"2024-09-04T06:14:33","date_gmt":"2024-09-04T06:14:33","guid":{"rendered":"https:\/\/occasions-teile.ch\/product\/mazda-cx-30-auflage-kofferraumabdeckung\/"},"modified":"2024-09-04T07:06:54","modified_gmt":"2024-09-04T07:06:54","slug":"mazda-cx-30-auflage-kofferraumabdeckung","status":"publish","type":"product","link":"https:\/\/occasions-teile.ch\/fr\/produkt\/mazda-cx-30-auflage-kofferraumabdeckung\/","title":{"rendered":"Mazda CX-30  Auflage Kofferraumabdeckung"},"content":{"rendered":"<p><span><b>Technische Daten<\/b><\/p>\n<p> Fahrzeug: Mazda CX-30<br \/>\n Chassis Nr.: JMZDM6WH200405943<br \/>\n Baujahr: 2023<br \/>\n Kilometer: 3525 KM<br \/>\n Leistung: 186 KW<br \/>\n Hubraum: 1998 ccm<br \/>\n Typ: 1MB780<br \/>\n Farbcode: rot<br \/>\n Hinweise: &#8211;<\/p>\n<p> Versand: Versand nur in der Schweiz m\u00f6glich.Im Ausland ist der Transport k\u00e4uferseits.<br \/>\n Garantie: 3 Monate Garantie. Bitte beachten Sie, dass die Gew\u00e4hrleistung nur g\u00fcltig ist, wenn der Ersatzteileinbau durch eine Fachwerkstatt\/Meisterwerkstatt erfolgt. Das Ein- und Ausbau des Ersatzteiles kann nicht an uns verrechnet werden. <\/p>\n<p> Ersatzteil: f\u00fcr andere Fahrzeugen (Marken) verf\u00fcgbar auf anfrage. Tel.041 980 27 47. Mobil. 076 589 27 47<\/p>\n<p> Kontakt<br \/>\n  Adresse: Autoverwertung Brun AG<br \/>\n           M\u00f6\u00f6slimatten 13<br \/>\n           6218 Ettiswil<br \/>\n  Telefon: 0041 (041) 980 27 47<br \/>\n  Telefax: 0041 (041) 980 03 47<\/p>\n<p> Wir bieten Ihnen weitere gebrauchte Autoteile zum Kauf an.<br \/>\n Tags: Auflage Kofferraumabdeckung, Overlay trunk cover, Support Couverture de coffre<br \/>\n<\/span><\/p>\n","protected":false},"excerpt":{"rendered":"<p>Technische Daten Fahrzeug: Mazda CX-30 Chassis Nr.: JMZDM6WH200405943 Baujahr: 2023 Kilometer: 3525 KM Leistung: 186 KW Hubraum: 1998 ccm Typ: 1MB780 Farbcode: rot Hinweise: &#8211; Versand: Versand nur in der Schweiz m\u00f6glich.Im Ausland ist der Transport k\u00e4uferseits. Garantie: 3 Monate Garantie. Bitte beachten Sie, dass die Gew\u00e4hrleistung nur g\u00fcltig ist, wenn der Ersatzteileinbau durch eine&hellip; <a class=\"more-link\" href=\"https:\/\/occasions-teile.ch\/fr\/produkt\/mazda-cx-30-auflage-kofferraumabdeckung\/\">Poursuivre la lecture <span class=\"screen-reader-text\">Mazda CX-30  Auflage Kofferraumabdeckung<\/span><\/a><\/p>\n","protected":false},"featured_media":326209,"template":"","meta":[],"product_brand":[],"product_cat":[922,24097,925,804,810,807,24095,24091,24093,1311,1314,1308,24094,24096,24092,924,926,923,921],"product_tag":[],"class_list":{"0":"post-326212","1":"product","2":"type-product","3":"status-publish","4":"has-post-thumbnail","6":"product_cat-de-auflage-kofferraumabdeckung","7":"product_cat-de-e-skyactiv-x-m-hybrid","8":"product_cat-fr-habillage-couverture-du-coffre","9":"product_cat-de-innenraum","10":"product_cat-fr-interieur","11":"product_cat-en-interior","12":"product_cat-fr-jmzdm6wh200405943-200000374","13":"product_cat-de-jmzdm6wh200405943-200000374","14":"product_cat-en-jmzdm6wh200405943-200000374","15":"product_cat-en_mazda","16":"product_cat-fr_mazda","17":"product_cat-de_mazda","18":"product_cat-en_slug_mazda_mazda-cx-30_593","19":"product_cat-fr_slug_mazda_mazda-cx-30_61","20":"product_cat-de_slug_mazda_mazda-cx-30_516","21":"product_cat-en-overlay-trunk-cover","22":"product_cat-fr-support-couverture-de-coffre","23":"product_cat-en-trimcovertrunk","24":"product_cat-de-verkleidungabdeckungkofferraum","25":"product_shipping_class-tarif-2","26":"entry","28":"first","29":"instock","30":"taxable","31":"shipping-taxable","32":"purchasable","33":"product-type-simple"},"jetpack_sharing_enabled":true,"_links":{"self":[{"href":"https:\/\/occasions-teile.ch\/fr\/wp-json\/wp\/v2\/product\/326212","targetHints":{"allow":["GET"]}}],"collection":[{"href":"https:\/\/occasions-teile.ch\/fr\/wp-json\/wp\/v2\/product"}],"about":[{"href":"https:\/\/occasions-teile.ch\/fr\/wp-json\/wp\/v2\/types\/product"}],"wp:featuredmedia":[{"embeddable":true,"href":"https:\/\/occasions-teile.ch\/fr\/wp-json\/wp\/v2\/media\/326209"}],"wp:attachment":[{"href":"https:\/\/occasions-teile.ch\/fr\/wp-json\/wp\/v2\/media?parent=326212"}],"wp:term":[{"taxonomy":"product_brand","embeddable":true,"href":"https:\/\/occasions-teile.ch\/fr\/wp-json\/wp\/v2\/product_brand?post=326212"},{"taxonomy":"product_cat","embeddable":true,"href":"https:\/\/occasions-teile.ch\/fr\/wp-json\/wp\/v2\/product_cat?post=326212"},{"taxonomy":"product_tag","embeddable":true,"href":"https:\/\/occasions-teile.ch\/fr\/wp-json\/wp\/v2\/product_tag?post=326212"}],"curies":[{"name":"wp","href":"https:\/\/api.w.org\/{rel}","templated":true}]}}