{"id":326077,"date":"2024-09-03T12:25:09","date_gmt":"2024-09-03T12:25:09","guid":{"rendered":"https:\/\/occasions-teile.ch\/product\/mazda-cx-30-bremszange-bremssattel-hinten-2\/"},"modified":"2024-09-03T13:15:19","modified_gmt":"2024-09-03T13:15:19","slug":"mazda-cx-30-bremszange-bremssattel-hinten-2","status":"publish","type":"product","link":"https:\/\/occasions-teile.ch\/fr\/produkt\/mazda-cx-30-bremszange-bremssattel-hinten-2\/","title":{"rendered":"Mazda CX-30  Bremszange Bremssattel hinten"},"content":{"rendered":"<p><span><b>Technische Daten<\/b><\/p>\n<p> Fahrzeug: Mazda CX-30<br \/>\n Chassis Nr.: JMZDM6WH200405943<br \/>\n Baujahr: 2023<br \/>\n Kilometer: 3525 KM<br \/>\n Leistung: 186 KW<br \/>\n Hubraum: 1998 ccm<br \/>\n Typ: 1MB780<br \/>\n Farbcode: rot<br \/>\n Hinweise: &#8211;<\/p>\n<p> Versand: Versand nur in der Schweiz m\u00f6glich.Im Ausland ist der Transport k\u00e4uferseits.<br \/>\n Garantie: 3 Monate Garantie. Bitte beachten Sie, dass die Gew\u00e4hrleistung nur g\u00fcltig ist, wenn der Ersatzteileinbau durch eine Fachwerkstatt\/Meisterwerkstatt erfolgt. Das Ein- und Ausbau des Ersatzteiles kann nicht an uns verrechnet werden. <\/p>\n<p> Ersatzteil: f\u00fcr andere Fahrzeugen (Marken) verf\u00fcgbar auf anfrage. Tel.041 980 27 47. Mobil. 076 589 27 47<\/p>\n<p> Kontakt<br \/>\n  Adresse: Autoverwertung Brun AG<br \/>\n           M\u00f6\u00f6slimatten 13<br \/>\n           6218 Ettiswil<br \/>\n  Telefon: 0041 (041) 980 27 47<br \/>\n  Telefax: 0041 (041) 980 03 47<\/p>\n<p> Wir bieten Ihnen weitere gebrauchte Autoteile zum Kauf an.<br \/>\n Tags: Bremszange Bremssattel hinten, Rear brake caliper, E\u00b4trier de frein arrie`re<br \/>\n<\/span><\/p>\n","protected":false},"excerpt":{"rendered":"<p>Technische Daten Fahrzeug: Mazda CX-30 Chassis Nr.: JMZDM6WH200405943 Baujahr: 2023 Kilometer: 3525 KM Leistung: 186 KW Hubraum: 1998 ccm Typ: 1MB780 Farbcode: rot Hinweise: &#8211; Versand: Versand nur in der Schweiz m\u00f6glich.Im Ausland ist der Transport k\u00e4uferseits. Garantie: 3 Monate Garantie. Bitte beachten Sie, dass die Gew\u00e4hrleistung nur g\u00fcltig ist, wenn der Ersatzteileinbau durch eine&hellip; <a class=\"more-link\" href=\"https:\/\/occasions-teile.ch\/fr\/produkt\/mazda-cx-30-bremszange-bremssattel-hinten-2\/\">Poursuivre la lecture <span class=\"screen-reader-text\">Mazda CX-30  Bremszange Bremssattel hinten<\/span><\/a><\/p>\n","protected":false},"featured_media":326074,"template":"","meta":[],"product_brand":[],"product_cat":[779,533,530,777,1086,781,1088,24097,536,24095,24091,24093,1314,1308,1311,24094,24096,24092,1087],"product_tag":[],"class_list":{"0":"post-326077","1":"product","2":"type-product","3":"status-publish","4":"has-post-thumbnail","6":"product_cat-en-brake-calipercarrier","7":"product_cat-en-brake-brake-system","8":"product_cat-de-bremse-bremsanlage","9":"product_cat-de-bremssatteltraeger","10":"product_cat-de-bremszange-bremssattel-hinten","11":"product_cat-fr-etrier-de-frein-support","12":"product_cat-fr-etrier-de-frein-arriere","13":"product_cat-de-e-skyactiv-x-m-hybrid","14":"product_cat-fr-frein-systeme-de-freinage","15":"product_cat-fr-jmzdm6wh200405943-200000374","16":"product_cat-de-jmzdm6wh200405943-200000374","17":"product_cat-en-jmzdm6wh200405943-200000374","18":"product_cat-fr_mazda","19":"product_cat-de_mazda","20":"product_cat-en_mazda","21":"product_cat-en_slug_mazda_mazda-cx-30_593","22":"product_cat-fr_slug_mazda_mazda-cx-30_61","23":"product_cat-de_slug_mazda_mazda-cx-30_516","24":"product_cat-en-rear-brake-caliper","25":"product_shipping_class-tarif-1","26":"entry","28":"first","29":"instock","30":"taxable","31":"shipping-taxable","32":"purchasable","33":"product-type-simple"},"jetpack_sharing_enabled":true,"_links":{"self":[{"href":"https:\/\/occasions-teile.ch\/fr\/wp-json\/wp\/v2\/product\/326077","targetHints":{"allow":["GET"]}}],"collection":[{"href":"https:\/\/occasions-teile.ch\/fr\/wp-json\/wp\/v2\/product"}],"about":[{"href":"https:\/\/occasions-teile.ch\/fr\/wp-json\/wp\/v2\/types\/product"}],"wp:featuredmedia":[{"embeddable":true,"href":"https:\/\/occasions-teile.ch\/fr\/wp-json\/wp\/v2\/media\/326074"}],"wp:attachment":[{"href":"https:\/\/occasions-teile.ch\/fr\/wp-json\/wp\/v2\/media?parent=326077"}],"wp:term":[{"taxonomy":"product_brand","embeddable":true,"href":"https:\/\/occasions-teile.ch\/fr\/wp-json\/wp\/v2\/product_brand?post=326077"},{"taxonomy":"product_cat","embeddable":true,"href":"https:\/\/occasions-teile.ch\/fr\/wp-json\/wp\/v2\/product_cat?post=326077"},{"taxonomy":"product_tag","embeddable":true,"href":"https:\/\/occasions-teile.ch\/fr\/wp-json\/wp\/v2\/product_tag?post=326077"}],"curies":[{"name":"wp","href":"https:\/\/api.w.org\/{rel}","templated":true}]}}