{"id":325805,"date":"2024-09-02T08:43:38","date_gmt":"2024-09-02T08:43:38","guid":{"rendered":"https:\/\/occasions-teile.ch\/product\/mazda-mazda-cx-30-display\/"},"modified":"2024-09-02T09:05:58","modified_gmt":"2024-09-02T09:05:58","slug":"mazda-mazda-cx-30-display","status":"publish","type":"product","link":"https:\/\/occasions-teile.ch\/fr\/produkt\/mazda-mazda-cx-30-display\/","title":{"rendered":"Mazda MAZDA CX-30 Display"},"content":{"rendered":"<p><span><b>Technische Daten<\/b><\/p>\n<p> Fahrzeug: Mazda MAZDA CX-30<br \/>\n Chassis Nr.: JMZDM6WH200405943<br \/>\n Baujahr: 2023<br \/>\n Kilometer: 3525 KM<br \/>\n Leistung: 186 KW<br \/>\n Hubraum: 1998 ccm<br \/>\n Typ: 1MB780<br \/>\n Farbcode: rot<br \/>\n Hinweise: &#8211;<\/p>\n<p> Versand: Versand nur in der Schweiz m\u00f6glich.Im Ausland ist der Transport k\u00e4uferseits.<br \/>\n Garantie: 3 Monate Garantie. Bitte beachten Sie, dass die Gew\u00e4hrleistung nur g\u00fcltig ist, wenn der Ersatzteileinbau durch eine Fachwerkstatt\/Meisterwerkstatt erfolgt. Das Ein- und Ausbau des Ersatzteiles kann nicht an uns verrechnet werden. <\/p>\n<p> Ersatzteil: f\u00fcr andere Fahrzeugen (Marken) verf\u00fcgbar auf anfrage. Tel.041 980 27 47. Mobil. 076 589 27 47<\/p>\n<p> Kontakt<br \/>\n  Adresse: Autoverwertung Brun AG<br \/>\n           M\u00f6\u00f6slimatten 13<br \/>\n           6218 Ettiswil<br \/>\n  Telefon: 0041 (041) 980 27 47<br \/>\n  Telefax: 0041 (041) 980 03 47<\/p>\n<p> Wir bieten Ihnen weitere gebrauchte Autoteile zum Kauf an.<br \/>\n Tags: Display, Display , E\u00b4cran<br \/>\n<\/span><\/p>\n","protected":false},"excerpt":{"rendered":"<p>Technische Daten Fahrzeug: Mazda MAZDA CX-30 Chassis Nr.: JMZDM6WH200405943 Baujahr: 2023 Kilometer: 3525 KM Leistung: 186 KW Hubraum: 1998 ccm Typ: 1MB780 Farbcode: rot Hinweise: &#8211; Versand: Versand nur in der Schweiz m\u00f6glich.Im Ausland ist der Transport k\u00e4uferseits. Garantie: 3 Monate Garantie. Bitte beachten Sie, dass die Gew\u00e4hrleistung nur g\u00fcltig ist, wenn der Ersatzteileinbau durch&hellip; <a class=\"more-link\" href=\"https:\/\/occasions-teile.ch\/fr\/produkt\/mazda-mazda-cx-30-display\/\">Poursuivre la lecture <span class=\"screen-reader-text\">Mazda MAZDA CX-30 Display<\/span><\/a><\/p>\n","protected":false},"featured_media":325802,"template":"","meta":[],"product_brand":[],"product_cat":[828,829,830,627,24097,624,621,24095,24091,24093,1314,1308,1311,24094,24096,24092,824,822,826],"product_tag":[],"class_list":{"0":"post-325805","1":"product","2":"type-product","3":"status-publish","4":"has-post-thumbnail","6":"product_cat-de-display","7":"product_cat-en-display","8":"product_cat-fr-ecran","9":"product_cat-fr-electricite-dispositifs-de-commande","10":"product_cat-de-e-skyactiv-x-m-hybrid","11":"product_cat-en-electrics-control-units","12":"product_cat-de-elektrik-steuergeraete","13":"product_cat-fr-jmzdm6wh200405943-200000374","14":"product_cat-de-jmzdm6wh200405943-200000374","15":"product_cat-en-jmzdm6wh200405943-200000374","16":"product_cat-fr_mazda","17":"product_cat-de_mazda","18":"product_cat-en_mazda","19":"product_cat-en_slug_mazda_mazda-cx-30_593","20":"product_cat-fr_slug_mazda_mazda-cx-30_61","21":"product_cat-de_slug_mazda_mazda-cx-30_516","22":"product_cat-en-speedometerindicators","23":"product_cat-de-tachoanzeigegeraete","24":"product_cat-fr-tachymetreindicateurs","25":"product_shipping_class-tarif-1","26":"entry","28":"first","29":"instock","30":"taxable","31":"shipping-taxable","32":"purchasable","33":"product-type-simple"},"jetpack_sharing_enabled":true,"_links":{"self":[{"href":"https:\/\/occasions-teile.ch\/fr\/wp-json\/wp\/v2\/product\/325805","targetHints":{"allow":["GET"]}}],"collection":[{"href":"https:\/\/occasions-teile.ch\/fr\/wp-json\/wp\/v2\/product"}],"about":[{"href":"https:\/\/occasions-teile.ch\/fr\/wp-json\/wp\/v2\/types\/product"}],"wp:featuredmedia":[{"embeddable":true,"href":"https:\/\/occasions-teile.ch\/fr\/wp-json\/wp\/v2\/media\/325802"}],"wp:attachment":[{"href":"https:\/\/occasions-teile.ch\/fr\/wp-json\/wp\/v2\/media?parent=325805"}],"wp:term":[{"taxonomy":"product_brand","embeddable":true,"href":"https:\/\/occasions-teile.ch\/fr\/wp-json\/wp\/v2\/product_brand?post=325805"},{"taxonomy":"product_cat","embeddable":true,"href":"https:\/\/occasions-teile.ch\/fr\/wp-json\/wp\/v2\/product_cat?post=325805"},{"taxonomy":"product_tag","embeddable":true,"href":"https:\/\/occasions-teile.ch\/fr\/wp-json\/wp\/v2\/product_tag?post=325805"}],"curies":[{"name":"wp","href":"https:\/\/api.w.org\/{rel}","templated":true}]}}