{"id":325684,"date":"2024-08-29T14:09:46","date_gmt":"2024-08-29T14:09:46","guid":{"rendered":"https:\/\/occasions-teile.ch\/product\/citroen-jumper-notrad-reserverad\/"},"modified":"2024-08-29T15:12:50","modified_gmt":"2024-08-29T15:12:50","slug":"citroen-jumper-notrad-reserverad","status":"publish","type":"product","link":"https:\/\/occasions-teile.ch\/fr\/produkt\/citroen-jumper-notrad-reserverad\/","title":{"rendered":"Citroen Jumper  Notrad Reserverad"},"content":{"rendered":"<p><span><b>Technische Daten<\/b><\/p>\n<p> Fahrzeug: Citroen Jumper<br \/>\n Chassis Nr.: VF7YA1MFA12L94490<br \/>\n Baujahr: 2019<br \/>\n Kilometer: 173289 KM<br \/>\n Leistung: 110 KW<br \/>\n Hubraum: 1997 ccm<br \/>\n Typ: 3CC269<br \/>\n Farbcode: blau<br \/>\n Hinweise: &#8211;<\/p>\n<p> Versand: Versand nur in der Schweiz m\u00f6glich.Im Ausland ist der Transport k\u00e4uferseits.<br \/>\n Garantie: 3 Monate Garantie. Bitte beachten Sie, dass die Gew\u00e4hrleistung nur g\u00fcltig ist, wenn der Ersatzteileinbau durch eine Fachwerkstatt\/Meisterwerkstatt erfolgt. Das Ein- und Ausbau des Ersatzteiles kann nicht an uns verrechnet werden. <\/p>\n<p> Ersatzteil: f\u00fcr andere Fahrzeugen (Marken) verf\u00fcgbar auf anfrage. Tel.041 980 27 47. Mobil. 076 589 27 47<\/p>\n<p> Kontakt<br \/>\n  Adresse: Autoverwertung Brun AG<br \/>\n           M\u00f6\u00f6slimatten 13<br \/>\n           6218 Ettiswil<br \/>\n  Telefon: 0041 (041) 980 27 47<br \/>\n  Telefax: 0041 (041) 980 03 47<\/p>\n<p> Wir bieten Ihnen weitere gebrauchte Autoteile zum Kauf an.<br \/>\n Tags: Notrad Reserverad, Emergency wheel\/spare wheel, Roue de secours\/roue de secours<br \/>\n<\/span><\/p>\n","protected":false},"excerpt":{"rendered":"<p>Technische Daten Fahrzeug: Citroen Jumper Chassis Nr.: VF7YA1MFA12L94490 Baujahr: 2019 Kilometer: 173289 KM Leistung: 110 KW Hubraum: 1997 ccm Typ: 3CC269 Farbcode: blau Hinweise: &#8211; Versand: Versand nur in der Schweiz m\u00f6glich.Im Ausland ist der Transport k\u00e4uferseits. Garantie: 3 Monate Garantie. Bitte beachten Sie, dass die Gew\u00e4hrleistung nur g\u00fcltig ist, wenn der Ersatzteileinbau durch eine&hellip; <a class=\"more-link\" href=\"https:\/\/occasions-teile.ch\/fr\/produkt\/citroen-jumper-notrad-reserverad\/\">Poursuivre la lecture <span class=\"screen-reader-text\">Citroen Jumper  Notrad Reserverad<\/span><\/a><\/p>\n","protected":false},"featured_media":325681,"template":"","meta":[],"product_brand":[],"product_cat":[3005,3006,3007,1179,1180,5460,5461,5459,24078,1178,1177,550,1182,1181,556,24077,24075,24076,553],"product_tag":[],"class_list":{"0":"post-325684","1":"product","2":"type-product","3":"status-publish","4":"has-post-thumbnail","6":"product_cat-de_citroen","7":"product_cat-en_citroen","8":"product_cat-fr_citroen","9":"product_cat-en-emergency-wheel-spare-wheel","10":"product_cat-en-emergency-wheel-spare-wheel-en-emergency-wheel-spare-wheel","11":"product_cat-en_slug_citroen_jumper_320","12":"product_cat-fr_slug_citroen_jumper_435","13":"product_cat-de_slug_citroen_jumper_986","14":"product_cat-de-kasten-2-0-bluehdi-110","15":"product_cat-de-notrad-reserverad-de-notrad-reserverad","16":"product_cat-de-notrad-reserverad","17":"product_cat-de-raeder-reifen-felgen","18":"product_cat-fr-roue-de-secours-roue-de-secours-fr-roue-de-secours-roue-de-secours","19":"product_cat-fr-roue-de-secours-roue-de-secours","20":"product_cat-fr-roues-pneus-jantes","21":"product_cat-fr-vf7ya1mfa12l94490-200000371","22":"product_cat-de-vf7ya1mfa12l94490-200000371","23":"product_cat-en-vf7ya1mfa12l94490-200000371","24":"product_cat-en-wheels-tires-rims","25":"product_shipping_class-tarif-1","26":"entry","28":"first","29":"instock","30":"taxable","31":"shipping-taxable","32":"purchasable","33":"product-type-simple"},"jetpack_sharing_enabled":true,"_links":{"self":[{"href":"https:\/\/occasions-teile.ch\/fr\/wp-json\/wp\/v2\/product\/325684","targetHints":{"allow":["GET"]}}],"collection":[{"href":"https:\/\/occasions-teile.ch\/fr\/wp-json\/wp\/v2\/product"}],"about":[{"href":"https:\/\/occasions-teile.ch\/fr\/wp-json\/wp\/v2\/types\/product"}],"wp:featuredmedia":[{"embeddable":true,"href":"https:\/\/occasions-teile.ch\/fr\/wp-json\/wp\/v2\/media\/325681"}],"wp:attachment":[{"href":"https:\/\/occasions-teile.ch\/fr\/wp-json\/wp\/v2\/media?parent=325684"}],"wp:term":[{"taxonomy":"product_brand","embeddable":true,"href":"https:\/\/occasions-teile.ch\/fr\/wp-json\/wp\/v2\/product_brand?post=325684"},{"taxonomy":"product_cat","embeddable":true,"href":"https:\/\/occasions-teile.ch\/fr\/wp-json\/wp\/v2\/product_cat?post=325684"},{"taxonomy":"product_tag","embeddable":true,"href":"https:\/\/occasions-teile.ch\/fr\/wp-json\/wp\/v2\/product_tag?post=325684"}],"curies":[{"name":"wp","href":"https:\/\/api.w.org\/{rel}","templated":true}]}}