{"id":325581,"date":"2024-08-29T09:34:11","date_gmt":"2024-08-29T09:34:11","guid":{"rendered":"https:\/\/occasions-teile.ch\/product\/citroen-jumper-schlaeuche-rohre-ladeluftschlauch\/"},"modified":"2024-08-29T10:17:59","modified_gmt":"2024-08-29T10:17:59","slug":"citroen-jumper-schlaeuche-rohre-ladeluftschlauch","status":"publish","type":"product","link":"https:\/\/occasions-teile.ch\/fr\/produkt\/citroen-jumper-schlaeuche-rohre-ladeluftschlauch\/","title":{"rendered":"Citroen Jumper  Schl\u00e4uche Rohre Ladeluftschlauch"},"content":{"rendered":"<p><span><b>Technische Daten<\/b><\/p>\n<p> Fahrzeug: Citroen Jumper<br \/>\n Chassis Nr.: VF7YA1MFA12L94490<br \/>\n Baujahr: 2019<br \/>\n Kilometer: 173289 KM<br \/>\n Leistung: 110 KW<br \/>\n Hubraum: 1997 ccm<br \/>\n Typ: 3CC269<br \/>\n Farbcode: blau<br \/>\n Hinweise: &#8211;<\/p>\n<p> Versand: Versand nur in der Schweiz m\u00f6glich.Im Ausland ist der Transport k\u00e4uferseits.<br \/>\n Garantie: 3 Monate Garantie. Bitte beachten Sie, dass die Gew\u00e4hrleistung nur g\u00fcltig ist, wenn der Ersatzteileinbau durch eine Fachwerkstatt\/Meisterwerkstatt erfolgt. Das Ein- und Ausbau des Ersatzteiles kann nicht an uns verrechnet werden. <\/p>\n<p> Ersatzteil: f\u00fcr andere Fahrzeugen (Marken) verf\u00fcgbar auf anfrage. Tel.041 980 27 47. Mobil. 076 589 27 47<\/p>\n<p> Kontakt<br \/>\n  Adresse: Autoverwertung Brun AG<br \/>\n           M\u00f6\u00f6slimatten 13<br \/>\n           6218 Ettiswil<br \/>\n  Telefon: 0041 (041) 980 27 47<br \/>\n  Telefax: 0041 (041) 980 03 47<\/p>\n<p> Wir bieten Ihnen weitere gebrauchte Autoteile zum Kauf an.<br \/>\n Tags: Schl\u00e4uche Rohre Ladeluftschlauch , Hoses&amp; Pipes Charge air , Tuyaux &amp; tubes Air de charge<br \/>\n<\/span><\/p>\n","protected":false},"excerpt":{"rendered":"<p>Technische Daten Fahrzeug: Citroen Jumper Chassis Nr.: VF7YA1MFA12L94490 Baujahr: 2019 Kilometer: 173289 KM Leistung: 110 KW Hubraum: 1997 ccm Typ: 3CC269 Farbcode: blau Hinweise: &#8211; Versand: Versand nur in der Schweiz m\u00f6glich.Im Ausland ist der Transport k\u00e4uferseits. Garantie: 3 Monate Garantie. Bitte beachten Sie, dass die Gew\u00e4hrleistung nur g\u00fcltig ist, wenn der Ersatzteileinbau durch eine&hellip; <a class=\"more-link\" href=\"https:\/\/occasions-teile.ch\/fr\/produkt\/citroen-jumper-schlaeuche-rohre-ladeluftschlauch\/\">Poursuivre la lecture <span class=\"screen-reader-text\">Citroen Jumper  Schl\u00e4uche Rohre Ladeluftschlauch<\/span><\/a><\/p>\n","protected":false},"featured_media":325578,"template":"","meta":[],"product_brand":[],"product_cat":[6121,3005,3005,3005,6385,5459,5459,5459,24078,6121,494,494,494,6385,6121,6385,24075,24075,24075],"product_tag":[],"class_list":{"0":"post-325581","1":"product","2":"type-product","3":"status-publish","4":"has-post-thumbnail","6":"product_cat-de-luft-kraftstoffsystem-motor","7":"product_cat-de_citroen","10":"product_cat-de-schlaeuche-rohre-ladeluftschlauch-luft-kraftstoffsystem","11":"product_cat-de_slug_citroen_jumper_986","14":"product_cat-de-kasten-2-0-bluehdi-110","16":"product_cat-de-motor","22":"product_cat-de-vf7ya1mfa12l94490-200000371","25":"product_shipping_class-tarif-1","26":"entry","28":"first","29":"instock","30":"taxable","31":"shipping-taxable","32":"purchasable","33":"product-type-simple"},"jetpack_sharing_enabled":true,"_links":{"self":[{"href":"https:\/\/occasions-teile.ch\/fr\/wp-json\/wp\/v2\/product\/325581","targetHints":{"allow":["GET"]}}],"collection":[{"href":"https:\/\/occasions-teile.ch\/fr\/wp-json\/wp\/v2\/product"}],"about":[{"href":"https:\/\/occasions-teile.ch\/fr\/wp-json\/wp\/v2\/types\/product"}],"wp:featuredmedia":[{"embeddable":true,"href":"https:\/\/occasions-teile.ch\/fr\/wp-json\/wp\/v2\/media\/325578"}],"wp:attachment":[{"href":"https:\/\/occasions-teile.ch\/fr\/wp-json\/wp\/v2\/media?parent=325581"}],"wp:term":[{"taxonomy":"product_brand","embeddable":true,"href":"https:\/\/occasions-teile.ch\/fr\/wp-json\/wp\/v2\/product_brand?post=325581"},{"taxonomy":"product_cat","embeddable":true,"href":"https:\/\/occasions-teile.ch\/fr\/wp-json\/wp\/v2\/product_cat?post=325581"},{"taxonomy":"product_tag","embeddable":true,"href":"https:\/\/occasions-teile.ch\/fr\/wp-json\/wp\/v2\/product_tag?post=325581"}],"curies":[{"name":"wp","href":"https:\/\/api.w.org\/{rel}","templated":true}]}}